{"id":1421,"date":"2021-12-26T13:54:55","date_gmt":"2021-12-26T12:54:55","guid":{"rendered":"https:\/\/www.ganeshadreamstore.centreganesha.com\/store\/?post_type=product&#038;p=1421"},"modified":"2021-12-26T13:54:56","modified_gmt":"2021-12-26T12:54:56","slug":"fleur-de-vie-en-bois","status":"publish","type":"product","link":"https:\/\/ganeshadreamstore.centreganesha.com\/store\/produit\/fleur-de-vie-en-bois\/","title":{"rendered":"Fleur de vie en bois"},"content":{"rendered":"<p><span style=\"font-size: 2em;\">Signification du symbole sacr\u00e9<\/span><\/p>\n<p>La Fleur de vie est une image repr\u00e9sentant le commencement de la vie. Il s\u2019agit d\u2019une repr\u00e9sentation universelle, qui \u00e9voque la base de la vie et de l\u2019univers. Elle symbolise toutes les formes de vie, que ce soit la nature, les min\u00e9raux, les animaux ou les \u00eatres humains.<\/p>\n<p>Cette\u00a0<strong>forme g\u00e9om\u00e9trique sacr\u00e9e<\/strong>\u00a0est connue pour ses nombreux bienfaits, aussi bien sur l\u2019\u00eatre humain que dans son environnement. Elle repr\u00e9sente \u00e9galement la beaut\u00e9 absolue, la\u00a0<strong>perfection divine<\/strong>.<\/p>\n<p>En d\u2019autres mots, elle repr\u00e9sente l\u2019univers et chacun des cercles qui la composent repr\u00e9sente une partie de l\u2019univers.<\/p>\n<h2><span id=\"Origine_de_la_Fleur_de_vie\" class=\"ez-toc-section\"><\/span>Origine de la Fleur de vie<\/h2>\n<p>Ce symbole est utilis\u00e9e depuis plus de 6000 ans, on l\u2019associe aux croyances spirituelles antiques. Dans diff\u00e9rentes cultures \u00e0 travers le temps, on la retrouve comme motif de d\u00e9coration, qui prot\u00e8ge notre environnement par sa puissance spirituelle. Mais elle est \u00e9galement pr\u00e9sente dans de nombreuses cultures pour apporter ses bienfaits \u00e0 l\u2019\u00eatre humain.<\/p>\n<p>Plusieurs repr\u00e9sentations de la Fleur de vie ont \u00e9t\u00e9 retrouv\u00e9es dans le temple d\u2019Osiris, \u00e0 Abydos, en \u00c9gypte. On peut m\u00eame venir admirer un reste de seuil de porte d\u2019entr\u00e9e avec la repr\u00e9sentation du symbole sacr\u00e9 au Mus\u00e9e du Louvre \u00e0 Paris, il est issu du palais du roi Assurbanipal en Assyrie et date de 645 avant J-C.<\/p>\n<h2><span id=\"Symbole_de_la_Fleur_de_vie\" class=\"ez-toc-section\"><\/span>Symbole de la Fleur de vie<\/h2>\n<p>La\u00a0<strong>Fleur de vie<\/strong>\u00a0est une repr\u00e9sentation de la vie elle-m\u00eame \u00e0 travers une\u00a0<strong>forme g\u00e9om\u00e9trique<\/strong>\u00a0parfaite. Sa forme d\u2019origine en\u00a0<strong>rosace<\/strong>\u00a0repr\u00e9sente les embryons de la vie.<\/p>\n<h2><span id=\"Que_cache_la_forme_geometrique_sacree_la_Fleur_de_vie\" class=\"ez-toc-section\"><\/span>Que cache la forme g\u00e9om\u00e9trique sacr\u00e9e la Fleur de vie ?<\/h2>\n<p>La fleur de vie ou encore\u00a0<strong>fleur de vie d\u2019harmonisation\u00a0<\/strong>poss\u00e8de \u00e9galement des repr\u00e9sentations internes de\u00a0<strong>symboles sacr\u00e9s<\/strong>\u00a0comme : l\u2019\u0153uf de la vie, la graine de vie, l\u2019arbre de vie et le fruit de la vie. Tous ces symboles se retrouvent \u00e0 travers la rosace de ce symbole. C\u2019est un symbole sacr\u00e9 qui permet de relier\u00a0<strong>l\u2019<\/strong>esprit<strong>\u00a0cosmique<\/strong>\u00a0(le ciel) \u00e0 l\u2019esprit\u00a0<strong>tellurique<\/strong>\u00a0(la Terre).<\/p>\n<h2><span id=\"Quel_secret_renferme_la_Fleur_de_vie\" class=\"ez-toc-section\"><\/span>Quel secret renferme la Fleur de vie ?<\/h2>\n<p>Elle renferme des\u00a0<strong>vibrations spirituelles<\/strong>\u00a0qui permettent de redynamiser, \u00e9quilibrer et prot\u00e9ger ce qui l\u2019entoure. C\u2019est un pouvoir tr\u00e8s positif qui apporte le bien-\u00eatre et le bonheur pour ceux qui savent comme elle agit.<\/p>\n<h2><span id=\"Comment_se_compose_la_Fleur_de_vie\" class=\"ez-toc-section\"><\/span>Comment se compose la Fleur de vie ?<\/h2>\n<p>La Fleur de Vie est compos\u00e9e de plusieurs figures, chacune symbolisant une repr\u00e9sentation du monde. Parmi ces figures, on trouve\u00a0:<\/p>\n<ul>\n<li>La\u00a0<strong>Graine de Vie<\/strong>, qui est compos\u00e9e des 7 cercles ext\u00e9rieurs, lui-m\u00eame correspondant aux sept jours n\u00e9cessaires pour la cr\u00e9ation du monde dans certaines religions.<\/li>\n<li><strong>L\u2019Oeuf de Vie<\/strong>, qui est repr\u00e9sent\u00e9 par la partie centrale du symbole et qui repr\u00e9sente un embryon cellulaire, dans ses toutes premi\u00e8res heures de formation, symbolisant ainsi toutes les cellules.<\/li>\n<li>Le\u00a0<strong>Fruit de Vie<\/strong>, qui est repr\u00e9sent\u00e9 par 13 cercles prenant la forme d\u2019une \u00e9toile, symbolisant les atomes et les diff\u00e9rentes structures mol\u00e9culaires qui sont \u00e0 la base de la vie.<\/li>\n<li><strong>L\u2019Arbre de Vie<\/strong>, qui repr\u00e9sente en quelque sorte notre arbre g\u00e9n\u00e9alogique. Il est un signe d\u2019unit\u00e9 et d\u2019amour.<\/li>\n<\/ul>\n<p>Toutes ces parties symbolisent et repr\u00e9sentent donc tous les domaines de l\u2019univers. En \u00e9tudiant ce symbole , on parvient \u00e0 un certain degr\u00e9 de spiritualit\u00e9. La fleur de vie repr\u00e9sente aussi une onde de forme qui dispose d\u2019un grand\u00a0<strong>pouvoir vibratoire<\/strong>\u00a0et une forte\u00a0<strong>harmonie \u00e9nerg\u00e9tique<\/strong>.<\/p>\n<p>La Fleur de Vie contient les\u00a0<strong>solides de Platon<\/strong>, c\u2019est-\u00e0-dire cinq\u00a0<strong>formes g\u00e9om\u00e9triques<\/strong>\u00a0qui ont permis de construire l\u2019univers et qui symbolisent les cinq \u00e9l\u00e9ments de la nature, repr\u00e9sent\u00e9s par l\u2019eau (l\u2019icosa\u00e8dre), l\u2019air (l\u2019octa\u00e8dre), le feu (le t\u00e9tra\u00e8dre), la terre (le cube de M\u00e9tatron) et l\u2019esprit (le dod\u00e9ca\u00e8dre).<\/p>\n<h2><span id=\"Combien_de_cercles_composent_la_Fleur_de_vie\" class=\"ez-toc-section\"><\/span>Combien de cercles composent la Fleur de vie ?<\/h2>\n<p>Elle se pr\u00e9sente sous forme de rosace ou mandala, elle poss\u00e8de 19 cercles entiers et 36 demi-cercles. Toutes les parties de la Fleur de vie ont un sens bien pr\u00e9cis.<\/p>\n<h2>Comment utiliser la Fleur de vie ?<\/h2>\n<p>Elle peut \u00eatre utilis\u00e9e comme un talisman, en la portant sur soi en bijou par exemple. Elle peut \u00e9galement \u00eatre un \u00e9l\u00e9ment de d\u00e9coration pour les personnes qui souhaitent purifier leur maison.<\/p>\n<h3><span id=\"Purifier_la_Fleur_de_vie\" class=\"ez-toc-section\"><\/span>Purifier la Fleur de vie<\/h3>\n<p>La Fleur de vie peut vous aider \u00e0\u00a0<strong>purifier des pierres\u00a0<\/strong>par exemple. En elle-m\u00eame, la Fleur de vie ne n\u00e9cessite pas de purification, car elle se r\u00e9g\u00e9n\u00e8re seule.<\/p>\n<h3><span id=\"Recharger_la_Fleur_de_vie\" class=\"ez-toc-section\"><\/span>Recharger la Fleur de vie<\/h3>\n<p>Pour recharger des min\u00e9raux, il vous suffit alors de placer les min\u00e9raux sur la Fleur de vie pendant un certain temps, de pr\u00e9f\u00e9rence au soleil et les pierres vont se r\u00e9g\u00e9n\u00e9rer d\u2019elles-m\u00eames.<\/p>\n<h3><span id=\"Nettoyer_la_Fleur_de_vie\" class=\"ez-toc-section\"><\/span>Nettoyer la Fleur de vie<\/h3>\n<p>En ce qui concerne la Fleur de vie elle-m\u00eame, il n\u2019est pas n\u00e9cessaire de la nettoyer, cette repr\u00e9sentation se r\u00e9g\u00e9n\u00e8re d\u2019elle-m\u00eame. Elle diffuse naturellement son \u00e9nergie purificatrice.<\/p>\n<h3><span id=\"Activer_la_Fleur_de_vie_ou_programmer_la_fleur_de_vie\" class=\"ez-toc-section\"><\/span>Activer la Fleur de vie ou programmer la fleur de vie<\/h3>\n<p>Il est possible d\u2019activer la Fleur de vie lors de\u00a0<strong>s\u00e9ances de m\u00e9ditation<\/strong>\u00a0en se reliant \u00e0 elle. Dans ce cas, vous pouvez utiliser une repr\u00e9sentation sous forme de tableau et m\u00e9diter devant ou en la portant comme un bijou.<\/p>\n<h3><span id=\"Proteger_la_Fleur_de_vie\" class=\"ez-toc-section\"><\/span>Prot\u00e9ger la Fleur de vie<\/h3>\n<p>Vous n\u2019avez pas besoin de prot\u00e9ger la Fleur de vie, car c\u2019est elle qui va vous apporter ses bienfaits et vous prot\u00e9ger.<\/p>\n","protected":false},"excerpt":{"rendered":"<h2 class=\"product-title-text\" data-spm-anchor-id=\"a2g0o.detail.1000016.i19.46a46304nXTImg\">G\u00e9om\u00e9trie sacr\u00e9e : Fleur de Vie<\/h2>\n<h4 class=\"product-title-text\" data-spm-anchor-id=\"a2g0o.detail.1000016.i19.46a46304nXTImg\">Cette fleur de vie en bois et d\u00e9coup\u00e9e au laser vous apportera tous les bienfaits de son onde de forme.<\/h4>\n<ul>\n<li><span data-spm-anchor-id=\"a2g0o.detail.1000023.i0.46a46304nXTImg\">\u00c9paisseur: 5mm\u00a0<\/span><\/li>\n<li>Taille: diam\u00e8tre: 14cm<\/li>\n<\/ul>\n","protected":false},"featured_media":1422,"template":"","meta":{"jetpack_post_was_ever_published":false,"jetpack_publicize_message":"","jetpack_publicize_feature_enabled":true,"jetpack_social_post_already_shared":true,"jetpack_social_options":{"image_generator_settings":{"template":"highway","default_image_id":0,"font":"","enabled":false},"version":2}},"product_brand":[],"product_cat":[24,23],"product_tag":[290,291,216],"class_list":{"0":"post-1421","1":"product","2":"type-product","3":"status-publish","4":"has-post-thumbnail","6":"product_cat-esoterisme-et-magnetisme","7":"product_cat-fen-shui","8":"product_tag-fleur-de-vie","9":"product_tag-onde-de-forme","10":"product_tag-protection","12":"first","13":"instock","14":"shipping-taxable","15":"purchasable","16":"product-type-simple"},"jetpack_publicize_connections":[],"jetpack_sharing_enabled":true,"jetpack_likes_enabled":true,"jetpack-related-posts":[{"id":1423,"url":"https:\/\/ganeshadreamstore.centreganesha.com\/store\/produit\/pendentif-fleur-de-vie\/","url_meta":{"origin":1421,"position":0},"title":"Pendentif Fleur de vie","author":"Centre Ganesha","date":"26 d\u00e9cembre 2021","format":false,"excerpt":"Pendentif\u00a0 fleur de vie\u00a0 en acier inoxydable, taille : 32 mm X 30 mm avec sa cha\u00eene de 45 cm + 5cm 2 mod\u00e8les : couleur or ou argent","rel":"","context":"Article similaire","block_context":{"text":"Article similaire","link":""},"img":{"alt_text":"","src":"https:\/\/i0.wp.com\/ganeshadreamstore.centreganesha.com\/store\/wp-content\/uploads\/2021\/12\/fleur-de-vie-pendentif2.jpg?fit=428%2C403&ssl=1&resize=350%2C200","width":350,"height":200},"classes":[]},{"id":363,"url":"https:\/\/ganeshadreamstore.centreganesha.com\/store\/produit\/collier-arbre-de-vie-en-goutte-deau\/","url_meta":{"origin":1421,"position":1},"title":"Collier Arbre de Vie en goutte d&rsquo;eau","author":"Centre Ganesha","date":"25 d\u00e9cembre 2017","format":false,"excerpt":"Le\u00a0symbole de l'Arbre de Vie\u00a0repr\u00e9sente diff\u00e9rentes qualit\u00e9s et vertus comme la sagesse, la force, la protection, l\u2019\u00e9volution, le renouveau et la r\u00e9demption. De mani\u00e8re unanime, l'arbre de vie est l\u2019arbre qui unit le monde du ciel avec le monde de la terre. L\u2019Arbre de vie est une tr\u00e8s belle id\u00e9e\u2026","rel":"","context":"Article similaire","block_context":{"text":"Article similaire","link":""},"img":{"alt_text":"","src":"https:\/\/i0.wp.com\/ganeshadreamstore.centreganesha.com\/store\/wp-content\/uploads\/2017\/12\/collier-arbre-de-vie-goutte-d-eau.amethyste.jpg?fit=435%2C432&ssl=1&resize=350%2C200","width":350,"height":200},"classes":[]},{"id":390,"url":"https:\/\/ganeshadreamstore.centreganesha.com\/store\/produit\/collier-elephant-et-son-bebe-en-obsidienne\/","url_meta":{"origin":1421,"position":2},"title":"Collier Elephant et son bebe en obsidienne","author":"Centre Ganesha","date":"25 d\u00e9cembre 2017","format":false,"excerpt":"Ce collier de\u00a0m\u00e8re \u00e9l\u00e9phant avec son b\u00e9b\u00e9 en obsidienne noire\u00a0est \u00e0 porter pour la protection. Dans de nombreuses cultures,\u00a0l'\u00e9l\u00e9phant\u00a0est un symbole de force,\u00a0d'inspiration constante, d'honneur, de stabilit\u00e9 et de patience. Dans le bouddhisme,\u00a0l'\u00e9l\u00e9phant\u00a0est v\u00e9n\u00e9r\u00e9 pour ces qualit\u00e9s, et il est souvent repr\u00e9sent\u00e9 avec ou comme Bouddha lorsqu'il atteint l'illumination. Dans\u2026","rel":"","context":"Article similaire","block_context":{"text":"Article similaire","link":""},"img":{"alt_text":"","src":"https:\/\/i0.wp.com\/ganeshadreamstore.centreganesha.com\/store\/wp-content\/uploads\/2017\/12\/collier-elephant-et-bebe2.jpg?fit=620%2C588&ssl=1&resize=350%2C200","width":350,"height":200,"srcset":"https:\/\/i0.wp.com\/ganeshadreamstore.centreganesha.com\/store\/wp-content\/uploads\/2017\/12\/collier-elephant-et-bebe2.jpg?fit=620%2C588&ssl=1&resize=350%2C200 1x, https:\/\/i0.wp.com\/ganeshadreamstore.centreganesha.com\/store\/wp-content\/uploads\/2017\/12\/collier-elephant-et-bebe2.jpg?fit=620%2C588&ssl=1&resize=525%2C300 1.5x"},"classes":[]},{"id":760,"url":"https:\/\/ganeshadreamstore.centreganesha.com\/store\/produit\/collier-pendentif-sacre-shri-yantra-abondance\/","url_meta":{"origin":1421,"position":3},"title":"Collier pendentif sacr\u00e9 Shri Yantra, \u00ab\u00a0Abondance\u00a0\u00bb","author":"Centre Ganesha","date":"7 janvier 2018","format":false,"excerpt":"Collier pendentif sacr\u00e9 Shri Yantra \"Abondance\" Ce symbole sacr\u00e9 est mont\u00e9 sur un verre de tr\u00e8s haute qualit\u00e9. Le Shri Yantra est l'un des Yantras les plus puissants au monde symbolisant la cr\u00e9ation de l'Univers. Am\u00e9liorez votre prosp\u00e9rit\u00e9\u00a0avec la puissance de la g\u00e9om\u00e9trie sacr\u00e9e.","rel":"","context":"Article similaire","block_context":{"text":"Article similaire","link":""},"img":{"alt_text":"","src":"https:\/\/i0.wp.com\/ganeshadreamstore.centreganesha.com\/store\/wp-content\/uploads\/2018\/01\/pendentif-sri-yantra-abondance.jpg?fit=389%2C392&ssl=1&resize=350%2C200","width":350,"height":200},"classes":[]},{"id":830,"url":"https:\/\/ganeshadreamstore.centreganesha.com\/store\/produit\/medaillon-du-sri-yantra\/","url_meta":{"origin":1421,"position":4},"title":"M\u00e9daillon du Sri Yantra","author":"Centre Ganesha","date":"17 janvier 2018","format":false,"excerpt":"Le Shri Yantra est l'un des Yantras les plus puissants au monde symbolisant la cr\u00e9ation de l'Univers. Am\u00e9liorez votre prosp\u00e9rit\u00e9\u00a0avec la puissance de la g\u00e9om\u00e9trie sacr\u00e9e. Pendentif en Orgonite pour hommes et femmes, collier \u00e0 g\u00e9om\u00e9trie sacr\u00e9e, 7 chakras en cristal, \u0153il de tigre.","rel":"","context":"Article similaire","block_context":{"text":"Article similaire","link":""},"img":{"alt_text":"","src":"https:\/\/i0.wp.com\/ganeshadreamstore.centreganesha.com\/store\/wp-content\/uploads\/2018\/01\/medaille-sri-yantra.jpg?fit=744%2C657&ssl=1&resize=350%2C200","width":350,"height":200,"srcset":"https:\/\/i0.wp.com\/ganeshadreamstore.centreganesha.com\/store\/wp-content\/uploads\/2018\/01\/medaille-sri-yantra.jpg?fit=744%2C657&ssl=1&resize=350%2C200 1x, https:\/\/i0.wp.com\/ganeshadreamstore.centreganesha.com\/store\/wp-content\/uploads\/2018\/01\/medaille-sri-yantra.jpg?fit=744%2C657&ssl=1&resize=525%2C300 1.5x, https:\/\/i0.wp.com\/ganeshadreamstore.centreganesha.com\/store\/wp-content\/uploads\/2018\/01\/medaille-sri-yantra.jpg?fit=744%2C657&ssl=1&resize=700%2C400 2x"},"classes":[]},{"id":567,"url":"https:\/\/ganeshadreamstore.centreganesha.com\/store\/produit\/pyramide-en-pierre-semi-precieuse\/","url_meta":{"origin":1421,"position":5},"title":"Pyramide en Pierre Semi-precieuse","author":"Centre Ganesha","date":"25 d\u00e9cembre 2017","format":false,"excerpt":"Centrez-vous et \u00e9quilibrez vos \u00e9nergies gr\u00e2ce\u00a0\u00e0 nos 8\u00a0Pyramides en Pierre Semi-pr\u00e9cieuse\u00a0 que vous pourrez charger en Energie Reiki. Lorsque vous placez une pyramide de pierre naturelle sur votre bureau,\u00a0elle engendre des changements importants dans\u00a0l'ensemble du champs \u00e9nerg\u00e9tique autour de vous. Ce changement de vibration vous permet de\u00a0rester plus concentr\u00e9\u00a0en travaillant\u2026","rel":"","context":"Article similaire","block_context":{"text":"Article similaire","link":""},"img":{"alt_text":"","src":"https:\/\/i0.wp.com\/ganeshadreamstore.centreganesha.com\/store\/wp-content\/uploads\/2017\/12\/pyramide-lapis-lazuli.jpg?fit=1000%2C960&ssl=1&resize=350%2C200","width":350,"height":200,"srcset":"https:\/\/i0.wp.com\/ganeshadreamstore.centreganesha.com\/store\/wp-content\/uploads\/2017\/12\/pyramide-lapis-lazuli.jpg?fit=1000%2C960&ssl=1&resize=350%2C200 1x, https:\/\/i0.wp.com\/ganeshadreamstore.centreganesha.com\/store\/wp-content\/uploads\/2017\/12\/pyramide-lapis-lazuli.jpg?fit=1000%2C960&ssl=1&resize=525%2C300 1.5x, https:\/\/i0.wp.com\/ganeshadreamstore.centreganesha.com\/store\/wp-content\/uploads\/2017\/12\/pyramide-lapis-lazuli.jpg?fit=1000%2C960&ssl=1&resize=700%2C400 2x"},"classes":[]}],"_links":{"self":[{"href":"https:\/\/ganeshadreamstore.centreganesha.com\/store\/wp-json\/wp\/v2\/product\/1421","targetHints":{"allow":["GET"]}}],"collection":[{"href":"https:\/\/ganeshadreamstore.centreganesha.com\/store\/wp-json\/wp\/v2\/product"}],"about":[{"href":"https:\/\/ganeshadreamstore.centreganesha.com\/store\/wp-json\/wp\/v2\/types\/product"}],"wp:featuredmedia":[{"embeddable":true,"href":"https:\/\/ganeshadreamstore.centreganesha.com\/store\/wp-json\/wp\/v2\/media\/1422"}],"wp:attachment":[{"href":"https:\/\/ganeshadreamstore.centreganesha.com\/store\/wp-json\/wp\/v2\/media?parent=1421"}],"wp:term":[{"taxonomy":"product_brand","embeddable":true,"href":"https:\/\/ganeshadreamstore.centreganesha.com\/store\/wp-json\/wp\/v2\/product_brand?post=1421"},{"taxonomy":"product_cat","embeddable":true,"href":"https:\/\/ganeshadreamstore.centreganesha.com\/store\/wp-json\/wp\/v2\/product_cat?post=1421"},{"taxonomy":"product_tag","embeddable":true,"href":"https:\/\/ganeshadreamstore.centreganesha.com\/store\/wp-json\/wp\/v2\/product_tag?post=1421"}],"curies":[{"name":"wp","href":"https:\/\/api.w.org\/{rel}","templated":true}]}}