{"id":1319,"date":"2021-05-27T16:02:30","date_gmt":"2021-05-27T14:02:30","guid":{"rendered":"https:\/\/www.ganeshadreamstore.centreganesha.com\/store\/?post_type=product&#038;p=1319"},"modified":"2021-05-27T16:02:30","modified_gmt":"2021-05-27T14:02:30","slug":"voyage-autour-de-ma-chambre","status":"publish","type":"product","link":"https:\/\/ganeshadreamstore.centreganesha.com\/store\/produit\/voyage-autour-de-ma-chambre\/","title":{"rendered":"Voyage autour de ma chambre"},"content":{"rendered":"","protected":false},"excerpt":{"rendered":"<p>Voyage autour de ma chambre est un r\u00e9cit autobiographique de l&rsquo;\u00e9crivain savoyard Xavier de Maistre \u00e9crit en 1794 et publi\u00e9 par son fr\u00e8re en 1795 \u00e0 son insu. Consid\u00e9r\u00e9 comme le chef-d&rsquo;\u0153uvre de son auteur, c&rsquo;est l&rsquo;histoire d&rsquo;un jeune officier, mis aux arr\u00eats dans la citadelle de Turin, \u00e0 la suite d&rsquo;une affaire de duel.<\/p>\n<p>&nbsp;<\/p>\n<p>Le lire en 2020 ou 2021, en ces temps si obscurs, peut nous amener \u00e0 une m\u00e9ditation int\u00e9ressante sur notre condition actuelle de \u00ab\u00a0confin\u00e9\u00a0\u00bb ou \u00ab\u00a0assign\u00e9 \u00e0 r\u00e9sidence\u00a0\u00bb pour des raisons qui nous \u00e9chappent\u2026 Serions-nous en duel\u00a0avec un ennemi invisible ?<\/p>\n","protected":false},"featured_media":1321,"template":"","meta":{"jetpack_post_was_ever_published":false,"jetpack_publicize_message":"","jetpack_publicize_feature_enabled":true,"jetpack_social_post_already_shared":true,"jetpack_social_options":{"image_generator_settings":{"template":"highway","default_image_id":0,"font":"","enabled":false},"version":2}},"product_brand":[],"product_cat":[22],"product_tag":[],"class_list":{"0":"post-1319","1":"product","2":"type-product","3":"status-publish","4":"has-post-thumbnail","6":"product_cat-livres","8":"first","9":"instock","10":"downloadable","11":"virtual","12":"purchasable","13":"product-type-simple"},"jetpack_publicize_connections":[],"jetpack_sharing_enabled":true,"jetpack_likes_enabled":true,"jetpack-related-posts":[{"id":1747,"url":"https:\/\/ganeshadreamstore.centreganesha.com\/store\/produit\/les-reves-inacheves\/","url_meta":{"origin":1319,"position":0},"title":"Les r\u00eaves inachev\u00e9s","author":"Centre Ganesha","date":"7 mars 2026","format":false,"excerpt":"Chanson arrang\u00e9e - MP3 \u00e0 regarder sur youtube\u00a0 (abonnez-vous \u00e0 ma cha\u00eene et partager) : https:\/\/youtu.be\/a6DtwNLKbXU","rel":"","context":"Article similaire","block_context":{"text":"Article similaire","link":""},"img":{"alt_text":"","src":"https:\/\/i0.wp.com\/ganeshadreamstore.centreganesha.com\/store\/wp-content\/uploads\/2026\/03\/les-reves-inacheves.jpg?fit=1200%2C686&ssl=1&resize=350%2C200","width":350,"height":200,"srcset":"https:\/\/i0.wp.com\/ganeshadreamstore.centreganesha.com\/store\/wp-content\/uploads\/2026\/03\/les-reves-inacheves.jpg?fit=1200%2C686&ssl=1&resize=350%2C200 1x, https:\/\/i0.wp.com\/ganeshadreamstore.centreganesha.com\/store\/wp-content\/uploads\/2026\/03\/les-reves-inacheves.jpg?fit=1200%2C686&ssl=1&resize=525%2C300 1.5x, https:\/\/i0.wp.com\/ganeshadreamstore.centreganesha.com\/store\/wp-content\/uploads\/2026\/03\/les-reves-inacheves.jpg?fit=1200%2C686&ssl=1&resize=700%2C400 2x, https:\/\/i0.wp.com\/ganeshadreamstore.centreganesha.com\/store\/wp-content\/uploads\/2026\/03\/les-reves-inacheves.jpg?fit=1200%2C686&ssl=1&resize=1050%2C600 3x"},"classes":[]},{"id":390,"url":"https:\/\/ganeshadreamstore.centreganesha.com\/store\/produit\/collier-elephant-et-son-bebe-en-obsidienne\/","url_meta":{"origin":1319,"position":1},"title":"Collier Elephant et son bebe en obsidienne","author":"Centre Ganesha","date":"25 d\u00e9cembre 2017","format":false,"excerpt":"Ce collier de\u00a0m\u00e8re \u00e9l\u00e9phant avec son b\u00e9b\u00e9 en obsidienne noire\u00a0est \u00e0 porter pour la protection. Dans de nombreuses cultures,\u00a0l'\u00e9l\u00e9phant\u00a0est un symbole de force,\u00a0d'inspiration constante, d'honneur, de stabilit\u00e9 et de patience. Dans le bouddhisme,\u00a0l'\u00e9l\u00e9phant\u00a0est v\u00e9n\u00e9r\u00e9 pour ces qualit\u00e9s, et il est souvent repr\u00e9sent\u00e9 avec ou comme Bouddha lorsqu'il atteint l'illumination. Dans\u2026","rel":"","context":"Article similaire","block_context":{"text":"Article similaire","link":""},"img":{"alt_text":"","src":"https:\/\/i0.wp.com\/ganeshadreamstore.centreganesha.com\/store\/wp-content\/uploads\/2017\/12\/collier-elephant-et-bebe2.jpg?fit=620%2C588&ssl=1&resize=350%2C200","width":350,"height":200,"srcset":"https:\/\/i0.wp.com\/ganeshadreamstore.centreganesha.com\/store\/wp-content\/uploads\/2017\/12\/collier-elephant-et-bebe2.jpg?fit=620%2C588&ssl=1&resize=350%2C200 1x, https:\/\/i0.wp.com\/ganeshadreamstore.centreganesha.com\/store\/wp-content\/uploads\/2017\/12\/collier-elephant-et-bebe2.jpg?fit=620%2C588&ssl=1&resize=525%2C300 1.5x"},"classes":[]},{"id":1024,"url":"https:\/\/ganeshadreamstore.centreganesha.com\/store\/produit\/bracelet-en-pierre-naturelle-dapatite-bleue\/","url_meta":{"origin":1319,"position":2},"title":"Bracelet en pierre naturelle d&rsquo;apatite bleue","author":"Centre Ganesha","date":"5 mai 2021","format":false,"excerpt":"Perles de 8 mm Longueur 18,5 cm adaptable LES VERTUS ET PROPRI\u00c9T\u00c9S DE LA PIERRE APATITE BLEUE SUR LE PLAN PHYSIQUE Cette\u00a0pierre apatite bleue\u00a0am\u00e9liore la communication de groupe. Elle donne plus d\u2019aisance pour s\u2019exprimer et plus de facilit\u00e9s pour verbaliser nos pens\u00e9es. C\u2019est une pierre destin\u00e9e aux timides et \u00e0\u2026","rel":"","context":"Article similaire","block_context":{"text":"Article similaire","link":""},"img":{"alt_text":"","src":"https:\/\/i0.wp.com\/ganeshadreamstore.centreganesha.com\/store\/wp-content\/uploads\/2021\/05\/bracelet-apatite-bleue.jpg?fit=437%2C433&ssl=1&resize=350%2C200","width":350,"height":200},"classes":[]},{"id":1791,"url":"https:\/\/ganeshadreamstore.centreganesha.com\/store\/produit\/exile\/","url_meta":{"origin":1319,"position":3},"title":"Exil\u00e9","author":"Centre Ganesha","date":"13 mars 2026","format":false,"excerpt":"Chanson compos\u00e9e par ChamanKa \u00e0 \u00e9couter sur Youtube : https:\/\/youtu.be\/zTiLiaxUjtQ","rel":"","context":"Article similaire","block_context":{"text":"Article similaire","link":""},"img":{"alt_text":"","src":"https:\/\/i0.wp.com\/ganeshadreamstore.centreganesha.com\/store\/wp-content\/uploads\/2026\/03\/exile.jpg?fit=340%2C324&ssl=1&resize=350%2C200","width":350,"height":200},"classes":[]},{"id":1132,"url":"https:\/\/ganeshadreamstore.centreganesha.com\/store\/produit\/pyramide-en-orgonite\/","url_meta":{"origin":1319,"position":4},"title":"Pyramide en orgonite","author":"Centre Ganesha","date":"8 mai 2021","format":false,"excerpt":"2 mod\u00e8les : Pyramide\u00a0 arbre de vie, Pyramide OM 50mm, p\u00e9ridot et Malachite","rel":"","context":"Article similaire","block_context":{"text":"Article similaire","link":""},"img":{"alt_text":"","src":"https:\/\/i0.wp.com\/ganeshadreamstore.centreganesha.com\/store\/wp-content\/uploads\/2021\/05\/pyramide-orgonite5.jpg?fit=409%2C407&ssl=1&resize=350%2C200","width":350,"height":200},"classes":[]},{"id":1549,"url":"https:\/\/ganeshadreamstore.centreganesha.com\/store\/produit\/pierre-de-cintamani-tachyonisee\/","url_meta":{"origin":1319,"position":5},"title":"Pierre de Cintamani Tachyonis\u00e9e","author":"Centre Ganesha","date":"19 novembre 2025","format":false,"excerpt":"Actuellement associ\u00e9e \u00e0 la chambre \u00e0 Tachyons, la pierre de Cintamani est la pierre de l'Ascension dans la 5D. Le\u00a0chintamani\u00a0(devanagari\u00a0:\u00a0\u091a\u093f\u0928\u094d\u0924\u093e\u092e\u0923\u093f\u00a0\/\u00a0Cint\u0101ma\u1e47i), qui vient du\u00a0sanskrit\u00a0\u091a\u093f\u0928\u094d\u0924\u093e\u00a0\/\u00a0cint\u0101\u00a0(\u00ab\u00a0mental\u00a0\u00bb) et\u00a0\u092e\u0923\u093f\u00a0\/\u00a0ma\u1e47i\u00a0(\u00ab\u00a0joyau\u00a0\u00bb), est une\u00a0pierre pr\u00e9cieuse\u00a0accomplissant les souhaits dans les traditions\u00a0hindoue\u00a0et\u00a0bouddhiste. Dans l'hindouisme, il est li\u00e9 aux dieux\u00a0Vishnu\u00a0et\u00a0Ganesh. Il est aussi l\u2019une des sept possessions d\u2019un\u00a0chakravartin, grand souverain. Dans\u2026","rel":"","context":"Article similaire","block_context":{"text":"Article similaire","link":""},"img":{"alt_text":"","src":"https:\/\/i0.wp.com\/ganeshadreamstore.centreganesha.com\/store\/wp-content\/uploads\/2025\/11\/cintamani2.jpg?fit=537%2C495&ssl=1&resize=350%2C200","width":350,"height":200,"srcset":"https:\/\/i0.wp.com\/ganeshadreamstore.centreganesha.com\/store\/wp-content\/uploads\/2025\/11\/cintamani2.jpg?fit=537%2C495&ssl=1&resize=350%2C200 1x, https:\/\/i0.wp.com\/ganeshadreamstore.centreganesha.com\/store\/wp-content\/uploads\/2025\/11\/cintamani2.jpg?fit=537%2C495&ssl=1&resize=525%2C300 1.5x"},"classes":[]}],"_links":{"self":[{"href":"https:\/\/ganeshadreamstore.centreganesha.com\/store\/wp-json\/wp\/v2\/product\/1319","targetHints":{"allow":["GET"]}}],"collection":[{"href":"https:\/\/ganeshadreamstore.centreganesha.com\/store\/wp-json\/wp\/v2\/product"}],"about":[{"href":"https:\/\/ganeshadreamstore.centreganesha.com\/store\/wp-json\/wp\/v2\/types\/product"}],"wp:featuredmedia":[{"embeddable":true,"href":"https:\/\/ganeshadreamstore.centreganesha.com\/store\/wp-json\/wp\/v2\/media\/1321"}],"wp:attachment":[{"href":"https:\/\/ganeshadreamstore.centreganesha.com\/store\/wp-json\/wp\/v2\/media?parent=1319"}],"wp:term":[{"taxonomy":"product_brand","embeddable":true,"href":"https:\/\/ganeshadreamstore.centreganesha.com\/store\/wp-json\/wp\/v2\/product_brand?post=1319"},{"taxonomy":"product_cat","embeddable":true,"href":"https:\/\/ganeshadreamstore.centreganesha.com\/store\/wp-json\/wp\/v2\/product_cat?post=1319"},{"taxonomy":"product_tag","embeddable":true,"href":"https:\/\/ganeshadreamstore.centreganesha.com\/store\/wp-json\/wp\/v2\/product_tag?post=1319"}],"curies":[{"name":"wp","href":"https:\/\/api.w.org\/{rel}","templated":true}]}}