{"id":1309,"date":"2021-05-21T19:58:19","date_gmt":"2021-05-21T17:58:19","guid":{"rendered":"https:\/\/www.ganeshadreamstore.centreganesha.com\/store\/?post_type=product&#038;p=1309"},"modified":"2021-05-21T20:28:18","modified_gmt":"2021-05-21T18:28:18","slug":"sortez-du-lot","status":"publish","type":"product","link":"https:\/\/ganeshadreamstore.centreganesha.com\/store\/produit\/sortez-du-lot\/","title":{"rendered":"Sortez du lot"},"content":{"rendered":"","protected":false},"excerpt":{"rendered":"<h1>Sortez du lot\u00a0!\u2026<\/h1>\n<p>&nbsp;<\/p>\n<p><strong>Comment la confiance en soi t<\/strong><strong>ransforme la personnalit\u00e9, donne l&rsquo;estime de soi et m<\/strong><strong>\u00e8ne \u00e0 la r\u00e9ussite.<\/strong><\/p>\n<p>Ce livre vous est offert par Fran\u00e7oise Kav\u00e9ri Adjam<strong>\u00a0<\/strong><\/p>\n<p><strong>Inclus\u00a0:<\/strong><\/p>\n<p><strong>10 Trucs Simples et Efficaces<\/strong><\/p>\n<p><strong>pour retrouver et augmenter<\/strong><\/p>\n<p><strong>confiance en Soi et<\/strong><\/p>\n<p><strong>estime de Soi<\/strong><\/p>\n","protected":false},"featured_media":1312,"template":"","meta":{"jetpack_post_was_ever_published":false,"jetpack_publicize_message":"","jetpack_publicize_feature_enabled":true,"jetpack_social_post_already_shared":true,"jetpack_social_options":{"image_generator_settings":{"template":"highway","default_image_id":0,"font":"","enabled":false},"version":2}},"product_brand":[],"product_cat":[22],"product_tag":[221,178,220,179],"class_list":{"0":"post-1309","1":"product","2":"type-product","3":"status-publish","4":"has-post-thumbnail","6":"product_cat-livres","7":"product_tag-gratuit","8":"product_tag-livre-gratuit","9":"product_tag-sortez-du-lot","10":"product_tag-telechargement","12":"first","13":"instock","14":"downloadable","15":"virtual","16":"purchasable","17":"product-type-simple"},"jetpack_publicize_connections":[],"jetpack_sharing_enabled":true,"jetpack_likes_enabled":true,"jetpack-related-posts":[{"id":1262,"url":"https:\/\/ganeshadreamstore.centreganesha.com\/store\/produit\/methode-integrale-de-confiance-en-soi\/","url_meta":{"origin":1309,"position":0},"title":"M\u00e9thode Int\u00e9grale de Confiance en Soi","author":"Centre Ganesha","date":"20 mai 2021","format":false,"excerpt":"La m\u00e9thode Int\u00e9grale pour retrouver la Confiance en Soi est constitu\u00e9 d\u2019un Pack complet sur cl\u00e9 USB qui comprend : \u00a0 Un fichier PDF ou guide de la m\u00e9thode. des fichiers audio MP3 de 2 sortes\u00a0: vocaux et musicaux des fichiers vid\u00e9os d\u2019exercices courts de bonus musicaux MP3 qui vous\u2026","rel":"","context":"Article similaire","block_context":{"text":"Article similaire","link":""},"img":{"alt_text":"","src":"https:\/\/i0.wp.com\/ganeshadreamstore.centreganesha.com\/store\/wp-content\/uploads\/2021\/05\/pack-mics.jpg?fit=1000%2C500&ssl=1&resize=350%2C200","width":350,"height":200,"srcset":"https:\/\/i0.wp.com\/ganeshadreamstore.centreganesha.com\/store\/wp-content\/uploads\/2021\/05\/pack-mics.jpg?fit=1000%2C500&ssl=1&resize=350%2C200 1x, https:\/\/i0.wp.com\/ganeshadreamstore.centreganesha.com\/store\/wp-content\/uploads\/2021\/05\/pack-mics.jpg?fit=1000%2C500&ssl=1&resize=525%2C300 1.5x, https:\/\/i0.wp.com\/ganeshadreamstore.centreganesha.com\/store\/wp-content\/uploads\/2021\/05\/pack-mics.jpg?fit=1000%2C500&ssl=1&resize=700%2C400 2x"},"classes":[]},{"id":1264,"url":"https:\/\/ganeshadreamstore.centreganesha.com\/store\/produit\/les-17-lois-de-la-confiance-en-soi\/","url_meta":{"origin":1309,"position":1},"title":"Les 17 lois de la confiance en soi","author":"Centre Ganesha","date":"20 mai 2021","format":false,"excerpt":"Conna\u00eetre ces 17 lois permet de s'assurer une confiance absolue en soi... Ce livre au format PDF est t\u00e9l\u00e9chargeable apr\u00e8s le processus du paiement (GRATUIT) vous est offert par Ganesha.","rel":"","context":"Article similaire","block_context":{"text":"Article similaire","link":""},"img":{"alt_text":"","src":"https:\/\/i0.wp.com\/ganeshadreamstore.centreganesha.com\/store\/wp-content\/uploads\/2021\/05\/couverture-17-lois-1.jpg?fit=400%2C400&ssl=1&resize=350%2C200","width":350,"height":200},"classes":[]},{"id":363,"url":"https:\/\/ganeshadreamstore.centreganesha.com\/store\/produit\/collier-arbre-de-vie-en-goutte-deau\/","url_meta":{"origin":1309,"position":2},"title":"Collier Arbre de Vie en goutte d&rsquo;eau","author":"Centre Ganesha","date":"25 d\u00e9cembre 2017","format":false,"excerpt":"Le\u00a0symbole de l'Arbre de Vie\u00a0repr\u00e9sente diff\u00e9rentes qualit\u00e9s et vertus comme la sagesse, la force, la protection, l\u2019\u00e9volution, le renouveau et la r\u00e9demption. De mani\u00e8re unanime, l'arbre de vie est l\u2019arbre qui unit le monde du ciel avec le monde de la terre. L\u2019Arbre de vie est une tr\u00e8s belle id\u00e9e\u2026","rel":"","context":"Article similaire","block_context":{"text":"Article similaire","link":""},"img":{"alt_text":"","src":"https:\/\/i0.wp.com\/ganeshadreamstore.centreganesha.com\/store\/wp-content\/uploads\/2017\/12\/collier-arbre-de-vie-goutte-d-eau.amethyste.jpg?fit=435%2C432&ssl=1&resize=350%2C200","width":350,"height":200},"classes":[]},{"id":1132,"url":"https:\/\/ganeshadreamstore.centreganesha.com\/store\/produit\/pyramide-en-orgonite\/","url_meta":{"origin":1309,"position":3},"title":"Pyramide en orgonite","author":"Centre Ganesha","date":"8 mai 2021","format":false,"excerpt":"2 mod\u00e8les : Pyramide\u00a0 arbre de vie, Pyramide OM 50mm, p\u00e9ridot et Malachite","rel":"","context":"Article similaire","block_context":{"text":"Article similaire","link":""},"img":{"alt_text":"","src":"https:\/\/i0.wp.com\/ganeshadreamstore.centreganesha.com\/store\/wp-content\/uploads\/2021\/05\/pyramide-orgonite5.jpg?fit=409%2C407&ssl=1&resize=350%2C200","width":350,"height":200},"classes":[]},{"id":1147,"url":"https:\/\/ganeshadreamstore.centreganesha.com\/store\/produit\/bracelet-en-apatite-tresse\/","url_meta":{"origin":1309,"position":4},"title":"Bracelet en apatite tress\u00e9","author":"Centre Ganesha","date":"8 mai 2021","format":false,"excerpt":"17cm (femme) ou 19cm (homme)","rel":"","context":"Article similaire","block_context":{"text":"Article similaire","link":""},"img":{"alt_text":"","src":"https:\/\/i0.wp.com\/ganeshadreamstore.centreganesha.com\/store\/wp-content\/uploads\/2021\/05\/bracelet-apatite-double.jpg?fit=439%2C439&ssl=1&resize=350%2C200","width":350,"height":200},"classes":[]},{"id":466,"url":"https:\/\/ganeshadreamstore.centreganesha.com\/store\/produit\/magnifique-bracelet-mala-en-pierre-de-grenat\/","url_meta":{"origin":1309,"position":5},"title":"Magnifique bracelet mala en Pierre de Grenat","author":"Centre Ganesha","date":"25 d\u00e9cembre 2017","format":false,"excerpt":"Magnifique bracelet mala en Pierre de Grenat Le mala est un\u00a0symbole qui aide \u00e0 gravir des \u00e9chelons sur le plan spirituel.\u00a0Il appara\u00eet comme une \u00e9preuve infinie dont chaque fin annonce le recommencement. La volont\u00e9, la pers\u00e9v\u00e9rance assurent de progresser dans sa qu\u00eate spirituelle.\u00a0Sa forme ronde invite \u00e0 un cheminement cyclique\u2026","rel":"","context":"Article similaire","block_context":{"text":"Article similaire","link":""},"img":{"alt_text":"","src":"https:\/\/i0.wp.com\/ganeshadreamstore.centreganesha.com\/store\/wp-content\/uploads\/2017\/12\/bracelet-pierre-grenat.jpg?fit=617%2C490&ssl=1&resize=350%2C200","width":350,"height":200,"srcset":"https:\/\/i0.wp.com\/ganeshadreamstore.centreganesha.com\/store\/wp-content\/uploads\/2017\/12\/bracelet-pierre-grenat.jpg?fit=617%2C490&ssl=1&resize=350%2C200 1x, https:\/\/i0.wp.com\/ganeshadreamstore.centreganesha.com\/store\/wp-content\/uploads\/2017\/12\/bracelet-pierre-grenat.jpg?fit=617%2C490&ssl=1&resize=525%2C300 1.5x"},"classes":[]}],"_links":{"self":[{"href":"https:\/\/ganeshadreamstore.centreganesha.com\/store\/wp-json\/wp\/v2\/product\/1309","targetHints":{"allow":["GET"]}}],"collection":[{"href":"https:\/\/ganeshadreamstore.centreganesha.com\/store\/wp-json\/wp\/v2\/product"}],"about":[{"href":"https:\/\/ganeshadreamstore.centreganesha.com\/store\/wp-json\/wp\/v2\/types\/product"}],"wp:featuredmedia":[{"embeddable":true,"href":"https:\/\/ganeshadreamstore.centreganesha.com\/store\/wp-json\/wp\/v2\/media\/1312"}],"wp:attachment":[{"href":"https:\/\/ganeshadreamstore.centreganesha.com\/store\/wp-json\/wp\/v2\/media?parent=1309"}],"wp:term":[{"taxonomy":"product_brand","embeddable":true,"href":"https:\/\/ganeshadreamstore.centreganesha.com\/store\/wp-json\/wp\/v2\/product_brand?post=1309"},{"taxonomy":"product_cat","embeddable":true,"href":"https:\/\/ganeshadreamstore.centreganesha.com\/store\/wp-json\/wp\/v2\/product_cat?post=1309"},{"taxonomy":"product_tag","embeddable":true,"href":"https:\/\/ganeshadreamstore.centreganesha.com\/store\/wp-json\/wp\/v2\/product_tag?post=1309"}],"curies":[{"name":"wp","href":"https:\/\/api.w.org\/{rel}","templated":true}]}}