{"id":1302,"date":"2021-05-20T20:30:52","date_gmt":"2021-05-20T18:30:52","guid":{"rendered":"https:\/\/www.ganeshadreamstore.centreganesha.com\/store\/?post_type=product&#038;p=1302"},"modified":"2021-05-21T16:43:40","modified_gmt":"2021-05-21T14:43:40","slug":"52-petites-choses","status":"publish","type":"product","link":"https:\/\/ganeshadreamstore.centreganesha.com\/store\/produit\/52-petites-choses\/","title":{"rendered":"52 petites choses"},"content":{"rendered":"","protected":false},"excerpt":{"rendered":"<p>Ce livre est une mine d\u2019or pour toutes celles et tous ceux qui d\u00e9sirent\u00a0 prendre leur vie en main.<\/p>\n<p>Marcel B\u00e9liveau, l&rsquo;auteur de ce livre et cr\u00e9ateur de la c\u00e9l\u00e8bre \u00e9mission \u00ab\u00a0surprise surprise\u00a0\u00bb, a lui-m\u00eame constat\u00e9 :<\/p>\n<p><strong>\u00a0\u00ab\u00a0<\/strong>Si seulement j\u2019avais pu mettre en pratique tout ce que je viens d\u2019\u00e9crire&#8230;\u00a0\u00bb<\/p>\n<p>T\u00e9l\u00e9charger gratuitement ce livre, vous ne regretterez pas&#8230;<\/p>\n<p>&nbsp;<\/p>\n<p>&nbsp;<\/p>\n","protected":false},"featured_media":1303,"template":"","meta":{"jetpack_post_was_ever_published":false,"jetpack_publicize_message":"","jetpack_publicize_feature_enabled":true,"jetpack_social_post_already_shared":true,"jetpack_social_options":{"image_generator_settings":{"template":"highway","default_image_id":0,"font":"","enabled":false},"version":2}},"product_brand":[],"product_cat":[22],"product_tag":[176,178,175,177,179],"class_list":{"0":"post-1302","1":"product","2":"type-product","3":"status-publish","4":"has-post-thumbnail","6":"product_cat-livres","7":"product_tag-52-petites-choses","8":"product_tag-livre-gratuit","9":"product_tag-marcel-beliveau","10":"product_tag-surprise-surprise","11":"product_tag-telechargement","13":"first","14":"instock","15":"downloadable","16":"virtual","17":"purchasable","18":"product-type-simple"},"jetpack_publicize_connections":[],"jetpack_sharing_enabled":true,"jetpack_likes_enabled":true,"jetpack-related-posts":[{"id":1309,"url":"https:\/\/ganeshadreamstore.centreganesha.com\/store\/produit\/sortez-du-lot\/","url_meta":{"origin":1302,"position":0},"title":"Sortez du lot","author":"Centre Ganesha","date":"21 mai 2021","format":false,"excerpt":"Sortez du lot\u00a0!\u2026 \u00a0 Comment la confiance en soi transforme la personnalit\u00e9, donne l'estime de soi et m\u00e8ne \u00e0 la r\u00e9ussite. Ce livre vous est offert par Fran\u00e7oise Kav\u00e9ri Adjam\u00a0 Inclus\u00a0: 10 Trucs Simples et Efficaces pour retrouver et augmenter confiance en Soi et estime de Soi","rel":"","context":"Article similaire","block_context":{"text":"Article similaire","link":""},"img":{"alt_text":"","src":"https:\/\/i0.wp.com\/ganeshadreamstore.centreganesha.com\/store\/wp-content\/uploads\/2021\/05\/sortez-du-lot-1.jpg?fit=400%2C400&ssl=1&resize=350%2C200","width":350,"height":200},"classes":[]},{"id":1543,"url":"https:\/\/ganeshadreamstore.centreganesha.com\/store\/produit\/le-livre-perdu-des-plantes-medicinales\/","url_meta":{"origin":1302,"position":1},"title":"Le livre perdu des plantes m\u00e9dicinales","author":"Centre Ganesha","date":"15 novembre 2025","format":false,"excerpt":"Le pouvoir de gu\u00e9rison de la m\u00e9decine v\u00e9g\u00e9tale. Un condens\u00e9 complet des plantes m\u00e9dicinales indispensables \u00e0 utiliser et la mani\u00e8re de les utiliser. Tout le monde devrait avoir ce livre dans sa biblioth\u00e8que.","rel":"","context":"Article similaire","block_context":{"text":"Article similaire","link":""},"img":{"alt_text":"","src":"","width":0,"height":0},"classes":[]},{"id":1315,"url":"https:\/\/ganeshadreamstore.centreganesha.com\/store\/produit\/reussir-en-365-jours\/","url_meta":{"origin":1302,"position":2},"title":"R\u00e9ussir en 365 jours","author":"Centre Ganesha","date":"22 mai 2021","format":false,"excerpt":"Ce livret est un recueil de 365 citations d\u2019inspirations issues d\u2019hommes et de femmes dont on se souvient et qui ont impact\u00e9 l\u2019humanit\u00e9. Nous avons tous le souvenir d\u2019une phrase ou d\u2019un dicton qui nous a marqu\u00e9 et guid\u00e9 dans notre vie. A t\u00e9l\u00e9charger gratuitement.","rel":"","context":"Article similaire","block_context":{"text":"Article similaire","link":""},"img":{"alt_text":"","src":"https:\/\/i0.wp.com\/ganeshadreamstore.centreganesha.com\/store\/wp-content\/uploads\/2021\/05\/couverture-reussir.jpg?fit=400%2C400&ssl=1&resize=350%2C200","width":350,"height":200},"classes":[]},{"id":1264,"url":"https:\/\/ganeshadreamstore.centreganesha.com\/store\/produit\/les-17-lois-de-la-confiance-en-soi\/","url_meta":{"origin":1302,"position":3},"title":"Les 17 lois de la confiance en soi","author":"Centre Ganesha","date":"20 mai 2021","format":false,"excerpt":"Conna\u00eetre ces 17 lois permet de s'assurer une confiance absolue en soi... Ce livre au format PDF est t\u00e9l\u00e9chargeable apr\u00e8s le processus du paiement (GRATUIT) vous est offert par Ganesha.","rel":"","context":"Article similaire","block_context":{"text":"Article similaire","link":""},"img":{"alt_text":"","src":"https:\/\/i0.wp.com\/ganeshadreamstore.centreganesha.com\/store\/wp-content\/uploads\/2021\/05\/couverture-17-lois-1.jpg?fit=400%2C400&ssl=1&resize=350%2C200","width":350,"height":200},"classes":[]},{"id":517,"url":"https:\/\/ganeshadreamstore.centreganesha.com\/store\/produit\/pendentif-arbre-de-vie-aux-7-chakras-avec-pierres-naturelles\/","url_meta":{"origin":1302,"position":4},"title":"Pendentif \u00ab\u00a0arbre de vie aux 7 chakras\u00a0\u00bb avec pierres naturelles","author":"Centre Ganesha","date":"25 d\u00e9cembre 2017","format":false,"excerpt":"Portez ce magnifique pendentif \"arbre de vie aux 7 chakras\" avec pierres naturelles. Chaque pierre associ\u00e9e \u00e0 un chakra,\u00a0permet d'\u00e9quilibrer votre \u00e9nergie. Taille du Bijou pendentif : 50mm*50mm Livr\u00e9 avec 2 cordons en cuir : 46cm et 70cm M\u00e9tal : cuivre plaqu\u00e9 argent","rel":"","context":"Article similaire","block_context":{"text":"Article similaire","link":""},"img":{"alt_text":"","src":"https:\/\/i0.wp.com\/ganeshadreamstore.centreganesha.com\/store\/wp-content\/uploads\/2017\/12\/pendentif-arbre-chakras.jpg?fit=1000%2C1000&ssl=1&resize=350%2C200","width":350,"height":200,"srcset":"https:\/\/i0.wp.com\/ganeshadreamstore.centreganesha.com\/store\/wp-content\/uploads\/2017\/12\/pendentif-arbre-chakras.jpg?fit=1000%2C1000&ssl=1&resize=350%2C200 1x, https:\/\/i0.wp.com\/ganeshadreamstore.centreganesha.com\/store\/wp-content\/uploads\/2017\/12\/pendentif-arbre-chakras.jpg?fit=1000%2C1000&ssl=1&resize=525%2C300 1.5x, https:\/\/i0.wp.com\/ganeshadreamstore.centreganesha.com\/store\/wp-content\/uploads\/2017\/12\/pendentif-arbre-chakras.jpg?fit=1000%2C1000&ssl=1&resize=700%2C400 2x"},"classes":[]},{"id":1519,"url":"https:\/\/ganeshadreamstore.centreganesha.com\/store\/produit\/generateur-dondes-schumann-de-guerison\/","url_meta":{"origin":1302,"position":5},"title":"G\u00e9n\u00e9rateur d&rsquo;ondes Schumann de gu\u00e9rison","author":"Centre Ganesha","date":"5 octobre 2025","format":false,"excerpt":"G\u00e9n\u00e9rateur d'ondes de gu\u00e9rison r\u00e9glable de 0.01 Hz \u00e0 10000 Hz. Syst\u00e8me de fr\u00e9quences de bio-gu\u00e9rison.","rel":"","context":"Article similaire","block_context":{"text":"Article similaire","link":""},"img":{"alt_text":"","src":"https:\/\/i0.wp.com\/www.ganeshadreamstore.centreganesha.com\/store\/wp-content\/uploads\/2025\/10\/generateur-ondes-295x300.jpg?resize=350%2C200","width":350,"height":200},"classes":[]}],"_links":{"self":[{"href":"https:\/\/ganeshadreamstore.centreganesha.com\/store\/wp-json\/wp\/v2\/product\/1302","targetHints":{"allow":["GET"]}}],"collection":[{"href":"https:\/\/ganeshadreamstore.centreganesha.com\/store\/wp-json\/wp\/v2\/product"}],"about":[{"href":"https:\/\/ganeshadreamstore.centreganesha.com\/store\/wp-json\/wp\/v2\/types\/product"}],"wp:featuredmedia":[{"embeddable":true,"href":"https:\/\/ganeshadreamstore.centreganesha.com\/store\/wp-json\/wp\/v2\/media\/1303"}],"wp:attachment":[{"href":"https:\/\/ganeshadreamstore.centreganesha.com\/store\/wp-json\/wp\/v2\/media?parent=1302"}],"wp:term":[{"taxonomy":"product_brand","embeddable":true,"href":"https:\/\/ganeshadreamstore.centreganesha.com\/store\/wp-json\/wp\/v2\/product_brand?post=1302"},{"taxonomy":"product_cat","embeddable":true,"href":"https:\/\/ganeshadreamstore.centreganesha.com\/store\/wp-json\/wp\/v2\/product_cat?post=1302"},{"taxonomy":"product_tag","embeddable":true,"href":"https:\/\/ganeshadreamstore.centreganesha.com\/store\/wp-json\/wp\/v2\/product_tag?post=1302"}],"curies":[{"name":"wp","href":"https:\/\/api.w.org\/{rel}","templated":true}]}}