{"id":1297,"date":"2021-05-20T13:02:21","date_gmt":"2021-05-20T11:02:21","guid":{"rendered":"https:\/\/www.ganeshadreamstore.centreganesha.com\/store\/?post_type=product&#038;p=1297"},"modified":"2021-05-22T09:43:16","modified_gmt":"2021-05-22T07:43:16","slug":"comment-acquerir-lestime-de-soi","status":"publish","type":"product","link":"https:\/\/ganeshadreamstore.centreganesha.com\/store\/produit\/comment-acquerir-lestime-de-soi\/","title":{"rendered":"Comment acqu\u00e9rir l&rsquo;estime de soi"},"content":{"rendered":"","protected":false},"excerpt":{"rendered":"<h4>10 m\u00e9thodes qui ont fait leurs preuves.<\/h4>\n<p>Peut-on d\u00e9velopper son estime de soi lorsque celle-ci nous fait d\u00e9faut ?\u00a0 Des<br \/>\npsychoth\u00e9rapeutes nous proposent 10 voies \u00e0 suivre pour mieux y parvenir.<\/p>\n","protected":false},"featured_media":1314,"template":"","meta":{"jetpack_post_was_ever_published":false,"jetpack_publicize_message":"","jetpack_publicize_feature_enabled":true,"jetpack_social_post_already_shared":true,"jetpack_social_options":{"image_generator_settings":{"template":"highway","default_image_id":0,"font":"","enabled":false},"version":2}},"product_brand":[],"product_cat":[22],"product_tag":[181,180,178,179],"class_list":{"0":"post-1297","1":"product","2":"type-product","3":"status-publish","4":"has-post-thumbnail","6":"product_cat-livres","7":"product_tag-10-methodes","8":"product_tag-estime-de-soi","9":"product_tag-livre-gratuit","10":"product_tag-telechargement","12":"first","13":"instock","14":"downloadable","15":"virtual","16":"purchasable","17":"product-type-simple"},"jetpack_publicize_connections":[],"jetpack_sharing_enabled":true,"jetpack_likes_enabled":true,"jetpack-related-posts":[{"id":1705,"url":"https:\/\/ganeshadreamstore.centreganesha.com\/store\/produit\/jai-pas-fini-de-te-dire\/","url_meta":{"origin":1297,"position":0},"title":"J&rsquo;ai pas fini de te dire","author":"Centre Ganesha","date":"27 f\u00e9vrier 2026","format":false,"excerpt":"J\u2019ai pas fini de te dire\u2026 Je ne veux rien\u2026 Pas besoin de tout \u00e7a Toutes ces mani\u00e8res Pas de fleurs, pas de tombe\u2026 Qu\u2019est ce que c\u2019est Toute cette insignifiance ? O\u00f9 as-tu enregistr\u00e9 tout \u00e7a ? Qui t\u2019a mis \u00e7a dans la t\u00eate ? Tu voulais nous enterrer\u2026","rel":"","context":"Article similaire","block_context":{"text":"Article similaire","link":""},"img":{"alt_text":"","src":"https:\/\/i0.wp.com\/ganeshadreamstore.centreganesha.com\/store\/wp-content\/uploads\/2026\/02\/commencement-scaled.jpg?fit=1200%2C900&ssl=1&resize=350%2C200","width":350,"height":200,"srcset":"https:\/\/i0.wp.com\/ganeshadreamstore.centreganesha.com\/store\/wp-content\/uploads\/2026\/02\/commencement-scaled.jpg?fit=1200%2C900&ssl=1&resize=350%2C200 1x, https:\/\/i0.wp.com\/ganeshadreamstore.centreganesha.com\/store\/wp-content\/uploads\/2026\/02\/commencement-scaled.jpg?fit=1200%2C900&ssl=1&resize=525%2C300 1.5x, https:\/\/i0.wp.com\/ganeshadreamstore.centreganesha.com\/store\/wp-content\/uploads\/2026\/02\/commencement-scaled.jpg?fit=1200%2C900&ssl=1&resize=700%2C400 2x, https:\/\/i0.wp.com\/ganeshadreamstore.centreganesha.com\/store\/wp-content\/uploads\/2026\/02\/commencement-scaled.jpg?fit=1200%2C900&ssl=1&resize=1050%2C600 3x"},"classes":[]},{"id":1262,"url":"https:\/\/ganeshadreamstore.centreganesha.com\/store\/produit\/methode-integrale-de-confiance-en-soi\/","url_meta":{"origin":1297,"position":1},"title":"M\u00e9thode Int\u00e9grale de Confiance en Soi","author":"Centre Ganesha","date":"20 mai 2021","format":false,"excerpt":"La m\u00e9thode Int\u00e9grale pour retrouver la Confiance en Soi est constitu\u00e9 d\u2019un Pack complet sur cl\u00e9 USB qui comprend : \u00a0 Un fichier PDF ou guide de la m\u00e9thode. des fichiers audio MP3 de 2 sortes\u00a0: vocaux et musicaux des fichiers vid\u00e9os d\u2019exercices courts de bonus musicaux MP3 qui vous\u2026","rel":"","context":"Article similaire","block_context":{"text":"Article similaire","link":""},"img":{"alt_text":"","src":"https:\/\/i0.wp.com\/ganeshadreamstore.centreganesha.com\/store\/wp-content\/uploads\/2021\/05\/pack-mics.jpg?fit=1000%2C500&ssl=1&resize=350%2C200","width":350,"height":200,"srcset":"https:\/\/i0.wp.com\/ganeshadreamstore.centreganesha.com\/store\/wp-content\/uploads\/2021\/05\/pack-mics.jpg?fit=1000%2C500&ssl=1&resize=350%2C200 1x, https:\/\/i0.wp.com\/ganeshadreamstore.centreganesha.com\/store\/wp-content\/uploads\/2021\/05\/pack-mics.jpg?fit=1000%2C500&ssl=1&resize=525%2C300 1.5x, https:\/\/i0.wp.com\/ganeshadreamstore.centreganesha.com\/store\/wp-content\/uploads\/2021\/05\/pack-mics.jpg?fit=1000%2C500&ssl=1&resize=700%2C400 2x"},"classes":[]},{"id":1264,"url":"https:\/\/ganeshadreamstore.centreganesha.com\/store\/produit\/les-17-lois-de-la-confiance-en-soi\/","url_meta":{"origin":1297,"position":2},"title":"Les 17 lois de la confiance en soi","author":"Centre Ganesha","date":"20 mai 2021","format":false,"excerpt":"Conna\u00eetre ces 17 lois permet de s'assurer une confiance absolue en soi... Ce livre au format PDF est t\u00e9l\u00e9chargeable apr\u00e8s le processus du paiement (GRATUIT) vous est offert par Ganesha.","rel":"","context":"Article similaire","block_context":{"text":"Article similaire","link":""},"img":{"alt_text":"","src":"https:\/\/i0.wp.com\/ganeshadreamstore.centreganesha.com\/store\/wp-content\/uploads\/2021\/05\/couverture-17-lois-1.jpg?fit=400%2C400&ssl=1&resize=350%2C200","width":350,"height":200},"classes":[]},{"id":1309,"url":"https:\/\/ganeshadreamstore.centreganesha.com\/store\/produit\/sortez-du-lot\/","url_meta":{"origin":1297,"position":3},"title":"Sortez du lot","author":"Centre Ganesha","date":"21 mai 2021","format":false,"excerpt":"Sortez du lot\u00a0!\u2026 \u00a0 Comment la confiance en soi transforme la personnalit\u00e9, donne l'estime de soi et m\u00e8ne \u00e0 la r\u00e9ussite. Ce livre vous est offert par Fran\u00e7oise Kav\u00e9ri Adjam\u00a0 Inclus\u00a0: 10 Trucs Simples et Efficaces pour retrouver et augmenter confiance en Soi et estime de Soi","rel":"","context":"Article similaire","block_context":{"text":"Article similaire","link":""},"img":{"alt_text":"","src":"https:\/\/i0.wp.com\/ganeshadreamstore.centreganesha.com\/store\/wp-content\/uploads\/2021\/05\/sortez-du-lot-1.jpg?fit=400%2C400&ssl=1&resize=350%2C200","width":350,"height":200},"classes":[]},{"id":539,"url":"https:\/\/ganeshadreamstore.centreganesha.com\/store\/produit\/petit-bracelet-mala-en-pierre-de-jaspe-avec-pendentif-om\/","url_meta":{"origin":1297,"position":4},"title":"Petit bracelet mala en pierre de jaspe avec pendentif OM","author":"Centre Ganesha","date":"25 d\u00e9cembre 2017","format":false,"excerpt":"Petit bracelet mala de 23 perles en pierre\u00a0de Jaspe Kambala avec pendentif","rel":"","context":"Article similaire","block_context":{"text":"Article similaire","link":""},"img":{"alt_text":"","src":"https:\/\/i0.wp.com\/ganeshadreamstore.centreganesha.com\/store\/wp-content\/uploads\/2017\/12\/bracelet-pierre-jaspe-2.jpg?fit=701%2C649&ssl=1&resize=350%2C200","width":350,"height":200,"srcset":"https:\/\/i0.wp.com\/ganeshadreamstore.centreganesha.com\/store\/wp-content\/uploads\/2017\/12\/bracelet-pierre-jaspe-2.jpg?fit=701%2C649&ssl=1&resize=350%2C200 1x, https:\/\/i0.wp.com\/ganeshadreamstore.centreganesha.com\/store\/wp-content\/uploads\/2017\/12\/bracelet-pierre-jaspe-2.jpg?fit=701%2C649&ssl=1&resize=525%2C300 1.5x, https:\/\/i0.wp.com\/ganeshadreamstore.centreganesha.com\/store\/wp-content\/uploads\/2017\/12\/bracelet-pierre-jaspe-2.jpg?fit=701%2C649&ssl=1&resize=700%2C400 2x"},"classes":[]},{"id":1024,"url":"https:\/\/ganeshadreamstore.centreganesha.com\/store\/produit\/bracelet-en-pierre-naturelle-dapatite-bleue\/","url_meta":{"origin":1297,"position":5},"title":"Bracelet en pierre naturelle d&rsquo;apatite bleue","author":"Centre Ganesha","date":"5 mai 2021","format":false,"excerpt":"Perles de 8 mm Longueur 18,5 cm adaptable LES VERTUS ET PROPRI\u00c9T\u00c9S DE LA PIERRE APATITE BLEUE SUR LE PLAN PHYSIQUE Cette\u00a0pierre apatite bleue\u00a0am\u00e9liore la communication de groupe. Elle donne plus d\u2019aisance pour s\u2019exprimer et plus de facilit\u00e9s pour verbaliser nos pens\u00e9es. C\u2019est une pierre destin\u00e9e aux timides et \u00e0\u2026","rel":"","context":"Article similaire","block_context":{"text":"Article similaire","link":""},"img":{"alt_text":"","src":"https:\/\/i0.wp.com\/ganeshadreamstore.centreganesha.com\/store\/wp-content\/uploads\/2021\/05\/bracelet-apatite-bleue.jpg?fit=437%2C433&ssl=1&resize=350%2C200","width":350,"height":200},"classes":[]}],"_links":{"self":[{"href":"https:\/\/ganeshadreamstore.centreganesha.com\/store\/wp-json\/wp\/v2\/product\/1297","targetHints":{"allow":["GET"]}}],"collection":[{"href":"https:\/\/ganeshadreamstore.centreganesha.com\/store\/wp-json\/wp\/v2\/product"}],"about":[{"href":"https:\/\/ganeshadreamstore.centreganesha.com\/store\/wp-json\/wp\/v2\/types\/product"}],"wp:featuredmedia":[{"embeddable":true,"href":"https:\/\/ganeshadreamstore.centreganesha.com\/store\/wp-json\/wp\/v2\/media\/1314"}],"wp:attachment":[{"href":"https:\/\/ganeshadreamstore.centreganesha.com\/store\/wp-json\/wp\/v2\/media?parent=1297"}],"wp:term":[{"taxonomy":"product_brand","embeddable":true,"href":"https:\/\/ganeshadreamstore.centreganesha.com\/store\/wp-json\/wp\/v2\/product_brand?post=1297"},{"taxonomy":"product_cat","embeddable":true,"href":"https:\/\/ganeshadreamstore.centreganesha.com\/store\/wp-json\/wp\/v2\/product_cat?post=1297"},{"taxonomy":"product_tag","embeddable":true,"href":"https:\/\/ganeshadreamstore.centreganesha.com\/store\/wp-json\/wp\/v2\/product_tag?post=1297"}],"curies":[{"name":"wp","href":"https:\/\/api.w.org\/{rel}","templated":true}]}}