{"id":1147,"date":"2021-05-08T15:59:49","date_gmt":"2021-05-08T13:59:49","guid":{"rendered":"https:\/\/www.ganeshadreamstore.centreganesha.com\/store\/?post_type=product&#038;p=1147"},"modified":"2021-05-22T10:01:18","modified_gmt":"2021-05-22T08:01:18","slug":"bracelet-en-apatite-tresse","status":"publish","type":"product","link":"https:\/\/ganeshadreamstore.centreganesha.com\/store\/produit\/bracelet-en-apatite-tresse\/","title":{"rendered":"Bracelet en apatite tress\u00e9"},"content":{"rendered":"<h2>Vertus &amp; Propri\u00e9t\u00e9s Curatives de la Pierre Apatite :<\/h2>\n<p>\u2022\u00a0 \u00a0Aide les Personnes qui Souffrent d\u2019un Exc\u00e8s de Tension &amp; \u00e0 Surmonter leurs Troubles\u00a0\u00c9motionnels<br \/>\n\u2022\u00a0 \u00a0Permet de Calmer ses \u00c9motions &amp; \u00c9viter de Prendre des D\u00e9cisions Irr\u00e9fl\u00e9chies<br \/>\n\u2022\u00a0 \u00a0Donne Force pour Trouver Confiance en Soi &amp; \u00c9limine le Manque de S\u00fbret\u00e9<br \/>\n\u2022\u00a0 \u00a0Permet de S\u2019ouvrir plus Facilement aux Autres &amp; Aide au L\u00e2ch\u00e9 Prise<br \/>\n\u2022\u00a0 \u00a0Laisse les Artistes Entrer en Osmose avec leur Originalit\u00e9<br \/>\n\u2022\u00a0 \u00a0\u00c9veille le Sens de l\u2019Imagination au Fin Fond de notre \u00catre<br \/>\n\u2022\u00a0 \u00a0Accorde un Surplus d\u2019\u00c9nergie\u00a0pour la motivation au Travail<br \/>\n\u2022\u00a0 \u00a0D\u00e9veloppe l\u2019Intuition &amp; la Capacit\u00e9 \u00e0 Voir l\u2019Avenir<br \/>\n\u2022\u00a0 \u00a0Id\u00e9al pour la Perte de Poids en R\u00e9duisant l\u2019App\u00e9tit<br \/>\n\u2022\u00a0 \u00a0Permet une Incursion pour Trouver la V\u00e9ritable Source des Exc\u00e8s Alimentaires<br \/>\n\u2022\u00a0 \u00a0Stimule le Syst\u00e8me\u00a0Digestif &amp; \u00c9limine la Cellulite<br \/>\n\u2022\u00a0 \u00a0Encourage le Regard sur Soi pour D\u00e9celer la V\u00e9rit\u00e9<br \/>\n\u2022\u00a0 \u00a0B\u00e9n\u00e9fique pour les Os &amp; les Articulations<br \/>\n\u2022\u00a0 \u00a0Favorise les Dents en Permettant d\u2019Absorber le Calcium<br \/>\n\u2022\u00a0 \u00a0Soulage les Douleurs des Articulations<br \/>\n\u2022\u00a0 \u00a0Am\u00e9liore la Communication en Public &amp; Facilite la Capacit\u00e9 \u00e0 Trouver ses Mots<br \/>\n\u2022\u00a0 \u00a0Apaise les Troubles de la Gorge &amp; Favorise l\u2019\u00c9coute et la Compr\u00e9hension.<br \/>\n\u2022\u00a0 \u00a0Emp\u00eache le D\u00e9veloppement du N\u00e9gativisme<br \/>\n\u2022\u00a0 \u00a0Calme les Col\u00e9riques<br \/>\n\u2022\u00a0 \u00a0Ralentit le Vieillissement Cellulaire<br \/>\n\u2022\u00a0 \u00a0Agit Positivement sur la Fertilit\u00e9 &amp; le Stress<br \/>\n\u2022\u00a0 \u00a0A un R\u00f4le B\u00e9n\u00e9fique sur la Sexualit\u00e9 &amp; les Cycles de Reproduction<\/p>\n<p>En lithoth\u00e9rapie, la\u00a0<strong>Pierre Apatite\u00a0<\/strong>est consid\u00e9r\u00e9e comme la Pierre de Fortification, d&rsquo;Apaisement &amp; correspondant au\u00a0<strong>5<sup>\u00e8me<\/sup>\u00a0Chakra de la Gorge (VISHUDDHA).<\/strong><\/p>\n","protected":false},"excerpt":{"rendered":"<p>17cm (femme) ou 19cm (homme)<\/p>\n","protected":false},"featured_media":1148,"template":"","meta":{"jetpack_post_was_ever_published":false,"jetpack_publicize_message":"","jetpack_publicize_feature_enabled":true,"jetpack_social_post_already_shared":false,"jetpack_social_options":{"image_generator_settings":{"template":"highway","default_image_id":0,"font":"","enabled":false},"version":2}},"product_brand":[],"product_cat":[18],"product_tag":[161],"class_list":{"0":"post-1147","1":"product","2":"type-product","3":"status-publish","4":"has-post-thumbnail","6":"product_cat-bijoux","7":"product_tag-bracelet-en-apatite","9":"first","10":"instock","11":"sale","12":"shipping-taxable","13":"purchasable","14":"product-type-variable"},"jetpack_publicize_connections":[],"jetpack_sharing_enabled":true,"jetpack_likes_enabled":true,"jetpack-related-posts":[{"id":1024,"url":"https:\/\/ganeshadreamstore.centreganesha.com\/store\/produit\/bracelet-en-pierre-naturelle-dapatite-bleue\/","url_meta":{"origin":1147,"position":0},"title":"Bracelet en pierre naturelle d&rsquo;apatite bleue","author":"Centre Ganesha","date":"5 mai 2021","format":false,"excerpt":"Perles de 8 mm Longueur 18,5 cm adaptable LES VERTUS ET PROPRI\u00c9T\u00c9S DE LA PIERRE APATITE BLEUE SUR LE PLAN PHYSIQUE Cette\u00a0pierre apatite bleue\u00a0am\u00e9liore la communication de groupe. Elle donne plus d\u2019aisance pour s\u2019exprimer et plus de facilit\u00e9s pour verbaliser nos pens\u00e9es. C\u2019est une pierre destin\u00e9e aux timides et \u00e0\u2026","rel":"","context":"Article similaire","block_context":{"text":"Article similaire","link":""},"img":{"alt_text":"","src":"https:\/\/i0.wp.com\/ganeshadreamstore.centreganesha.com\/store\/wp-content\/uploads\/2021\/05\/bracelet-apatite-bleue.jpg?fit=437%2C433&ssl=1&resize=350%2C200","width":350,"height":200},"classes":[]},{"id":284,"url":"https:\/\/ganeshadreamstore.centreganesha.com\/store\/produit\/bracelet-mala-en-pierre-de-grenat-rouge-pour-attirer-labondance\/","url_meta":{"origin":1147,"position":1},"title":"Bracelet mala en Pierre de Grenat rouge pour attirer l&rsquo;abondance","author":"Centre Ganesha","date":"25 d\u00e9cembre 2017","format":false,"excerpt":"Le mala est un\u00a0symbole qui aide \u00e0 gravir des \u00e9chelons sur le plan spirituel.\u00a0Il appara\u00eet comme une \u00e9preuve infinie dont chaque fin annonce le recommencement. La volont\u00e9, la pers\u00e9v\u00e9rance assurent de progresser dans sa qu\u00eate spirituelle.\u00a0Sa forme ronde invite \u00e0 un cheminement cyclique qui cependant conduit \u00e0 acc\u00e9der \u00e0 l\u2019int\u00e9rieur\u2026","rel":"","context":"Article similaire","block_context":{"text":"Article similaire","link":""},"img":{"alt_text":"","src":"https:\/\/i0.wp.com\/ganeshadreamstore.centreganesha.com\/store\/wp-content\/uploads\/2017\/12\/bracelet-pierre-grenat-rouge.jpg?fit=551%2C541&ssl=1&resize=350%2C200","width":350,"height":200,"srcset":"https:\/\/i0.wp.com\/ganeshadreamstore.centreganesha.com\/store\/wp-content\/uploads\/2017\/12\/bracelet-pierre-grenat-rouge.jpg?fit=551%2C541&ssl=1&resize=350%2C200 1x, https:\/\/i0.wp.com\/ganeshadreamstore.centreganesha.com\/store\/wp-content\/uploads\/2017\/12\/bracelet-pierre-grenat-rouge.jpg?fit=551%2C541&ssl=1&resize=525%2C300 1.5x"},"classes":[]},{"id":70,"url":"https:\/\/ganeshadreamstore.centreganesha.com\/store\/produit\/100g-de-pierres-damethyste-pour-la-guerison-ou-le-fenshui\/","url_meta":{"origin":1147,"position":2},"title":"100g de Pierres d&rsquo;amethyste pour la guerison ou le fenshui","author":"Centre Ganesha","date":"24 d\u00e9cembre 2017","format":false,"excerpt":"100gr de Pierres d'am\u00e9thyste polie pour la gu\u00e9rison ou le fenshui Les vertus de l\u2019am\u00e9thyste sont apaisantes et purifiantes.\u00a0Elle \u00e9vacue le stress, calme l\u2019insomnie et favorise la concentration et la m\u00e9ditation.\u00a0C\u2019est une pierre tr\u00e8s b\u00e9n\u00e9fique pour le mental, qui permet de trouver l\u2019\u00e9quilibre et la s\u00e9r\u00e9nit\u00e9.\u00a0L\u00e9onard de Vinci \u00e9crivait d\u2019ailleurs\u2026","rel":"","context":"Article similaire","block_context":{"text":"Article similaire","link":""},"img":{"alt_text":"","src":"https:\/\/i0.wp.com\/ganeshadreamstore.centreganesha.com\/store\/wp-content\/uploads\/2017\/12\/pierre-dam%C3%A9thyste.jpg?fit=1000%2C1002&ssl=1&resize=350%2C200","width":350,"height":200,"srcset":"https:\/\/i0.wp.com\/ganeshadreamstore.centreganesha.com\/store\/wp-content\/uploads\/2017\/12\/pierre-dam%C3%A9thyste.jpg?fit=1000%2C1002&ssl=1&resize=350%2C200 1x, https:\/\/i0.wp.com\/ganeshadreamstore.centreganesha.com\/store\/wp-content\/uploads\/2017\/12\/pierre-dam%C3%A9thyste.jpg?fit=1000%2C1002&ssl=1&resize=525%2C300 1.5x, https:\/\/i0.wp.com\/ganeshadreamstore.centreganesha.com\/store\/wp-content\/uploads\/2017\/12\/pierre-dam%C3%A9thyste.jpg?fit=1000%2C1002&ssl=1&resize=700%2C400 2x"},"classes":[]},{"id":466,"url":"https:\/\/ganeshadreamstore.centreganesha.com\/store\/produit\/magnifique-bracelet-mala-en-pierre-de-grenat\/","url_meta":{"origin":1147,"position":3},"title":"Magnifique bracelet mala en Pierre de Grenat","author":"Centre Ganesha","date":"25 d\u00e9cembre 2017","format":false,"excerpt":"Magnifique bracelet mala en Pierre de Grenat Le mala est un\u00a0symbole qui aide \u00e0 gravir des \u00e9chelons sur le plan spirituel.\u00a0Il appara\u00eet comme une \u00e9preuve infinie dont chaque fin annonce le recommencement. La volont\u00e9, la pers\u00e9v\u00e9rance assurent de progresser dans sa qu\u00eate spirituelle.\u00a0Sa forme ronde invite \u00e0 un cheminement cyclique\u2026","rel":"","context":"Article similaire","block_context":{"text":"Article similaire","link":""},"img":{"alt_text":"","src":"https:\/\/i0.wp.com\/ganeshadreamstore.centreganesha.com\/store\/wp-content\/uploads\/2017\/12\/bracelet-pierre-grenat.jpg?fit=617%2C490&ssl=1&resize=350%2C200","width":350,"height":200,"srcset":"https:\/\/i0.wp.com\/ganeshadreamstore.centreganesha.com\/store\/wp-content\/uploads\/2017\/12\/bracelet-pierre-grenat.jpg?fit=617%2C490&ssl=1&resize=350%2C200 1x, https:\/\/i0.wp.com\/ganeshadreamstore.centreganesha.com\/store\/wp-content\/uploads\/2017\/12\/bracelet-pierre-grenat.jpg?fit=617%2C490&ssl=1&resize=525%2C300 1.5x"},"classes":[]},{"id":363,"url":"https:\/\/ganeshadreamstore.centreganesha.com\/store\/produit\/collier-arbre-de-vie-en-goutte-deau\/","url_meta":{"origin":1147,"position":4},"title":"Collier Arbre de Vie en goutte d&rsquo;eau","author":"Centre Ganesha","date":"25 d\u00e9cembre 2017","format":false,"excerpt":"Le\u00a0symbole de l'Arbre de Vie\u00a0repr\u00e9sente diff\u00e9rentes qualit\u00e9s et vertus comme la sagesse, la force, la protection, l\u2019\u00e9volution, le renouveau et la r\u00e9demption. De mani\u00e8re unanime, l'arbre de vie est l\u2019arbre qui unit le monde du ciel avec le monde de la terre. L\u2019Arbre de vie est une tr\u00e8s belle id\u00e9e\u2026","rel":"","context":"Article similaire","block_context":{"text":"Article similaire","link":""},"img":{"alt_text":"","src":"https:\/\/i0.wp.com\/ganeshadreamstore.centreganesha.com\/store\/wp-content\/uploads\/2017\/12\/collier-arbre-de-vie-goutte-d-eau.amethyste.jpg?fit=435%2C432&ssl=1&resize=350%2C200","width":350,"height":200},"classes":[]},{"id":280,"url":"https:\/\/ganeshadreamstore.centreganesha.com\/store\/produit\/bracelet-mala-en-pierre-azurite-et-son-pendentif-om\/","url_meta":{"origin":1147,"position":5},"title":"Bracelet mala en pierre azurite et son pendentif OM","author":"Centre Ganesha","date":"25 d\u00e9cembre 2017","format":false,"excerpt":"Cette pierre purifie et stimule le Chakra du 3\u00e8me oeil, elle relie le corporel au spirituel. C'est l'illumination de l'\u00e2me et de l'esprit, elle aide \u00e0 la m\u00e9ditation, facilite les voyages extra-corporels et fait prendre conscience du moi int\u00e9rieur. Les intuitions deviennent plus subtiles, les pens\u00e9es sont plus claires et\u2026","rel":"","context":"Article similaire","block_context":{"text":"Article similaire","link":""},"img":{"alt_text":"","src":"https:\/\/i0.wp.com\/ganeshadreamstore.centreganesha.com\/store\/wp-content\/uploads\/2017\/12\/bracelet-pierre-azurite.jpg?fit=661%2C647&ssl=1&resize=350%2C200","width":350,"height":200,"srcset":"https:\/\/i0.wp.com\/ganeshadreamstore.centreganesha.com\/store\/wp-content\/uploads\/2017\/12\/bracelet-pierre-azurite.jpg?fit=661%2C647&ssl=1&resize=350%2C200 1x, https:\/\/i0.wp.com\/ganeshadreamstore.centreganesha.com\/store\/wp-content\/uploads\/2017\/12\/bracelet-pierre-azurite.jpg?fit=661%2C647&ssl=1&resize=525%2C300 1.5x"},"classes":[]}],"_links":{"self":[{"href":"https:\/\/ganeshadreamstore.centreganesha.com\/store\/wp-json\/wp\/v2\/product\/1147","targetHints":{"allow":["GET"]}}],"collection":[{"href":"https:\/\/ganeshadreamstore.centreganesha.com\/store\/wp-json\/wp\/v2\/product"}],"about":[{"href":"https:\/\/ganeshadreamstore.centreganesha.com\/store\/wp-json\/wp\/v2\/types\/product"}],"wp:featuredmedia":[{"embeddable":true,"href":"https:\/\/ganeshadreamstore.centreganesha.com\/store\/wp-json\/wp\/v2\/media\/1148"}],"wp:attachment":[{"href":"https:\/\/ganeshadreamstore.centreganesha.com\/store\/wp-json\/wp\/v2\/media?parent=1147"}],"wp:term":[{"taxonomy":"product_brand","embeddable":true,"href":"https:\/\/ganeshadreamstore.centreganesha.com\/store\/wp-json\/wp\/v2\/product_brand?post=1147"},{"taxonomy":"product_cat","embeddable":true,"href":"https:\/\/ganeshadreamstore.centreganesha.com\/store\/wp-json\/wp\/v2\/product_cat?post=1147"},{"taxonomy":"product_tag","embeddable":true,"href":"https:\/\/ganeshadreamstore.centreganesha.com\/store\/wp-json\/wp\/v2\/product_tag?post=1147"}],"curies":[{"name":"wp","href":"https:\/\/api.w.org\/{rel}","templated":true}]}}