{"id":1139,"date":"2021-05-08T12:01:01","date_gmt":"2021-05-08T10:01:01","guid":{"rendered":"https:\/\/www.ganeshadreamstore.centreganesha.com\/store\/?post_type=product&#038;p=1139"},"modified":"2021-05-21T16:52:21","modified_gmt":"2021-05-21T14:52:21","slug":"amulette-en-obsidienne-noire","status":"publish","type":"product","link":"https:\/\/ganeshadreamstore.centreganesha.com\/store\/produit\/amulette-en-obsidienne-noire\/","title":{"rendered":"Amulette en obsidienne noire"},"content":{"rendered":"<p>L\u2019obsidienne noire est r\u00e9put\u00e9e pour \u00eatre bonne pour la sant\u00e9 si elle est sur le chakra pertinent. Elle peut aider \u00e0 la digestion, r\u00e9soudre certains probl\u00e8mes digestifs, soulager les douleurs au niveau de la v\u00e9sicule biliaire, stabiliser la tension art\u00e9rielle et am\u00e9liorer la sant\u00e9 cardiaque. La pierre va vous apporter la force de vous remettre su pied et vos tissus musculaires peuvent b\u00e9n\u00e9ficier de ces effets. On lui pr\u00eate la capacit\u00e9 de combattre les propagations bact\u00e9riennes ou virales. Si vous \u00eates d\u2019une nature stress\u00e9e, la pierre va vous apporter un v\u00e9ritable confort de vie puisqu\u2019elle \u00e9limine les tensions et le stress de votre corps en vous apportant le calme et la d\u00e9tente. Ainsi, vous \u00e9loignerez l\u2019\u00e9tat de tristesse profonde, les id\u00e9es noires et les inqui\u00e9tudes. La\u00a0<strong>pierre obsidienne noire<\/strong>\u00a0va vous ouvrir les yeux sur les causes de votre douleur et de votre malaise pour que vous puissiez les \u00e9liminer de votre quotidien. Elle va attirer la chance dans votre vie. Ainsi, vous devez constamment avoir la pierre sur vous pour ne pas louper une occasion.<\/p>\n<p>En nettoyant l\u2019\u00e9nergie et les esprits n\u00e9gatifs qui vous emp\u00eachent de prendre de bonnes d\u00e9cisions et vous encombrent l\u2019esprit, vous allez conjurer le mauvais esprit. Vous aurez rapidement envie de changements radicaux. Vous tournerez la page sur le pass\u00e9 pour apercevoir un avenir plus radieux. Toutes les mauvaises pens\u00e9es qui peuvent nuire \u00e0 vos sentiments et \u00e0 vos relations vont dispara\u00eetre. La n\u00e9gativit\u00e9 qui rongeait auparavant lentement vos relations aussi. Cela est vital puisqu\u2019\u00e0 long terme, le pessimiste vous br\u00fble. La\u00a0<strong>pierre obsidienne noire<\/strong>\u00a0va nettoyer vos auras pour vous faire du bien. Vous pourrez alors calmement vous d\u00e9barrasser de votre n\u00e9gativit\u00e9 et de la disharmonie de vos relations. Tous les jours, vous accumulez des toxines sur vos auras. La pierre va les faire dispara\u00eetre et vous montrer la v\u00e9rit\u00e9. Les conditions ci-dessus sont les seules qui vont vous permettre d\u2019aimer sainement et d\u2019\u00eatre aim\u00e9 par vos proches. Si vous n\u2019\u00eates pas honn\u00eate avec vous, vos relations ne seront que mensonges. Plus t\u00f4t vous en prenez conscience et plus t\u00f4t vous pourrez vous ouvrir \u00e0 l\u2019amour et \u00eatre heureux. Quand la pierre commence \u00e0 fonctionner, vous pouvez vous rendre compte que vous avez la ma\u00eetrise de vous-m\u00eame et que vous \u00eates plus proche du monde spirituel. Gr\u00e2ce \u00e0 la pierre obsidienne, vous allez enfin pouvoir \u00eatre dans le vrai et vous entourer d\u2019\u00e9nergies th\u00e9rapeutiques.<\/p>\n","protected":false},"excerpt":{"rendered":"<p>L\u2019obsidienne noire est r\u00e9put\u00e9e pour \u00eatre bonne pour la sant\u00e9 si elle est sur le chakra pertinent. Elle peut aider \u00e0 la digestion, r\u00e9soudre certains probl\u00e8mes digestifs, soulager les douleurs au niveau de la v\u00e9sicule biliaire, stabiliser la tension art\u00e9rielle et am\u00e9liorer la sant\u00e9 cardiaque. La pierre va vous apporter la force de vous remettre [&hellip;]<\/p>\n","protected":false},"featured_media":1141,"template":"","meta":{"jetpack_post_was_ever_published":false,"jetpack_publicize_message":"","jetpack_publicize_feature_enabled":true,"jetpack_social_post_already_shared":false,"jetpack_social_options":{"image_generator_settings":{"template":"highway","default_image_id":0,"font":"","enabled":false},"version":2}},"product_brand":[],"product_cat":[18],"product_tag":[193,192,191,46],"class_list":{"0":"post-1139","1":"product","2":"type-product","3":"status-publish","4":"has-post-thumbnail","6":"product_cat-bijoux","7":"product_tag-amulette","8":"product_tag-bijou","9":"product_tag-bijoux","10":"product_tag-obsidienne","12":"first","13":"instock","14":"shipping-taxable","15":"purchasable","16":"product-type-simple"},"jetpack_publicize_connections":[],"jetpack_sharing_enabled":true,"jetpack_likes_enabled":true,"jetpack-related-posts":[{"id":520,"url":"https:\/\/ganeshadreamstore.centreganesha.com\/store\/produit\/pendentif-ganesh-en-obsidienne\/","url_meta":{"origin":1139,"position":0},"title":"Pendentif Ganesh en obsidienne","author":"Centre Ganesha","date":"25 d\u00e9cembre 2017","format":false,"excerpt":"Ganesh en obsidienne noire\u00a0\u00e0 porter pour enlever les obstacles de son chemin. L'obsidienne noire\u00a0est l'une des pierres\u00a0les plus puissantes de la nature. Elle augmente la force vitale, donne de l'\u00e9nergie et attire des opportunit\u00e9s. Elle vous aide a vous reconnecter \u00e0 votre \u00e2me\u00a0et \u00e0 \u00eatre guid\u00e9 vers votre but de\u2026","rel":"","context":"Article similaire","block_context":{"text":"Article similaire","link":""},"img":{"alt_text":"","src":"https:\/\/i0.wp.com\/ganeshadreamstore.centreganesha.com\/store\/wp-content\/uploads\/2017\/12\/collier-ganesh-obsidienne2.jpg?fit=484%2C483&ssl=1&resize=350%2C200","width":350,"height":200},"classes":[]},{"id":390,"url":"https:\/\/ganeshadreamstore.centreganesha.com\/store\/produit\/collier-elephant-et-son-bebe-en-obsidienne\/","url_meta":{"origin":1139,"position":1},"title":"Collier Elephant et son bebe en obsidienne","author":"Centre Ganesha","date":"25 d\u00e9cembre 2017","format":false,"excerpt":"Ce collier de\u00a0m\u00e8re \u00e9l\u00e9phant avec son b\u00e9b\u00e9 en obsidienne noire\u00a0est \u00e0 porter pour la protection. Dans de nombreuses cultures,\u00a0l'\u00e9l\u00e9phant\u00a0est un symbole de force,\u00a0d'inspiration constante, d'honneur, de stabilit\u00e9 et de patience. Dans le bouddhisme,\u00a0l'\u00e9l\u00e9phant\u00a0est v\u00e9n\u00e9r\u00e9 pour ces qualit\u00e9s, et il est souvent repr\u00e9sent\u00e9 avec ou comme Bouddha lorsqu'il atteint l'illumination. Dans\u2026","rel":"","context":"Article similaire","block_context":{"text":"Article similaire","link":""},"img":{"alt_text":"","src":"https:\/\/i0.wp.com\/ganeshadreamstore.centreganesha.com\/store\/wp-content\/uploads\/2017\/12\/collier-elephant-et-bebe2.jpg?fit=620%2C588&ssl=1&resize=350%2C200","width":350,"height":200,"srcset":"https:\/\/i0.wp.com\/ganeshadreamstore.centreganesha.com\/store\/wp-content\/uploads\/2017\/12\/collier-elephant-et-bebe2.jpg?fit=620%2C588&ssl=1&resize=350%2C200 1x, https:\/\/i0.wp.com\/ganeshadreamstore.centreganesha.com\/store\/wp-content\/uploads\/2017\/12\/collier-elephant-et-bebe2.jpg?fit=620%2C588&ssl=1&resize=525%2C300 1.5x"},"classes":[]},{"id":567,"url":"https:\/\/ganeshadreamstore.centreganesha.com\/store\/produit\/pyramide-en-pierre-semi-precieuse\/","url_meta":{"origin":1139,"position":2},"title":"Pyramide en Pierre Semi-precieuse","author":"Centre Ganesha","date":"25 d\u00e9cembre 2017","format":false,"excerpt":"Centrez-vous et \u00e9quilibrez vos \u00e9nergies gr\u00e2ce\u00a0\u00e0 nos 8\u00a0Pyramides en Pierre Semi-pr\u00e9cieuse\u00a0 que vous pourrez charger en Energie Reiki. Lorsque vous placez une pyramide de pierre naturelle sur votre bureau,\u00a0elle engendre des changements importants dans\u00a0l'ensemble du champs \u00e9nerg\u00e9tique autour de vous. Ce changement de vibration vous permet de\u00a0rester plus concentr\u00e9\u00a0en travaillant\u2026","rel":"","context":"Article similaire","block_context":{"text":"Article similaire","link":""},"img":{"alt_text":"","src":"https:\/\/i0.wp.com\/ganeshadreamstore.centreganesha.com\/store\/wp-content\/uploads\/2017\/12\/pyramide-lapis-lazuli.jpg?fit=1000%2C960&ssl=1&resize=350%2C200","width":350,"height":200,"srcset":"https:\/\/i0.wp.com\/ganeshadreamstore.centreganesha.com\/store\/wp-content\/uploads\/2017\/12\/pyramide-lapis-lazuli.jpg?fit=1000%2C960&ssl=1&resize=350%2C200 1x, https:\/\/i0.wp.com\/ganeshadreamstore.centreganesha.com\/store\/wp-content\/uploads\/2017\/12\/pyramide-lapis-lazuli.jpg?fit=1000%2C960&ssl=1&resize=525%2C300 1.5x, https:\/\/i0.wp.com\/ganeshadreamstore.centreganesha.com\/store\/wp-content\/uploads\/2017\/12\/pyramide-lapis-lazuli.jpg?fit=1000%2C960&ssl=1&resize=700%2C400 2x"},"classes":[]},{"id":1024,"url":"https:\/\/ganeshadreamstore.centreganesha.com\/store\/produit\/bracelet-en-pierre-naturelle-dapatite-bleue\/","url_meta":{"origin":1139,"position":3},"title":"Bracelet en pierre naturelle d&rsquo;apatite bleue","author":"Centre Ganesha","date":"5 mai 2021","format":false,"excerpt":"Perles de 8 mm Longueur 18,5 cm adaptable LES VERTUS ET PROPRI\u00c9T\u00c9S DE LA PIERRE APATITE BLEUE SUR LE PLAN PHYSIQUE Cette\u00a0pierre apatite bleue\u00a0am\u00e9liore la communication de groupe. Elle donne plus d\u2019aisance pour s\u2019exprimer et plus de facilit\u00e9s pour verbaliser nos pens\u00e9es. C\u2019est une pierre destin\u00e9e aux timides et \u00e0\u2026","rel":"","context":"Article similaire","block_context":{"text":"Article similaire","link":""},"img":{"alt_text":"","src":"https:\/\/i0.wp.com\/ganeshadreamstore.centreganesha.com\/store\/wp-content\/uploads\/2021\/05\/bracelet-apatite-bleue.jpg?fit=437%2C433&ssl=1&resize=350%2C200","width":350,"height":200},"classes":[]},{"id":70,"url":"https:\/\/ganeshadreamstore.centreganesha.com\/store\/produit\/100g-de-pierres-damethyste-pour-la-guerison-ou-le-fenshui\/","url_meta":{"origin":1139,"position":4},"title":"100g de Pierres d&rsquo;amethyste pour la guerison ou le fenshui","author":"Centre Ganesha","date":"24 d\u00e9cembre 2017","format":false,"excerpt":"100gr de Pierres d'am\u00e9thyste polie pour la gu\u00e9rison ou le fenshui Les vertus de l\u2019am\u00e9thyste sont apaisantes et purifiantes.\u00a0Elle \u00e9vacue le stress, calme l\u2019insomnie et favorise la concentration et la m\u00e9ditation.\u00a0C\u2019est une pierre tr\u00e8s b\u00e9n\u00e9fique pour le mental, qui permet de trouver l\u2019\u00e9quilibre et la s\u00e9r\u00e9nit\u00e9.\u00a0L\u00e9onard de Vinci \u00e9crivait d\u2019ailleurs\u2026","rel":"","context":"Article similaire","block_context":{"text":"Article similaire","link":""},"img":{"alt_text":"","src":"https:\/\/i0.wp.com\/ganeshadreamstore.centreganesha.com\/store\/wp-content\/uploads\/2017\/12\/pierre-dam%C3%A9thyste.jpg?fit=1000%2C1002&ssl=1&resize=350%2C200","width":350,"height":200,"srcset":"https:\/\/i0.wp.com\/ganeshadreamstore.centreganesha.com\/store\/wp-content\/uploads\/2017\/12\/pierre-dam%C3%A9thyste.jpg?fit=1000%2C1002&ssl=1&resize=350%2C200 1x, https:\/\/i0.wp.com\/ganeshadreamstore.centreganesha.com\/store\/wp-content\/uploads\/2017\/12\/pierre-dam%C3%A9thyste.jpg?fit=1000%2C1002&ssl=1&resize=525%2C300 1.5x, https:\/\/i0.wp.com\/ganeshadreamstore.centreganesha.com\/store\/wp-content\/uploads\/2017\/12\/pierre-dam%C3%A9thyste.jpg?fit=1000%2C1002&ssl=1&resize=700%2C400 2x"},"classes":[]},{"id":1549,"url":"https:\/\/ganeshadreamstore.centreganesha.com\/store\/produit\/pierre-de-cintamani-tachyonisee\/","url_meta":{"origin":1139,"position":5},"title":"Pierre de Cintamani Tachyonis\u00e9e","author":"Centre Ganesha","date":"19 novembre 2025","format":false,"excerpt":"Actuellement associ\u00e9e \u00e0 la chambre \u00e0 Tachyons, la pierre de Cintamani est la pierre de l'Ascension dans la 5D. Le\u00a0chintamani\u00a0(devanagari\u00a0:\u00a0\u091a\u093f\u0928\u094d\u0924\u093e\u092e\u0923\u093f\u00a0\/\u00a0Cint\u0101ma\u1e47i), qui vient du\u00a0sanskrit\u00a0\u091a\u093f\u0928\u094d\u0924\u093e\u00a0\/\u00a0cint\u0101\u00a0(\u00ab\u00a0mental\u00a0\u00bb) et\u00a0\u092e\u0923\u093f\u00a0\/\u00a0ma\u1e47i\u00a0(\u00ab\u00a0joyau\u00a0\u00bb), est une\u00a0pierre pr\u00e9cieuse\u00a0accomplissant les souhaits dans les traditions\u00a0hindoue\u00a0et\u00a0bouddhiste. Dans l'hindouisme, il est li\u00e9 aux dieux\u00a0Vishnu\u00a0et\u00a0Ganesh. Il est aussi l\u2019une des sept possessions d\u2019un\u00a0chakravartin, grand souverain. Dans\u2026","rel":"","context":"Article similaire","block_context":{"text":"Article similaire","link":""},"img":{"alt_text":"","src":"https:\/\/i0.wp.com\/ganeshadreamstore.centreganesha.com\/store\/wp-content\/uploads\/2025\/11\/cintamani2.jpg?fit=537%2C495&ssl=1&resize=350%2C200","width":350,"height":200,"srcset":"https:\/\/i0.wp.com\/ganeshadreamstore.centreganesha.com\/store\/wp-content\/uploads\/2025\/11\/cintamani2.jpg?fit=537%2C495&ssl=1&resize=350%2C200 1x, https:\/\/i0.wp.com\/ganeshadreamstore.centreganesha.com\/store\/wp-content\/uploads\/2025\/11\/cintamani2.jpg?fit=537%2C495&ssl=1&resize=525%2C300 1.5x"},"classes":[]}],"_links":{"self":[{"href":"https:\/\/ganeshadreamstore.centreganesha.com\/store\/wp-json\/wp\/v2\/product\/1139","targetHints":{"allow":["GET"]}}],"collection":[{"href":"https:\/\/ganeshadreamstore.centreganesha.com\/store\/wp-json\/wp\/v2\/product"}],"about":[{"href":"https:\/\/ganeshadreamstore.centreganesha.com\/store\/wp-json\/wp\/v2\/types\/product"}],"wp:featuredmedia":[{"embeddable":true,"href":"https:\/\/ganeshadreamstore.centreganesha.com\/store\/wp-json\/wp\/v2\/media\/1141"}],"wp:attachment":[{"href":"https:\/\/ganeshadreamstore.centreganesha.com\/store\/wp-json\/wp\/v2\/media?parent=1139"}],"wp:term":[{"taxonomy":"product_brand","embeddable":true,"href":"https:\/\/ganeshadreamstore.centreganesha.com\/store\/wp-json\/wp\/v2\/product_brand?post=1139"},{"taxonomy":"product_cat","embeddable":true,"href":"https:\/\/ganeshadreamstore.centreganesha.com\/store\/wp-json\/wp\/v2\/product_cat?post=1139"},{"taxonomy":"product_tag","embeddable":true,"href":"https:\/\/ganeshadreamstore.centreganesha.com\/store\/wp-json\/wp\/v2\/product_tag?post=1139"}],"curies":[{"name":"wp","href":"https:\/\/api.w.org\/{rel}","templated":true}]}}