{"id":1132,"date":"2021-05-08T11:32:40","date_gmt":"2021-05-08T09:32:40","guid":{"rendered":"https:\/\/www.ganeshadreamstore.centreganesha.com\/store\/?post_type=product&#038;p=1132"},"modified":"2021-12-17T14:18:02","modified_gmt":"2021-12-17T13:18:02","slug":"pyramide-en-orgonite","status":"publish","type":"product","link":"https:\/\/ganeshadreamstore.centreganesha.com\/store\/produit\/pyramide-en-orgonite\/","title":{"rendered":"Pyramide en orgonite"},"content":{"rendered":"<p><strong>L&rsquo;orgonite est un petit convertisseur d&rsquo;\u00e9nergie pour :<\/strong><\/p>\n<p><strong>1. purifier le cadre de vie<\/strong><\/p>\n<p><strong data-spm-anchor-id=\"a2g0o.detail.1000023.i0.61cb1a19ZYKLmY\">L&rsquo;orgonite peut \u00e9liminer l&rsquo;\u00e9nergie n\u00e9gative (champ magn\u00e9tique n\u00e9gatif) de l&rsquo;environnement. L&rsquo;orgonite peut r\u00e9duire le rayonnement \u00e9lectromagn\u00e9tique.<\/strong><\/p>\n<p><strong>2. purifier le champ d&rsquo;\u00e9nergie du corps humain<\/strong><\/p>\n<p><strong>La pyramide peut \u00eatre plac\u00e9 dans la chambre \u00e0 coucher pour am\u00e9liorer certains probl\u00e8mes de sommeil (non pathologiques), soulager le stress \u00e9motionnel et atteindre l&rsquo;\u00e9quilibre.<\/strong><\/p>\n<p><strong>3. pour les objets<\/strong><\/p>\n<p><strong>Vous pouvez charger n&rsquo;importe quelle boisson, eau, nourriture pour gagner plus de vitalit\u00e9 et d&rsquo;\u00e9nergie.\u00a0\u00a0<\/strong><\/p>\n<div class=\"detailmodule_text\">\n<p class=\"detail-desc-decorate-title\">Qu&rsquo;est-ce que l&rsquo;\u00e9nergie Orgone?<\/p>\n<p class=\"detail-desc-decorate-content\" data-spm-anchor-id=\"a2g0o.detail.1000023.i0.4e813c5c2cps6b\">L&rsquo;orgonite a \u00e9t\u00e9 inspir\u00e9e par la recherche du Dr Wilhelm Reich, un psychologue autrichien qui a \u00e9tudi\u00e9 la bio\u00e9nergie au 20\u00e8me si\u00e8cle. Il a constat\u00e9 que l&rsquo;\u00e9nergie (qu&rsquo;il a appel\u00e9e \u00e9nergie orgone) se comporte diff\u00e9remment selon qu&rsquo;elle interagit avec des mat\u00e9riaux organiques, \u00e0 base de carbone ou des m\u00e9taux inorganiques. L&rsquo;orgonite fonctionne en aspirant de l&rsquo;\u00e9nergie \u00e0 travers sa matrice qui est faite de r\u00e9sine et de m\u00e9taux, les mat\u00e9riaux organiques et inorganiques. \u00c0 l&rsquo;int\u00e9rieur de chaque orgonite se trouve un quartz cristal. Le cristal renvoie l&rsquo;\u00e9nergie \u00e0 un \u00e9tat naturel, \u00e9quilibr\u00e9 et sain.<\/p>\n<p class=\"detail-desc-decorate-content\" data-spm-anchor-id=\"a2g0o.detail.1000023.i0.4e813c5c2cps6b\">-Propri\u00e9t\u00e9s de gu\u00e9rison de cette conception<\/p>\n<p class=\"detail-desc-decorate-content\" data-spm-anchor-id=\"a2g0o.detail.1000023.i0.4e813c5c2cps6b\">&#8211; Avantages physiques : Neurologique, thyro\u00efde, glande pin\u00e9ale, r\u00e9paration de l&rsquo;adn, syst\u00e8me nerveux, sommeil,<\/p>\n<p class=\"detail-desc-decorate-content\" data-spm-anchor-id=\"a2g0o.detail.1000023.i0.4e813c5c2cps6b\">&#8211; La Gu\u00e9rison \u00e9motionnelle ~ Tranquillit\u00e9, \u00e9tat m\u00e9ditatif, dire la v\u00e9rit\u00e9, l&rsquo;anxi\u00e9t\u00e9, la Compassion, le confort, le raisonnement, la confiance en soi, l&rsquo;\u00e9quilibre \u00e9motionnel tout autour de soi.<\/p>\n<p class=\"detail-desc-decorate-content\" data-spm-anchor-id=\"a2g0o.detail.1000023.i0.4e813c5c2cps6b\">~ La Gu\u00e9rison spirituelle ~ Conseils pour ceux qui ont une voie Divine. Connexions Extraterrestres, Protection, conscience cosmique, am\u00e9lioration des capacit\u00e9s psychiques, amour inconditionnel, croissance spirituelle.<\/p>\n<p class=\"detail-desc-decorate-content\" data-spm-anchor-id=\"a2g0o.detail.1000023.i0.4e813c5c2cps6b\">~ Chakras ~ Troisi\u00e8me \u0153il, couronne,<\/p>\n<p class=\"detail-desc-decorate-content\" data-spm-anchor-id=\"a2g0o.detail.1000023.i0.4e813c5c2cps6b\">Chaque pi\u00e8ce est con\u00e7ue personnellement. Chaque pierre est plac\u00e9e sp\u00e9cifiquement.<\/p>\n<p class=\"detail-desc-decorate-content\" data-spm-anchor-id=\"a2g0o.detail.1000023.i0.4e813c5c2cps6b\">Avantages des g\u00e9n\u00e9rateurs d&rsquo;\u00e9nergie Orgone<\/p>\n<ul>\n<li class=\"detail-desc-decorate-content\" data-spm-anchor-id=\"a2g0o.detail.1000023.i0.4e813c5c2cps6b\">Am\u00e9lioration de la sant\u00e9 physique<\/li>\n<li class=\"detail-desc-decorate-content\" data-spm-anchor-id=\"a2g0o.detail.1000023.i0.4e813c5c2cps6b\">Sommeil paisible<\/li>\n<li class=\"detail-desc-decorate-content\" data-spm-anchor-id=\"a2g0o.detail.1000023.i0.4e813c5c2cps6b\">Protection Contre les Rayonnements \u00c9lectromagn\u00e9tiques<\/li>\n<li class=\"detail-desc-decorate-content\" data-spm-anchor-id=\"a2g0o.detail.1000023.i0.4e813c5c2cps6b\">Un champ d&rsquo;\u00e9nergie harmonieux pour la maison ou le bureau<\/li>\n<li class=\"detail-desc-decorate-content\" data-spm-anchor-id=\"a2g0o.detail.1000023.i0.4e813c5c2cps6b\">Synchronise tous les objets avec leurs propres vibrations naturelles.<\/li>\n<li class=\"detail-desc-decorate-content\" data-spm-anchor-id=\"a2g0o.detail.1000023.i0.4e813c5c2cps6b\">Am\u00e9liore les capacit\u00e9s psychiques et le d\u00e9sir de croissance spirituelle<\/li>\n<li class=\"detail-desc-decorate-content\" data-spm-anchor-id=\"a2g0o.detail.1000023.i0.4e813c5c2cps6b\">Stimule La Croissance Des Plantes.<\/li>\n<li class=\"detail-desc-decorate-content\" data-spm-anchor-id=\"a2g0o.detail.1000023.i0.4e813c5c2cps6b\">Garde les aliments frais plus longtemps.<\/li>\n<li class=\"detail-desc-decorate-content\" data-spm-anchor-id=\"a2g0o.detail.1000023.i0.4e813c5c2cps6b\">Fournit une humeur globalement plus heureuse<\/li>\n<\/ul>\n<p>Chaque dispositif Orgone contient le pouvoir de transmuter les Champs \u00e9lectromagn\u00e9tiques nocifs\u00a0 d&rsquo;\u00e9nergie.<\/p>\n<p>&nbsp;<\/p>\n<\/div>\n","protected":false},"excerpt":{"rendered":"<h4 class=\"product-title-text\" data-spm-anchor-id=\"a2g0o.detail.1000016.i2.646b12329bNSz2\">2 mod\u00e8les :<\/h4>\n<h4 class=\"product-title-text\" data-spm-anchor-id=\"a2g0o.detail.1000016.i2.646b12329bNSz2\">Pyramide\u00a0 arbre de vie,<\/h4>\n<h4>Pyramide OM<\/h4>\n<h4 class=\"product-title-text\" data-spm-anchor-id=\"a2g0o.detail.1000016.i2.646b12329bNSz2\">50mm,<\/h4>\n<h4 class=\"product-title-text\" data-spm-anchor-id=\"a2g0o.detail.1000016.i2.646b12329bNSz2\">p\u00e9ridot et Malachite<\/h4>\n","protected":false},"featured_media":1137,"template":"","meta":{"jetpack_post_was_ever_published":false,"jetpack_publicize_message":"","jetpack_publicize_feature_enabled":true,"jetpack_social_post_already_shared":false,"jetpack_social_options":{"image_generator_settings":{"template":"highway","default_image_id":0,"font":"","enabled":false},"version":2}},"product_brand":[],"product_cat":[23],"product_tag":[137,159,160],"class_list":{"0":"post-1132","1":"product","2":"type-product","3":"status-publish","4":"has-post-thumbnail","6":"product_cat-fen-shui","7":"product_tag-orgonite","8":"product_tag-pyramide","9":"product_tag-pyramide-en-orgonite","11":"first","12":"instock","13":"sale","14":"shipping-taxable","15":"purchasable","16":"product-type-variable"},"jetpack_publicize_connections":[],"jetpack_sharing_enabled":true,"jetpack_likes_enabled":true,"jetpack-related-posts":[{"id":567,"url":"https:\/\/ganeshadreamstore.centreganesha.com\/store\/produit\/pyramide-en-pierre-semi-precieuse\/","url_meta":{"origin":1132,"position":0},"title":"Pyramide en Pierre Semi-precieuse","author":"Centre Ganesha","date":"25 d\u00e9cembre 2017","format":false,"excerpt":"Centrez-vous et \u00e9quilibrez vos \u00e9nergies gr\u00e2ce\u00a0\u00e0 nos 8\u00a0Pyramides en Pierre Semi-pr\u00e9cieuse\u00a0 que vous pourrez charger en Energie Reiki. Lorsque vous placez une pyramide de pierre naturelle sur votre bureau,\u00a0elle engendre des changements importants dans\u00a0l'ensemble du champs \u00e9nerg\u00e9tique autour de vous. Ce changement de vibration vous permet de\u00a0rester plus concentr\u00e9\u00a0en travaillant\u2026","rel":"","context":"Article similaire","block_context":{"text":"Article similaire","link":""},"img":{"alt_text":"","src":"https:\/\/i0.wp.com\/ganeshadreamstore.centreganesha.com\/store\/wp-content\/uploads\/2017\/12\/pyramide-lapis-lazuli.jpg?fit=1000%2C960&ssl=1&resize=350%2C200","width":350,"height":200,"srcset":"https:\/\/i0.wp.com\/ganeshadreamstore.centreganesha.com\/store\/wp-content\/uploads\/2017\/12\/pyramide-lapis-lazuli.jpg?fit=1000%2C960&ssl=1&resize=350%2C200 1x, https:\/\/i0.wp.com\/ganeshadreamstore.centreganesha.com\/store\/wp-content\/uploads\/2017\/12\/pyramide-lapis-lazuli.jpg?fit=1000%2C960&ssl=1&resize=525%2C300 1.5x, https:\/\/i0.wp.com\/ganeshadreamstore.centreganesha.com\/store\/wp-content\/uploads\/2017\/12\/pyramide-lapis-lazuli.jpg?fit=1000%2C960&ssl=1&resize=700%2C400 2x"},"classes":[]},{"id":916,"url":"https:\/\/ganeshadreamstore.centreganesha.com\/store\/produit\/collier-de-protection-reiki-en-orgonite-et-son-primordial-om\/","url_meta":{"origin":1132,"position":1},"title":"Collier de protection Reiki en orgonite et Son primordial OM","author":"Centre Ganesha","date":"15 d\u00e9cembre 2019","format":false,"excerpt":"COMME VOUS LE SAVEZ, LA 5G PEUT AFFECTER LA STRUCTURE DE L'ADN. IMPRESSIONNANT, N'EST-CE PAS ? Le nouveau collier de protection EMF \u00e9met de puissantes vibrations de l'orgone qui bloquent la pollution \u00e9lectromagn\u00e9tique des tours t\u00e9l\u00e9phoniques, smartphones, WiFi, 4G et bient\u00f4t 5G.... Invisible, inodore et intangible, c'est ce qui rend\u2026","rel":"","context":"Article similaire","block_context":{"text":"Article similaire","link":""},"img":{"alt_text":"","src":"https:\/\/i0.wp.com\/ganeshadreamstore.centreganesha.com\/store\/wp-content\/uploads\/2019\/12\/collier-reiki-orgonite.jpg?fit=445%2C448&ssl=1&resize=350%2C200","width":350,"height":200},"classes":[]},{"id":1431,"url":"https:\/\/ganeshadreamstore.centreganesha.com\/store\/produit\/collier-de-protection-reiki-shokure-en-orgonite\/","url_meta":{"origin":1132,"position":2},"title":"Collier de protection Reiki ShoKuR\u00e9 en orgonite","author":"Centre Ganesha","date":"20 janvier 2022","format":false,"excerpt":"Collier de protection Reiki ShoKuR\u00e9 en orgonite avec son cordonnet r\u00e9glable.","rel":"","context":"Article similaire","block_context":{"text":"Article similaire","link":""},"img":{"alt_text":"","src":"https:\/\/i0.wp.com\/ganeshadreamstore.centreganesha.com\/store\/wp-content\/uploads\/2022\/01\/collier-protection-reiki-shokure2.jpg?fit=719%2C684&ssl=1&resize=350%2C200","width":350,"height":200,"srcset":"https:\/\/i0.wp.com\/ganeshadreamstore.centreganesha.com\/store\/wp-content\/uploads\/2022\/01\/collier-protection-reiki-shokure2.jpg?fit=719%2C684&ssl=1&resize=350%2C200 1x, https:\/\/i0.wp.com\/ganeshadreamstore.centreganesha.com\/store\/wp-content\/uploads\/2022\/01\/collier-protection-reiki-shokure2.jpg?fit=719%2C684&ssl=1&resize=525%2C300 1.5x, https:\/\/i0.wp.com\/ganeshadreamstore.centreganesha.com\/store\/wp-content\/uploads\/2022\/01\/collier-protection-reiki-shokure2.jpg?fit=719%2C684&ssl=1&resize=700%2C400 2x"},"classes":[]},{"id":907,"url":"https:\/\/ganeshadreamstore.centreganesha.com\/store\/produit\/collier-7-chakras-en-orgonite\/","url_meta":{"origin":1132,"position":3},"title":"COLLIER 7 CHAKRAS EN ORGONITE","author":"Centre Ganesha","date":"15 d\u00e9cembre 2019","format":false,"excerpt":"COMME VOUS LE SAVEZ, LA 5G PEUT AFFECTER LA STRUCTURE DE L'ADN. IMPRESSIONNANT, N'EST-CE PAS ? Le nouveau collier de protection EMF \u00e9met de puissantes vibrations de l'orgone qui bloquent la pollution \u00e9lectromagn\u00e9tique des tours t\u00e9l\u00e9phoniques, smartphones, WiFi, 4G et bient\u00f4t 5G.... Invisible, inodore et intangible, c'est ce qui rend\u2026","rel":"","context":"Article similaire","block_context":{"text":"Article similaire","link":""},"img":{"alt_text":"","src":"https:\/\/i0.wp.com\/ganeshadreamstore.centreganesha.com\/store\/wp-content\/uploads\/2019\/12\/collier-7-chakras-orgonite2.jpg?fit=506%2C472&ssl=1&resize=350%2C200","width":350,"height":200},"classes":[]},{"id":911,"url":"https:\/\/ganeshadreamstore.centreganesha.com\/store\/produit\/collier-de-protection-avec-pierres-et-orgonite-incluses-sous-resine-12-pans\/","url_meta":{"origin":1132,"position":4},"title":"Collier de protection avec pierres et orgonite incluses sous r\u00e9sine 12 pans","author":"Centre Ganesha","date":"15 d\u00e9cembre 2019","format":false,"excerpt":"COMME VOUS LE SAVEZ, LA 5G PEUT AFFECTER LA STRUCTURE DE L'ADN. IMPRESSIONNANT, N'EST-CE PAS ? Le nouveau collier de protection EMF \u00e9met de puissantes vibrations de l'orgone qui bloquent la pollution \u00e9lectromagn\u00e9tique des tours t\u00e9l\u00e9phoniques, smartphones, WiFi, 4G et bient\u00f4t 5G.... Invisible, inodore et intangible, c'est ce qui rend\u2026","rel":"","context":"Article similaire","block_context":{"text":"Article similaire","link":""},"img":{"alt_text":"","src":"https:\/\/i0.wp.com\/ganeshadreamstore.centreganesha.com\/store\/wp-content\/uploads\/2019\/12\/collier-pendentif-orgonite2.jpg?fit=438%2C444&ssl=1&resize=350%2C200","width":350,"height":200},"classes":[]},{"id":1421,"url":"https:\/\/ganeshadreamstore.centreganesha.com\/store\/produit\/fleur-de-vie-en-bois\/","url_meta":{"origin":1132,"position":5},"title":"Fleur de vie en bois","author":"Centre Ganesha","date":"26 d\u00e9cembre 2021","format":false,"excerpt":"G\u00e9om\u00e9trie sacr\u00e9e : Fleur de Vie Cette fleur de vie en bois et d\u00e9coup\u00e9e au laser vous apportera tous les bienfaits de son onde de forme. \u00c9paisseur: 5mm\u00a0 Taille: diam\u00e8tre: 14cm","rel":"","context":"Article similaire","block_context":{"text":"Article similaire","link":""},"img":{"alt_text":"","src":"https:\/\/i0.wp.com\/ganeshadreamstore.centreganesha.com\/store\/wp-content\/uploads\/2021\/12\/fleur-de-vie-en-bois.jpg?fit=346%2C346&ssl=1&resize=350%2C200","width":350,"height":200},"classes":[]}],"_links":{"self":[{"href":"https:\/\/ganeshadreamstore.centreganesha.com\/store\/wp-json\/wp\/v2\/product\/1132","targetHints":{"allow":["GET"]}}],"collection":[{"href":"https:\/\/ganeshadreamstore.centreganesha.com\/store\/wp-json\/wp\/v2\/product"}],"about":[{"href":"https:\/\/ganeshadreamstore.centreganesha.com\/store\/wp-json\/wp\/v2\/types\/product"}],"wp:featuredmedia":[{"embeddable":true,"href":"https:\/\/ganeshadreamstore.centreganesha.com\/store\/wp-json\/wp\/v2\/media\/1137"}],"wp:attachment":[{"href":"https:\/\/ganeshadreamstore.centreganesha.com\/store\/wp-json\/wp\/v2\/media?parent=1132"}],"wp:term":[{"taxonomy":"product_brand","embeddable":true,"href":"https:\/\/ganeshadreamstore.centreganesha.com\/store\/wp-json\/wp\/v2\/product_brand?post=1132"},{"taxonomy":"product_cat","embeddable":true,"href":"https:\/\/ganeshadreamstore.centreganesha.com\/store\/wp-json\/wp\/v2\/product_cat?post=1132"},{"taxonomy":"product_tag","embeddable":true,"href":"https:\/\/ganeshadreamstore.centreganesha.com\/store\/wp-json\/wp\/v2\/product_tag?post=1132"}],"curies":[{"name":"wp","href":"https:\/\/api.w.org\/{rel}","templated":true}]}}