{"id":1111,"date":"2021-05-06T21:26:27","date_gmt":"2021-05-06T19:26:27","guid":{"rendered":"https:\/\/www.ganeshadreamstore.centreganesha.com\/store\/?post_type=product&#038;p=1111"},"modified":"2025-11-30T10:40:33","modified_gmt":"2025-11-30T09:40:33","slug":"coquille-dormeau","status":"publish","type":"product","link":"https:\/\/ganeshadreamstore.centreganesha.com\/store\/produit\/coquille-dormeau\/","title":{"rendered":"Coquille d&rsquo;ormeau"},"content":{"rendered":"<p>Coquille naturelle<br \/>\nCouleur : bleu<br \/>\nTaille : 10-12cm<\/p>\n<p>Remarque : les couleurs sont variables et peuvent \u00eatre diff\u00e9rentes de la photo de pr\u00e9sentation.<\/p>\n","protected":false},"excerpt":{"rendered":"<p>pour br\u00fbler la sauge&#8230; ou l&rsquo;encens.<\/p>\n","protected":false},"featured_media":1113,"template":"","meta":{"jetpack_post_was_ever_published":false,"jetpack_publicize_message":"","jetpack_publicize_feature_enabled":true,"jetpack_social_post_already_shared":false,"jetpack_social_options":{"image_generator_settings":{"template":"highway","default_image_id":0,"font":"","enabled":false},"version":2}},"product_brand":[],"product_cat":[150],"product_tag":[197,195,196,194],"class_list":{"0":"post-1111","1":"product","2":"type-product","3":"status-publish","4":"has-post-thumbnail","6":"product_cat-objets-chamaniques","7":"product_tag-brule-encens","8":"product_tag-coquille-dormeau","9":"product_tag-objet-chamanique","10":"product_tag-ormeau","12":"first","13":"instock","14":"shipping-taxable","15":"purchasable","16":"product-type-simple"},"jetpack_publicize_connections":[],"jetpack_sharing_enabled":true,"jetpack_likes_enabled":true,"jetpack-related-posts":[{"id":1796,"url":"https:\/\/ganeshadreamstore.centreganesha.com\/store\/produit\/derriere-la-porte\/","url_meta":{"origin":1111,"position":0},"title":"Derri\u00e8re la porte","author":"Centre Ganesha","date":"19 mars 2026","format":false,"excerpt":"Chanson \u00e9crite et arrang\u00e9e par ChamanKa \u00e0 \u00e9couter sur Youtube (abonnez-vous \u00e0 ma cha\u00eene, un pouce fait toujours plaisir !) https:\/\/youtu.be\/Q2knDC0kQiE","rel":"","context":"Article similaire","block_context":{"text":"Article similaire","link":""},"img":{"alt_text":"","src":"https:\/\/i0.wp.com\/ganeshadreamstore.centreganesha.com\/store\/wp-content\/uploads\/2026\/03\/Derriere-la-porte0.jpg?fit=1200%2C686&ssl=1&resize=350%2C200","width":350,"height":200,"srcset":"https:\/\/i0.wp.com\/ganeshadreamstore.centreganesha.com\/store\/wp-content\/uploads\/2026\/03\/Derriere-la-porte0.jpg?fit=1200%2C686&ssl=1&resize=350%2C200 1x, https:\/\/i0.wp.com\/ganeshadreamstore.centreganesha.com\/store\/wp-content\/uploads\/2026\/03\/Derriere-la-porte0.jpg?fit=1200%2C686&ssl=1&resize=525%2C300 1.5x, https:\/\/i0.wp.com\/ganeshadreamstore.centreganesha.com\/store\/wp-content\/uploads\/2026\/03\/Derriere-la-porte0.jpg?fit=1200%2C686&ssl=1&resize=700%2C400 2x, https:\/\/i0.wp.com\/ganeshadreamstore.centreganesha.com\/store\/wp-content\/uploads\/2026\/03\/Derriere-la-porte0.jpg?fit=1200%2C686&ssl=1&resize=1050%2C600 3x"},"classes":[]},{"id":1106,"url":"https:\/\/ganeshadreamstore.centreganesha.com\/store\/produit\/sauge-blanche\/","url_meta":{"origin":1111,"position":1},"title":"Sauge blanche","author":"Centre Ganesha","date":"6 mai 2021","format":false,"excerpt":"9 cm de long paquet de 40g","rel":"","context":"Article similaire","block_context":{"text":"Article similaire","link":""},"img":{"alt_text":"","src":"https:\/\/i0.wp.com\/ganeshadreamstore.centreganesha.com\/store\/wp-content\/uploads\/2021\/05\/sauge-blanche2.jpg?fit=442%2C442&ssl=1&resize=350%2C200","width":350,"height":200},"classes":[]},{"id":1421,"url":"https:\/\/ganeshadreamstore.centreganesha.com\/store\/produit\/fleur-de-vie-en-bois\/","url_meta":{"origin":1111,"position":2},"title":"Fleur de vie en bois","author":"Centre Ganesha","date":"26 d\u00e9cembre 2021","format":false,"excerpt":"G\u00e9om\u00e9trie sacr\u00e9e : Fleur de Vie Cette fleur de vie en bois et d\u00e9coup\u00e9e au laser vous apportera tous les bienfaits de son onde de forme. \u00c9paisseur: 5mm\u00a0 Taille: diam\u00e8tre: 14cm","rel":"","context":"Article similaire","block_context":{"text":"Article similaire","link":""},"img":{"alt_text":"","src":"https:\/\/i0.wp.com\/ganeshadreamstore.centreganesha.com\/store\/wp-content\/uploads\/2021\/12\/fleur-de-vie-en-bois.jpg?fit=346%2C346&ssl=1&resize=350%2C200","width":350,"height":200},"classes":[]},{"id":1423,"url":"https:\/\/ganeshadreamstore.centreganesha.com\/store\/produit\/pendentif-fleur-de-vie\/","url_meta":{"origin":1111,"position":3},"title":"Pendentif Fleur de vie","author":"Centre Ganesha","date":"26 d\u00e9cembre 2021","format":false,"excerpt":"Pendentif\u00a0 fleur de vie\u00a0 en acier inoxydable, taille : 32 mm X 30 mm avec sa cha\u00eene de 45 cm + 5cm 2 mod\u00e8les : couleur or ou argent","rel":"","context":"Article similaire","block_context":{"text":"Article similaire","link":""},"img":{"alt_text":"","src":"https:\/\/i0.wp.com\/ganeshadreamstore.centreganesha.com\/store\/wp-content\/uploads\/2021\/12\/fleur-de-vie-pendentif2.jpg?fit=428%2C403&ssl=1&resize=350%2C200","width":350,"height":200},"classes":[]},{"id":254,"url":"https:\/\/ganeshadreamstore.centreganesha.com\/store\/produit\/bracelet-magnetique-en-cuivre-antique\/","url_meta":{"origin":1111,"position":4},"title":"Bracelet magn\u00e9tique en cuivre antique","author":"Centre Ganesha","date":"25 d\u00e9cembre 2017","format":false,"excerpt":"Ce bracelet magn\u00e9tique en cuivre antique allie raffinement\u00a0et source d\u2019\u00e9quilibre. Les 6 aimants int\u00e9gr\u00e9s \"1400 gauss\"\u00a0sont de la nouvelle g\u00e9n\u00e9ration d\u2019aimants permanents (terres rares, non d\u00e9saimantable)","rel":"","context":"Article similaire","block_context":{"text":"Article similaire","link":""},"img":{"alt_text":"","src":"https:\/\/i0.wp.com\/ganeshadreamstore.centreganesha.com\/store\/wp-content\/uploads\/2017\/12\/bracelet-magnetique-channah3.jpg?fit=794%2C700&ssl=1&resize=350%2C200","width":350,"height":200,"srcset":"https:\/\/i0.wp.com\/ganeshadreamstore.centreganesha.com\/store\/wp-content\/uploads\/2017\/12\/bracelet-magnetique-channah3.jpg?fit=794%2C700&ssl=1&resize=350%2C200 1x, https:\/\/i0.wp.com\/ganeshadreamstore.centreganesha.com\/store\/wp-content\/uploads\/2017\/12\/bracelet-magnetique-channah3.jpg?fit=794%2C700&ssl=1&resize=525%2C300 1.5x, https:\/\/i0.wp.com\/ganeshadreamstore.centreganesha.com\/store\/wp-content\/uploads\/2017\/12\/bracelet-magnetique-channah3.jpg?fit=794%2C700&ssl=1&resize=700%2C400 2x"},"classes":[]},{"id":1147,"url":"https:\/\/ganeshadreamstore.centreganesha.com\/store\/produit\/bracelet-en-apatite-tresse\/","url_meta":{"origin":1111,"position":5},"title":"Bracelet en apatite tress\u00e9","author":"Centre Ganesha","date":"8 mai 2021","format":false,"excerpt":"17cm (femme) ou 19cm (homme)","rel":"","context":"Article similaire","block_context":{"text":"Article similaire","link":""},"img":{"alt_text":"","src":"https:\/\/i0.wp.com\/ganeshadreamstore.centreganesha.com\/store\/wp-content\/uploads\/2021\/05\/bracelet-apatite-double.jpg?fit=439%2C439&ssl=1&resize=350%2C200","width":350,"height":200},"classes":[]}],"_links":{"self":[{"href":"https:\/\/ganeshadreamstore.centreganesha.com\/store\/wp-json\/wp\/v2\/product\/1111","targetHints":{"allow":["GET"]}}],"collection":[{"href":"https:\/\/ganeshadreamstore.centreganesha.com\/store\/wp-json\/wp\/v2\/product"}],"about":[{"href":"https:\/\/ganeshadreamstore.centreganesha.com\/store\/wp-json\/wp\/v2\/types\/product"}],"wp:featuredmedia":[{"embeddable":true,"href":"https:\/\/ganeshadreamstore.centreganesha.com\/store\/wp-json\/wp\/v2\/media\/1113"}],"wp:attachment":[{"href":"https:\/\/ganeshadreamstore.centreganesha.com\/store\/wp-json\/wp\/v2\/media?parent=1111"}],"wp:term":[{"taxonomy":"product_brand","embeddable":true,"href":"https:\/\/ganeshadreamstore.centreganesha.com\/store\/wp-json\/wp\/v2\/product_brand?post=1111"},{"taxonomy":"product_cat","embeddable":true,"href":"https:\/\/ganeshadreamstore.centreganesha.com\/store\/wp-json\/wp\/v2\/product_cat?post=1111"},{"taxonomy":"product_tag","embeddable":true,"href":"https:\/\/ganeshadreamstore.centreganesha.com\/store\/wp-json\/wp\/v2\/product_tag?post=1111"}],"curies":[{"name":"wp","href":"https:\/\/api.w.org\/{rel}","templated":true}]}}