{"id":1101,"date":"2021-05-06T19:45:50","date_gmt":"2021-05-06T17:45:50","guid":{"rendered":"https:\/\/www.ganeshadreamstore.centreganesha.com\/store\/?post_type=product&#038;p=1101"},"modified":"2021-05-06T19:45:51","modified_gmt":"2021-05-06T17:45:51","slug":"tasse-en-cuivre-pour-votre-sante-et-votre-immunite","status":"publish","type":"product","link":"https:\/\/ganeshadreamstore.centreganesha.com\/store\/produit\/tasse-en-cuivre-pour-votre-sante-et-votre-immunite\/","title":{"rendered":"Tasse en cuivre pour votre sant\u00e9 et votre immunit\u00e9."},"content":{"rendered":"<h1>Voici Pourquoi Vous Devriez Boire Dans Une Tasse En Cuivre<\/h1>\n<p>Le cuivre est un oligo\u00e9l\u00e9ment qui se retrouve apr\u00e8s son ingestion dans le foie, le c\u0153ur, le muscle squelettique, etc.<\/p>\n<p>Ce min\u00e9ral a de nombreux bienfaits sur la sant\u00e9\u00a0: nettoie les reins, lutte contre les bact\u00e9ries nocives, ralentit le vieillissement, etc. Vous pouvez faire le plein de cuivre en mangeant les aliments riches en cuivre.<\/p>\n<p>On profitera aussi des atouts sant\u00e9 du cuivre en buvant de l\u2019eau dans une\u00a0<strong>tasse en cuivre<\/strong>.<\/p>\n<p>Quel est l\u2019int\u00e9r\u00eat de boire dans une tasse en cuivre\u00a0?<\/p>\n<p>Voici 10 raisons qui vont s\u00fbrement vous convaincre de faire l\u2019achat d\u2019un r\u00e9cipient en cuivre. D\u00e9couvrez\u00a0!<\/p>\n<p><strong>\u00a0<\/strong><\/p>\n<p><strong>1. Pour des articulations au top<\/strong><\/p>\n<p>L\u2019une des propri\u00e9t\u00e9s essentielles du cuivre est qu\u2019il am\u00e9liore les articulations. Chaque sportif a donc besoin d\u2019une bonne dose de cuivre afin de mener de la meilleure mani\u00e8re son activit\u00e9 sportive.<\/p>\n<p>Le cuivre participe \u00e0 l\u2019am\u00e9lioration des articulations, car c\u2019est un oligo\u00e9l\u00e9ment qui intervient dans la synth\u00e8se de collag\u00e8ne. Or, les jointures de nos articulations sont constitu\u00e9es de cette substance.<\/p>\n<p>C\u2019est \u00e9galement gr\u00e2ce au collag\u00e8ne que la peau conserve sa bonne \u00e9lasticit\u00e9. Buvez votre eau en utilisant une tasse en cuivre dans le but de maintenir des articulations solides.<\/p>\n<p><strong>2. Cela permet le bon fonctionnement de la thyro\u00efde<\/strong><\/p>\n<p>Quand la thyro\u00efde fonctionne mal surtout en cas de carence en iode, on peut constater une augmentation de son volume. Dans ce cas, il s\u2019agit d\u2019un goitre qui se caract\u00e9rise par un gonflement du cou.<\/p>\n<p>De plus, un mauvais fonctionnement peut affecter la sexualit\u00e9 ou occasionner une prise de poids.<\/p>\n<p>La thyro\u00efde est une \u00ab\u00a0usine\u00a0\u00bb de fabrication d\u2019hormones. Pourtant,\u00a0<u>la glande thyro\u00efdienne a besoin de cuivre pour bien fonctionner au quotidien<\/u>.<\/p>\n<p>Dans ces conditions, boire dans une tasse en cuisse est utile quand on souhaite am\u00e9liorer le fonctionnement de la thyro\u00efde.<\/p>\n<p><strong>\u00a0<\/strong><\/p>\n<p><strong>3. Pour ralentir le vieillissement cutan\u00e9<\/strong><\/p>\n<p>Avec l\u2019\u00e2ge, les marques du temps apparaissent sur le visage et la peau (ridules, rides, le rel\u00e2chement de la peau\u2026).<\/p>\n<p>Les antioxydants ont le pouvoir de ralentir l\u2019apparition de ces marques inesth\u00e9tiques.<\/p>\n<p>Bien s\u00fbr,\u00a0<u>le cuivre est pr\u00e9sent\u00e9 comme un puissant antioxydant qui prot\u00e8ge la peau contre les m\u00e9faits des radicaux libres.<\/u><\/p>\n<p>Gr\u00e2ce \u00e0 cet antioxydant, l\u2019organisme lutte efficacement contre les rides et le rel\u00e2chement cutan\u00e9. Mais, il faudrait instaurer une alimentation riche en cuivre et adopter une parfaite hygi\u00e8ne de vie. Boire dans un r\u00e9cipient en cuivre est une bonne id\u00e9e\u00a0!<\/p>\n<p><strong>4. Pour lutter contre les inflammations<\/strong><\/p>\n<p>Une inflammation peut appara\u00eetre \u00e0 tout moment. On ne sait jamais\u00a0!<\/p>\n<p>Mais, une chose est s\u00fbre, vous pouvez combattre les inflammations en adoptant de bons r\u00e9flexes. En choisissant par exemple de boire dans une tasse en cuivre.<\/p>\n<p><u>Le cuivre aurait des vertus anti-inflammatoires.<\/u><\/p>\n<p>Il joue un r\u00f4le important dans le soulagement des douleurs dues aux inflammations. On ne devrait en aucun cas se priver de cuivre, cet oligo\u00e9l\u00e9ment essentiel pour le bon \u00e9panouissement de l\u2019organisme.<\/p>\n<p><strong>5. Pour une bonne transmission du message nerveux au niveau du cerveau<\/strong><\/p>\n<p>On sait que les messages nerveux sont conduits par les fibres nerveuses. Ce sont plusieurs fibres nerveuses qui vont former le nerf.<\/p>\n<p>Le message nerveux passe d\u2019un neurone \u00e0 un autre via les synapses. Un nerf l\u00e9s\u00e9 ne peut pas transmettre fid\u00e8lement l\u2019information nerveuse. Or, il est entour\u00e9 d\u2019une gaine de my\u00e9line.<\/p>\n<p>Quelle est l\u2019importance du cuivre\u00a0?<\/p>\n<p>Ce min\u00e9ral essentiel participe \u00e0 la synth\u00e8se des phospholipides. Ceux-ci interviennent dans la formation des gaines de my\u00e9line enveloppant les neurones.<\/p>\n<p><strong>6. Pour \u00e9viter des probl\u00e8mes de sant\u00e9<\/strong><\/p>\n<p><u>Lorsque l\u2019organisme manque de cuivre, il s\u2019expose \u00e0 une vari\u00e9t\u00e9 de sympt\u00f4mes ayant des incidences plus ou moins graves sur la sant\u00e9.<\/u><\/p>\n<p>En cas de carence en cuivre, une kyrielle de troubles peut subvenir chez le sujet\u00a0:<\/p>\n<p>an\u00e9mie,<\/p>\n<p>baisse du taux de globules blancs,<\/p>\n<p>une \u00e9l\u00e9vation du taux de cholest\u00e9rol,<\/p>\n<p>une fragilit\u00e9 des os, etc.<\/p>\n<p><u>La consommation r\u00e9guli\u00e8re d\u2019une eau stock\u00e9e dans une tasse en cuivre permet de limiter les risques.<\/u><\/p>\n<p><strong>\u00a0<\/strong><\/p>\n<p><strong>7. Il participe \u00e0 la beaut\u00e9 de la peau<\/strong><\/p>\n<p><u>Le cuivre fait partie du groupe des oligo\u00e9l\u00e9ments qui participent activement \u00e0 la beaut\u00e9 de la peau.<\/u><\/p>\n<p>Il a un r\u00f4le b\u00e9n\u00e9fique sur le collag\u00e8ne. Ce dernier est pr\u00e9sent\u00e9 comme une prot\u00e9ine servant \u00e0 la formation de la peau.<\/p>\n<p>Bien s\u00fbr, le collag\u00e8ne intervient \u00e9galement \u00e0 la formation des os et des ligaments. Toujours dans le domaine de la beaut\u00e9 de la peau, il faut aussi souligner que le cuivre a un r\u00f4le au niveau de la cicatrisation. Sans oublier ses propri\u00e9t\u00e9s antibact\u00e9riennes qu\u2019on lui attribue.<\/p>\n<p><strong>\u00a0<\/strong><\/p>\n<p><strong>8. Pour \u00e9liminer les microbes<\/strong><\/p>\n<p>Les microbes sont nocifs pour la sant\u00e9 de tous les individus. Il convient de les bouter hors de l\u2019organisme.<\/p>\n<p><u>Boire de l\u2019eau pr\u00e9alablement stock\u00e9e dans un r\u00e9cipient en cuivre peut aider \u00e0 r\u00e9duire les microbes.<\/u><\/p>\n<p>En 2012, des scientifiques ont fait une exp\u00e9rience en stockant de l\u2019eau contamin\u00e9e dans un r\u00e9cipient en cuivre.<\/p>\n<p>Apr\u00e8s 16 heures de stockage, les microbes avaient consid\u00e9rablement diminu\u00e9 dans l\u2019eau.<\/p>\n<p>En plus d\u2019aider \u00e0 lutter contre les microbes dans l\u2019organisme, un r\u00e9cipient en cuivre peut \u00eatre utilis\u00e9 pour purifier une eau souill\u00e9e.<\/p>\n<p><strong>\u00a0<\/strong><\/p>\n<p><strong>9. Pour ses propri\u00e9t\u00e9s anti-canc\u00e9rig\u00e8nes \u00a0\u00a0\u00a0\u00a0\u00a0\u00a0<\/strong><\/p>\n<p>La m\u00e9decine ayurv\u00e9dique utilise depuis longtemps des r\u00e9cipients en cuivre pour stocker de l\u2019eau ou des m\u00e9dicaments.<\/p>\n<p>D\u2019apr\u00e8s cette m\u00e9decine de plus en plus pr\u00e9sente dans les pays d\u00e9velopp\u00e9s,\u00a0<u>en stockant de l\u2019eau dans une tasse en cuivre, on lui conf\u00e8re des propri\u00e9t\u00e9s anti-canc\u00e9rig\u00e8nes et antibact\u00e9riennes.<\/u><\/p>\n<p>Il n\u2019y a plus de raisons de se priver de boire de l\u2019eau dans une tasse en cuivre.<\/p>\n<p><strong>\u00a0 \u00a0 \u00a0 \u00a0 \u00a0 \u00a0 \u00a0 \u00a0 \u00a0 \u00a0 \u00a0 \u00a0 \u00a0 \u00a0 \u00a0 \u00a0 \u00a0 \u00a0 \u00a0 \u00a0 \u00a0 \u00a0 \u00a0 \u00a0 \u00a0 \u00a0 \u00a0 \u00a0 \u00a0 \u00a0 \u00a0 \u00a0\u00a0<\/strong><\/p>\n<p><strong>10. Une tasse en cuivre est \u00e9conomique et durable<\/strong><\/p>\n<p>Bien s\u00fbr, boire dans une tasse en cuivre est b\u00e9n\u00e9fique pour la sant\u00e9 \u00e0 diff\u00e9rents niveaux.<\/p>\n<p>&nbsp;<\/p>\n<p>&nbsp;<\/p>\n","protected":false},"excerpt":{"rendered":"<p>Voici Pourquoi Vous Devriez Boire Dans Une Tasse En Cuivre Le cuivre est un oligo\u00e9l\u00e9ment qui se retrouve apr\u00e8s son ingestion dans le foie, le c\u0153ur, le muscle squelettique, etc. Ce min\u00e9ral a de nombreux bienfaits sur la sant\u00e9\u00a0: nettoie les reins, lutte contre les bact\u00e9ries nocives, ralentit le vieillissement, etc. Vous pouvez faire le [&hellip;]<\/p>\n","protected":false},"featured_media":1102,"template":"","meta":{"jetpack_post_was_ever_published":false,"jetpack_publicize_message":"","jetpack_publicize_feature_enabled":true,"jetpack_social_post_already_shared":false,"jetpack_social_options":{"image_generator_settings":{"template":"highway","default_image_id":0,"font":"","enabled":false},"version":2}},"product_brand":[],"product_cat":[153,145],"product_tag":[83,156],"class_list":{"0":"post-1101","1":"product","2":"type-product","3":"status-publish","4":"has-post-thumbnail","6":"product_cat-utilitaires","7":"product_cat-sante","8":"product_tag-mug","9":"product_tag-tasse-en-cuivre","11":"first","12":"instock","13":"sale","14":"shipping-taxable","15":"purchasable","16":"product-type-simple"},"jetpack_publicize_connections":[],"jetpack_sharing_enabled":true,"jetpack_likes_enabled":true,"jetpack-related-posts":[{"id":234,"url":"https:\/\/ganeshadreamstore.centreganesha.com\/store\/produit\/bracelet-cuivre-indien-avec-om-namah-shivaya\/","url_meta":{"origin":1101,"position":0},"title":"Bracelet cuivr\u00e9 indien avec \u00ab\u00a0Om namah Shivaya\u00a0\u00bb","author":"Centre Ganesha","date":"25 d\u00e9cembre 2017","format":false,"excerpt":"Tr\u00e8s beau Bracelet cuivr\u00e9 avec le mantra \"O\u1e41 nama\u1e25 \u015biv\u0101ya\" plaqu\u00e9 dessus. O\u1e41 nama\u1e25 \u015biv\u0101ya est l'un des mantras les plus populaires de l'hindouisme et particuli\u00e8rement du shiva\u00efsme. Il est d\u00e9di\u00e9 \u00e0 Shiva et signifie \u00ab Adoration de Shiva \u00bb. Il d\u00e9bute par la syllabe sacr\u00e9e \u00ab Aum \u00bb. Il\u2026","rel":"","context":"Article similaire","block_context":{"text":"Article similaire","link":""},"img":{"alt_text":"","src":"https:\/\/i0.wp.com\/ganeshadreamstore.centreganesha.com\/store\/wp-content\/uploads\/2017\/12\/bracelet-cuivre-ONS2.jpg?fit=1000%2C1000&ssl=1&resize=350%2C200","width":350,"height":200,"srcset":"https:\/\/i0.wp.com\/ganeshadreamstore.centreganesha.com\/store\/wp-content\/uploads\/2017\/12\/bracelet-cuivre-ONS2.jpg?fit=1000%2C1000&ssl=1&resize=350%2C200 1x, https:\/\/i0.wp.com\/ganeshadreamstore.centreganesha.com\/store\/wp-content\/uploads\/2017\/12\/bracelet-cuivre-ONS2.jpg?fit=1000%2C1000&ssl=1&resize=525%2C300 1.5x, https:\/\/i0.wp.com\/ganeshadreamstore.centreganesha.com\/store\/wp-content\/uploads\/2017\/12\/bracelet-cuivre-ONS2.jpg?fit=1000%2C1000&ssl=1&resize=700%2C400 2x"},"classes":[]},{"id":254,"url":"https:\/\/ganeshadreamstore.centreganesha.com\/store\/produit\/bracelet-magnetique-en-cuivre-antique\/","url_meta":{"origin":1101,"position":1},"title":"Bracelet magn\u00e9tique en cuivre antique","author":"Centre Ganesha","date":"25 d\u00e9cembre 2017","format":false,"excerpt":"Ce bracelet magn\u00e9tique en cuivre antique allie raffinement\u00a0et source d\u2019\u00e9quilibre. Les 6 aimants int\u00e9gr\u00e9s \"1400 gauss\"\u00a0sont de la nouvelle g\u00e9n\u00e9ration d\u2019aimants permanents (terres rares, non d\u00e9saimantable)","rel":"","context":"Article similaire","block_context":{"text":"Article similaire","link":""},"img":{"alt_text":"","src":"https:\/\/i0.wp.com\/ganeshadreamstore.centreganesha.com\/store\/wp-content\/uploads\/2017\/12\/bracelet-magnetique-channah3.jpg?fit=794%2C700&ssl=1&resize=350%2C200","width":350,"height":200,"srcset":"https:\/\/i0.wp.com\/ganeshadreamstore.centreganesha.com\/store\/wp-content\/uploads\/2017\/12\/bracelet-magnetique-channah3.jpg?fit=794%2C700&ssl=1&resize=350%2C200 1x, https:\/\/i0.wp.com\/ganeshadreamstore.centreganesha.com\/store\/wp-content\/uploads\/2017\/12\/bracelet-magnetique-channah3.jpg?fit=794%2C700&ssl=1&resize=525%2C300 1.5x, https:\/\/i0.wp.com\/ganeshadreamstore.centreganesha.com\/store\/wp-content\/uploads\/2017\/12\/bracelet-magnetique-channah3.jpg?fit=794%2C700&ssl=1&resize=700%2C400 2x"},"classes":[]},{"id":524,"url":"https:\/\/ganeshadreamstore.centreganesha.com\/store\/produit\/pendule-en-pierre-pour-les-7-chakras\/","url_meta":{"origin":1101,"position":2},"title":"Pendule  en pierre pour les 7 chakras","author":"Centre Ganesha","date":"25 d\u00e9cembre 2017","format":false,"excerpt":"Ce\u00a0Pendule \"Pierres des 7 Chakras\"\u00a0vous permettra de d\u00e9tecter\u00a0les centres \u00e9nerg\u00e9tique de votre corps selon la\u00a0m\u00e9thode de la radiesth\u00e9sie. Il vous donnera des informations sur l'emplacement et l'\u00e9quilibre de chaque Chakra. Savoir o\u00f9 se situent vos d\u00e9s\u00e9quilibres \u00e9nerg\u00e9tiques est la premi\u00e8re \u00e9tape pour pouvoir les traiter. D\u00e9tecter les d\u00e9s\u00e9quilibres \u00e9nerg\u00e9tiques des\u2026","rel":"","context":"Article similaire","block_context":{"text":"Article similaire","link":""},"img":{"alt_text":"","src":"https:\/\/i0.wp.com\/ganeshadreamstore.centreganesha.com\/store\/wp-content\/uploads\/2017\/12\/pendule-7-chakras2.jpg?fit=709%2C688&ssl=1&resize=350%2C200","width":350,"height":200,"srcset":"https:\/\/i0.wp.com\/ganeshadreamstore.centreganesha.com\/store\/wp-content\/uploads\/2017\/12\/pendule-7-chakras2.jpg?fit=709%2C688&ssl=1&resize=350%2C200 1x, https:\/\/i0.wp.com\/ganeshadreamstore.centreganesha.com\/store\/wp-content\/uploads\/2017\/12\/pendule-7-chakras2.jpg?fit=709%2C688&ssl=1&resize=525%2C300 1.5x, https:\/\/i0.wp.com\/ganeshadreamstore.centreganesha.com\/store\/wp-content\/uploads\/2017\/12\/pendule-7-chakras2.jpg?fit=709%2C688&ssl=1&resize=700%2C400 2x"},"classes":[]},{"id":363,"url":"https:\/\/ganeshadreamstore.centreganesha.com\/store\/produit\/collier-arbre-de-vie-en-goutte-deau\/","url_meta":{"origin":1101,"position":3},"title":"Collier Arbre de Vie en goutte d&rsquo;eau","author":"Centre Ganesha","date":"25 d\u00e9cembre 2017","format":false,"excerpt":"Le\u00a0symbole de l'Arbre de Vie\u00a0repr\u00e9sente diff\u00e9rentes qualit\u00e9s et vertus comme la sagesse, la force, la protection, l\u2019\u00e9volution, le renouveau et la r\u00e9demption. De mani\u00e8re unanime, l'arbre de vie est l\u2019arbre qui unit le monde du ciel avec le monde de la terre. L\u2019Arbre de vie est une tr\u00e8s belle id\u00e9e\u2026","rel":"","context":"Article similaire","block_context":{"text":"Article similaire","link":""},"img":{"alt_text":"","src":"https:\/\/i0.wp.com\/ganeshadreamstore.centreganesha.com\/store\/wp-content\/uploads\/2017\/12\/collier-arbre-de-vie-goutte-d-eau.amethyste.jpg?fit=435%2C432&ssl=1&resize=350%2C200","width":350,"height":200},"classes":[]},{"id":517,"url":"https:\/\/ganeshadreamstore.centreganesha.com\/store\/produit\/pendentif-arbre-de-vie-aux-7-chakras-avec-pierres-naturelles\/","url_meta":{"origin":1101,"position":4},"title":"Pendentif \u00ab\u00a0arbre de vie aux 7 chakras\u00a0\u00bb avec pierres naturelles","author":"Centre Ganesha","date":"25 d\u00e9cembre 2017","format":false,"excerpt":"Portez ce magnifique pendentif \"arbre de vie aux 7 chakras\" avec pierres naturelles. Chaque pierre associ\u00e9e \u00e0 un chakra,\u00a0permet d'\u00e9quilibrer votre \u00e9nergie. Taille du Bijou pendentif : 50mm*50mm Livr\u00e9 avec 2 cordons en cuir : 46cm et 70cm M\u00e9tal : cuivre plaqu\u00e9 argent","rel":"","context":"Article similaire","block_context":{"text":"Article similaire","link":""},"img":{"alt_text":"","src":"https:\/\/i0.wp.com\/ganeshadreamstore.centreganesha.com\/store\/wp-content\/uploads\/2017\/12\/pendentif-arbre-chakras.jpg?fit=1000%2C1000&ssl=1&resize=350%2C200","width":350,"height":200,"srcset":"https:\/\/i0.wp.com\/ganeshadreamstore.centreganesha.com\/store\/wp-content\/uploads\/2017\/12\/pendentif-arbre-chakras.jpg?fit=1000%2C1000&ssl=1&resize=350%2C200 1x, https:\/\/i0.wp.com\/ganeshadreamstore.centreganesha.com\/store\/wp-content\/uploads\/2017\/12\/pendentif-arbre-chakras.jpg?fit=1000%2C1000&ssl=1&resize=525%2C300 1.5x, https:\/\/i0.wp.com\/ganeshadreamstore.centreganesha.com\/store\/wp-content\/uploads\/2017\/12\/pendentif-arbre-chakras.jpg?fit=1000%2C1000&ssl=1&resize=700%2C400 2x"},"classes":[]},{"id":260,"url":"https:\/\/ganeshadreamstore.centreganesha.com\/store\/produit\/bracelet-magnetique-en-titane-noir-homme\/","url_meta":{"origin":1101,"position":5},"title":"Bracelet magnetique en titane noir homme","author":"Centre Ganesha","date":"25 d\u00e9cembre 2017","format":false,"excerpt":"Affirmez votre \u00e9l\u00e9gance masculine avec ce\u00a0bracelet magn\u00e9tique en titane\u00a0noir ! Vous appr\u00e9cierez sa robustesse, sa l\u00e9g\u00e8ret\u00e9 et sa classe. Les bracelets magn\u00e9tiques ont trois actions essentielles : - Ils vous apportent un\u00a0bien-\u00eatre g\u00e9n\u00e9ral\u00a0et un\u00a0calme int\u00e9rieur, apaisant votre stress - Ils r\u00e9gularisent votre terrain et vous\u00a0donnent une \u00e9nergie positive - Ils\u2026","rel":"","context":"Article similaire","block_context":{"text":"Article similaire","link":""},"img":{"alt_text":"","src":"https:\/\/i0.wp.com\/ganeshadreamstore.centreganesha.com\/store\/wp-content\/uploads\/2017\/12\/bracelet-magn%C3%A9tique-homme.jpg?fit=1000%2C1000&ssl=1&resize=350%2C200","width":350,"height":200,"srcset":"https:\/\/i0.wp.com\/ganeshadreamstore.centreganesha.com\/store\/wp-content\/uploads\/2017\/12\/bracelet-magn%C3%A9tique-homme.jpg?fit=1000%2C1000&ssl=1&resize=350%2C200 1x, https:\/\/i0.wp.com\/ganeshadreamstore.centreganesha.com\/store\/wp-content\/uploads\/2017\/12\/bracelet-magn%C3%A9tique-homme.jpg?fit=1000%2C1000&ssl=1&resize=525%2C300 1.5x, https:\/\/i0.wp.com\/ganeshadreamstore.centreganesha.com\/store\/wp-content\/uploads\/2017\/12\/bracelet-magn%C3%A9tique-homme.jpg?fit=1000%2C1000&ssl=1&resize=700%2C400 2x"},"classes":[]}],"_links":{"self":[{"href":"https:\/\/ganeshadreamstore.centreganesha.com\/store\/wp-json\/wp\/v2\/product\/1101","targetHints":{"allow":["GET"]}}],"collection":[{"href":"https:\/\/ganeshadreamstore.centreganesha.com\/store\/wp-json\/wp\/v2\/product"}],"about":[{"href":"https:\/\/ganeshadreamstore.centreganesha.com\/store\/wp-json\/wp\/v2\/types\/product"}],"wp:featuredmedia":[{"embeddable":true,"href":"https:\/\/ganeshadreamstore.centreganesha.com\/store\/wp-json\/wp\/v2\/media\/1102"}],"wp:attachment":[{"href":"https:\/\/ganeshadreamstore.centreganesha.com\/store\/wp-json\/wp\/v2\/media?parent=1101"}],"wp:term":[{"taxonomy":"product_brand","embeddable":true,"href":"https:\/\/ganeshadreamstore.centreganesha.com\/store\/wp-json\/wp\/v2\/product_brand?post=1101"},{"taxonomy":"product_cat","embeddable":true,"href":"https:\/\/ganeshadreamstore.centreganesha.com\/store\/wp-json\/wp\/v2\/product_cat?post=1101"},{"taxonomy":"product_tag","embeddable":true,"href":"https:\/\/ganeshadreamstore.centreganesha.com\/store\/wp-json\/wp\/v2\/product_tag?post=1101"}],"curies":[{"name":"wp","href":"https:\/\/api.w.org\/{rel}","templated":true}]}}