{"id":1083,"date":"2021-05-06T17:14:33","date_gmt":"2021-05-06T15:14:33","guid":{"rendered":"https:\/\/www.ganeshadreamstore.centreganesha.com\/store\/?post_type=product&#038;p=1083"},"modified":"2025-11-28T11:59:55","modified_gmt":"2025-11-28T10:59:55","slug":"pantalon-de-yoga-pour-femmes","status":"publish","type":"product","link":"https:\/\/ganeshadreamstore.centreganesha.com\/store\/produit\/pantalon-de-yoga-pour-femmes\/","title":{"rendered":"Pantalon de yoga pour femmes"},"content":{"rendered":"<div align=\"start\"><span data-spm-anchor-id=\"a2g0o.detail.1000023.i0.776955caWmoHCd\">Pantalon de Yoga pour femme<\/span><\/div>\n<div align=\"start\"><span data-spm-anchor-id=\"a2g0o.detail.1000023.i1.776955caWmoHCd\">Mat\u00e9riau: Modal, Fibre de bambou<\/span><\/div>\n<div align=\"start\">Couleur : 3 couleurs ( noir, rouge, vert)<\/div>\n<div align=\"start\">Taille: S,M,L,XL,XXL<\/div>\n<div align=\"start\">Style de pantalon : bouffant<\/div>\n<div align=\"start\">Caract\u00e9ristique : lisse, ne r\u00e9tr\u00e9cit pas, antistatique<\/div>\n<div align=\"start\">Convient pour danse, Yoga,Ta\u00ef Chi Etc<\/div>\n","protected":false},"excerpt":{"rendered":"<p>Pantalon de Yoga pour femme Mat\u00e9riau: Modal, Fibre de bambou Couleur : 3 couleurs ( noir, rouge, vert) Taille: S,M,L,XL,XXL Style de pantalon : bouffant Caract\u00e9ristique : lisse, ne r\u00e9tr\u00e9cit pas, antistatique Convient pour danse, Yoga,Ta\u00ef Chi Etc<\/p>\n","protected":false},"featured_media":1085,"template":"","meta":{"jetpack_post_was_ever_published":false,"jetpack_publicize_message":"","jetpack_publicize_feature_enabled":true,"jetpack_social_post_already_shared":false,"jetpack_social_options":{"image_generator_settings":{"template":"highway","default_image_id":0,"font":"","enabled":false},"version":2}},"product_brand":[],"product_cat":[153],"product_tag":[90],"class_list":{"0":"post-1083","1":"product","2":"type-product","3":"status-publish","4":"has-post-thumbnail","6":"product_cat-utilitaires","7":"product_tag-pantalon-de-yoga","9":"first","10":"instock","11":"shipping-taxable","12":"purchasable","13":"product-type-variable"},"jetpack_publicize_connections":[],"jetpack_sharing_enabled":true,"jetpack_likes_enabled":true,"jetpack-related-posts":[{"id":1067,"url":"https:\/\/ganeshadreamstore.centreganesha.com\/store\/produit\/pantalon-de-yoga\/","url_meta":{"origin":1083,"position":0},"title":"Pantalon de yoga","author":"Centre Ganesha","date":"6 mai 2021","format":false,"excerpt":"Pantalon pour femmes,\u00a0 \u00a0en coton \u00e0 taille \u00e9lastiqu\u00e9e,\u00a0 ample, d\u00e9contract\u00e9, pour danse, Yoga.","rel":"","context":"Article similaire","block_context":{"text":"Article similaire","link":""},"img":{"alt_text":"","src":"https:\/\/i0.wp.com\/ganeshadreamstore.centreganesha.com\/store\/wp-content\/uploads\/2021\/05\/pantalon-yoga-coton2.jpg?fit=442%2C442&ssl=1&resize=350%2C200","width":350,"height":200},"classes":[]},{"id":921,"url":"https:\/\/ganeshadreamstore.centreganesha.com\/store\/produit\/lunettes-stenope-a-petits-trous-pour-ameliorer-la-vision-dite-lunettes-a-grille-yoga-des-yeux\/","url_meta":{"origin":1083,"position":1},"title":"Lunettes st\u00e9nop\u00e9 \u00e0 petits trous pour am\u00e9liorer la vision dite lunettes \u00e0 grille (yoga des yeux)","author":"Centre Ganesha","date":"28 d\u00e9cembre 2019","format":false,"excerpt":"Cette lunette a \u00e9t\u00e9 invent\u00e9 en Inde par un m\u00e9decin indien pour palier aux probl\u00e8mes des indiens \u00e0 avoir acc\u00e8s \u00e0 des lunettes. Ces lunettes vous rectifient la vue\u00a0...\u00a0 SANS AUCUN VERRE CORRECTEUR\u00a0!!! Gr\u00e2ce \u00e0 l'effet appel\u00e9\u00a0\"St\u00e9nope\u00efque\" Elle fonctionne pour: L'Astigmatisme, La Myopie, La Presbytie,\u00a0 L\u2019Hyperm\u00e9tropie\u00a0 Les lunettes \u00e0 st\u00e9nop\u00e9\u2026","rel":"","context":"Article similaire","block_context":{"text":"Article similaire","link":""},"img":{"alt_text":"","src":"https:\/\/i0.wp.com\/ganeshadreamstore.centreganesha.com\/store\/wp-content\/uploads\/2019\/12\/lunettes-stenope1.jpg?fit=740%2C608&ssl=1&resize=350%2C200","width":350,"height":200,"srcset":"https:\/\/i0.wp.com\/ganeshadreamstore.centreganesha.com\/store\/wp-content\/uploads\/2019\/12\/lunettes-stenope1.jpg?fit=740%2C608&ssl=1&resize=350%2C200 1x, https:\/\/i0.wp.com\/ganeshadreamstore.centreganesha.com\/store\/wp-content\/uploads\/2019\/12\/lunettes-stenope1.jpg?fit=740%2C608&ssl=1&resize=525%2C300 1.5x, https:\/\/i0.wp.com\/ganeshadreamstore.centreganesha.com\/store\/wp-content\/uploads\/2019\/12\/lunettes-stenope1.jpg?fit=740%2C608&ssl=1&resize=700%2C400 2x"},"classes":[]},{"id":276,"url":"https:\/\/ganeshadreamstore.centreganesha.com\/store\/produit\/bracelet-mala-des-7-chakras-en-perles-naturelles\/","url_meta":{"origin":1083,"position":2},"title":"Bracelet mala des 7 Chakras en perles naturelles","author":"Centre Ganesha","date":"25 d\u00e9cembre 2017","format":false,"excerpt":"Pour r\u00e9-\u00e9quilibrer vos chakras, portez ce magnifique bracelet color\u00e9 \u00e0 votre poignet. Les couleurs agissent sur votre psychisme et r\u00e9-\u00e9quilibre vos 7 Chakras pour votre mieux-\u00eatre Excellent cadeau pour un pratiquant de Yoga Longueur\u00a0: environ 17 \u00e0 18 cm Type de fermoir : \u00e9lastique Taille des perles : 8mm ou\u2026","rel":"","context":"Article similaire","block_context":{"text":"Article similaire","link":""},"img":{"alt_text":"","src":"https:\/\/i0.wp.com\/ganeshadreamstore.centreganesha.com\/store\/wp-content\/uploads\/2017\/12\/bracelet-pierres-chakras.jpg?fit=1000%2C1000&ssl=1&resize=350%2C200","width":350,"height":200,"srcset":"https:\/\/i0.wp.com\/ganeshadreamstore.centreganesha.com\/store\/wp-content\/uploads\/2017\/12\/bracelet-pierres-chakras.jpg?fit=1000%2C1000&ssl=1&resize=350%2C200 1x, https:\/\/i0.wp.com\/ganeshadreamstore.centreganesha.com\/store\/wp-content\/uploads\/2017\/12\/bracelet-pierres-chakras.jpg?fit=1000%2C1000&ssl=1&resize=525%2C300 1.5x, https:\/\/i0.wp.com\/ganeshadreamstore.centreganesha.com\/store\/wp-content\/uploads\/2017\/12\/bracelet-pierres-chakras.jpg?fit=1000%2C1000&ssl=1&resize=700%2C400 2x"},"classes":[]},{"id":561,"url":"https:\/\/ganeshadreamstore.centreganesha.com\/store\/produit\/poster-des-chakras\/","url_meta":{"origin":1083,"position":3},"title":"poster des Chakras","author":"Centre Ganesha","date":"25 d\u00e9cembre 2017","format":false,"excerpt":"Ce poster in\u00e9dit des 7 Chakras conviendra pour\u00a0d\u00e9corer votre espace de m\u00e9ditation ou de pratique de Yoga. Totalement \u00e9pur\u00e9e, elle vous aidera \u00e0 vider votre mental et \u00e0 vous concentrer sur vos sensations. 30 cm X 42 cm Auteur : F. K. Adjam","rel":"","context":"Article similaire","block_context":{"text":"Article similaire","link":""},"img":{"alt_text":"","src":"https:\/\/i0.wp.com\/ganeshadreamstore.centreganesha.com\/store\/wp-content\/uploads\/2017\/12\/poster-chakras2.jpg?fit=835%2C1200&ssl=1&resize=350%2C200","width":350,"height":200,"srcset":"https:\/\/i0.wp.com\/ganeshadreamstore.centreganesha.com\/store\/wp-content\/uploads\/2017\/12\/poster-chakras2.jpg?fit=835%2C1200&ssl=1&resize=350%2C200 1x, https:\/\/i0.wp.com\/ganeshadreamstore.centreganesha.com\/store\/wp-content\/uploads\/2017\/12\/poster-chakras2.jpg?fit=835%2C1200&ssl=1&resize=525%2C300 1.5x, https:\/\/i0.wp.com\/ganeshadreamstore.centreganesha.com\/store\/wp-content\/uploads\/2017\/12\/poster-chakras2.jpg?fit=835%2C1200&ssl=1&resize=700%2C400 2x"},"classes":[]},{"id":240,"url":"https:\/\/ganeshadreamstore.centreganesha.com\/store\/produit\/bracelet-de-guerison-des-7-chakras-en-pierre-volcanique\/","url_meta":{"origin":1083,"position":4},"title":"Bracelet de Gu\u00e9rison des 7 Chakras en pierre volcanique","author":"Centre Ganesha","date":"25 d\u00e9cembre 2017","format":false,"excerpt":"Pour r\u00e9-\u00e9quilibrer vos chakras, portez ce magnifique bracelet \u00e0 votre poignet. L'obsidienne, pierre noire volcanique restaure et r\u00e9-\u00e9quilibre vos 7 Chakras pour votre mieux-\u00eatre spirituel, \u00e9motionnel, mental et physique. Excellent cadeau pour un pratiquant de Yoga Longueur\u00a0: environ 17.78cm Type de fermoir : lacet coulissant ou \u00e9lastique Taille des perles\u2026","rel":"","context":"Article similaire","block_context":{"text":"Article similaire","link":""},"img":{"alt_text":"","src":"https:\/\/i0.wp.com\/ganeshadreamstore.centreganesha.com\/store\/wp-content\/uploads\/2017\/12\/bracelet-gu%C3%A9rison-chakras.jpg?fit=1000%2C1000&ssl=1&resize=350%2C200","width":350,"height":200,"srcset":"https:\/\/i0.wp.com\/ganeshadreamstore.centreganesha.com\/store\/wp-content\/uploads\/2017\/12\/bracelet-gu%C3%A9rison-chakras.jpg?fit=1000%2C1000&ssl=1&resize=350%2C200 1x, https:\/\/i0.wp.com\/ganeshadreamstore.centreganesha.com\/store\/wp-content\/uploads\/2017\/12\/bracelet-gu%C3%A9rison-chakras.jpg?fit=1000%2C1000&ssl=1&resize=525%2C300 1.5x, https:\/\/i0.wp.com\/ganeshadreamstore.centreganesha.com\/store\/wp-content\/uploads\/2017\/12\/bracelet-gu%C3%A9rison-chakras.jpg?fit=1000%2C1000&ssl=1&resize=700%2C400 2x"},"classes":[]},{"id":456,"url":"https:\/\/ganeshadreamstore.centreganesha.com\/store\/produit\/les-huit-cles-de-la-sante\/","url_meta":{"origin":1083,"position":5},"title":"Les Huit Cl\u00e9s de la Sant\u00e9","author":"Centre Ganesha","date":"25 d\u00e9cembre 2017","format":false,"excerpt":"Huit points-cl\u00e9s d'\u00e9nergie \u00e0 d\u00e9bloquer et huit postures d'\u00e9tirements des M\u00e9ridiens Curieux ou Extraordinaires, expliqu\u00e9s par Fran\u00e7oise Kav\u00e9ri Adjam, enseignante de Yoga et Th\u00e9rapeute Holistique. Un livre qui s'adresse \u00e0 tous publics et surtout \u00e0 toutes celles et ceux qui sont \u00e0 la recherche de m\u00e9thodes simples pour favoriser la\u2026","rel":"","context":"Article similaire","block_context":{"text":"Article similaire","link":""},"img":{"alt_text":"","src":"https:\/\/i0.wp.com\/ganeshadreamstore.centreganesha.com\/store\/wp-content\/uploads\/2017\/12\/les-8-cl%C3%A9s-de-la-sant%C3%A9.jpg?fit=1000%2C1000&ssl=1&resize=350%2C200","width":350,"height":200,"srcset":"https:\/\/i0.wp.com\/ganeshadreamstore.centreganesha.com\/store\/wp-content\/uploads\/2017\/12\/les-8-cl%C3%A9s-de-la-sant%C3%A9.jpg?fit=1000%2C1000&ssl=1&resize=350%2C200 1x, https:\/\/i0.wp.com\/ganeshadreamstore.centreganesha.com\/store\/wp-content\/uploads\/2017\/12\/les-8-cl%C3%A9s-de-la-sant%C3%A9.jpg?fit=1000%2C1000&ssl=1&resize=525%2C300 1.5x, https:\/\/i0.wp.com\/ganeshadreamstore.centreganesha.com\/store\/wp-content\/uploads\/2017\/12\/les-8-cl%C3%A9s-de-la-sant%C3%A9.jpg?fit=1000%2C1000&ssl=1&resize=700%2C400 2x"},"classes":[]}],"_links":{"self":[{"href":"https:\/\/ganeshadreamstore.centreganesha.com\/store\/wp-json\/wp\/v2\/product\/1083","targetHints":{"allow":["GET"]}}],"collection":[{"href":"https:\/\/ganeshadreamstore.centreganesha.com\/store\/wp-json\/wp\/v2\/product"}],"about":[{"href":"https:\/\/ganeshadreamstore.centreganesha.com\/store\/wp-json\/wp\/v2\/types\/product"}],"wp:featuredmedia":[{"embeddable":true,"href":"https:\/\/ganeshadreamstore.centreganesha.com\/store\/wp-json\/wp\/v2\/media\/1085"}],"wp:attachment":[{"href":"https:\/\/ganeshadreamstore.centreganesha.com\/store\/wp-json\/wp\/v2\/media?parent=1083"}],"wp:term":[{"taxonomy":"product_brand","embeddable":true,"href":"https:\/\/ganeshadreamstore.centreganesha.com\/store\/wp-json\/wp\/v2\/product_brand?post=1083"},{"taxonomy":"product_cat","embeddable":true,"href":"https:\/\/ganeshadreamstore.centreganesha.com\/store\/wp-json\/wp\/v2\/product_cat?post=1083"},{"taxonomy":"product_tag","embeddable":true,"href":"https:\/\/ganeshadreamstore.centreganesha.com\/store\/wp-json\/wp\/v2\/product_tag?post=1083"}],"curies":[{"name":"wp","href":"https:\/\/api.w.org\/{rel}","templated":true}]}}