{"id":1067,"date":"2021-05-06T16:54:06","date_gmt":"2021-05-06T14:54:06","guid":{"rendered":"https:\/\/www.ganeshadreamstore.centreganesha.com\/store\/?post_type=product&#038;p=1067"},"modified":"2025-11-28T12:00:24","modified_gmt":"2025-11-28T11:00:24","slug":"pantalon-de-yoga","status":"publish","type":"product","link":"https:\/\/ganeshadreamstore.centreganesha.com\/store\/produit\/pantalon-de-yoga\/","title":{"rendered":"Pantalon de yoga"},"content":{"rendered":"<h4 class=\"product-title-text\" data-spm-anchor-id=\"a2g0o.detail.1000016.i3.2c2b6e5dmDkOsp\">Pantalon pour femmes,\u00a0 \u00a0en coton \u00e0 taille \u00e9lastiqu\u00e9e,\u00a0 ample, d\u00e9contract\u00e9, pour danse, Yoga.<\/h4>\n","protected":false},"excerpt":{"rendered":"<p>Pantalon pour femmes,\u00a0 \u00a0en coton \u00e0 taille \u00e9lastiqu\u00e9e,\u00a0 ample, d\u00e9contract\u00e9, pour danse, Yoga.<\/p>\n","protected":false},"featured_media":1081,"template":"","meta":{"jetpack_post_was_ever_published":false,"jetpack_publicize_message":"","jetpack_publicize_feature_enabled":true,"jetpack_social_post_already_shared":false,"jetpack_social_options":{"image_generator_settings":{"template":"highway","default_image_id":0,"font":"","enabled":false},"version":2}},"product_brand":[],"product_cat":[153],"product_tag":[90],"class_list":{"0":"post-1067","1":"product","2":"type-product","3":"status-publish","4":"has-post-thumbnail","6":"product_cat-utilitaires","7":"product_tag-pantalon-de-yoga","9":"first","10":"instock","11":"shipping-taxable","12":"purchasable","13":"product-type-variable"},"jetpack_publicize_connections":[],"jetpack_sharing_enabled":true,"jetpack_likes_enabled":true,"jetpack-related-posts":[{"id":1083,"url":"https:\/\/ganeshadreamstore.centreganesha.com\/store\/produit\/pantalon-de-yoga-pour-femmes\/","url_meta":{"origin":1067,"position":0},"title":"Pantalon de yoga pour femmes","author":"Centre Ganesha","date":"6 mai 2021","format":false,"excerpt":"Pantalon de Yoga pour femme Mat\u00e9riau: Modal, Fibre de bambou Couleur : 3 couleurs ( noir, rouge, vert) Taille: S,M,L,XL,XXL Style de pantalon : bouffant Caract\u00e9ristique : lisse, ne r\u00e9tr\u00e9cit pas, antistatique Convient pour danse, Yoga,Ta\u00ef Chi Etc","rel":"","context":"Article similaire","block_context":{"text":"Article similaire","link":""},"img":{"alt_text":"","src":"https:\/\/i0.wp.com\/ganeshadreamstore.centreganesha.com\/store\/wp-content\/uploads\/2021\/05\/pantalon-yoga3.jpg?fit=365%2C379&ssl=1&resize=350%2C200","width":350,"height":200},"classes":[]},{"id":276,"url":"https:\/\/ganeshadreamstore.centreganesha.com\/store\/produit\/bracelet-mala-des-7-chakras-en-perles-naturelles\/","url_meta":{"origin":1067,"position":1},"title":"Bracelet mala des 7 Chakras en perles naturelles","author":"Centre Ganesha","date":"25 d\u00e9cembre 2017","format":false,"excerpt":"Pour r\u00e9-\u00e9quilibrer vos chakras, portez ce magnifique bracelet color\u00e9 \u00e0 votre poignet. Les couleurs agissent sur votre psychisme et r\u00e9-\u00e9quilibre vos 7 Chakras pour votre mieux-\u00eatre Excellent cadeau pour un pratiquant de Yoga Longueur\u00a0: environ 17 \u00e0 18 cm Type de fermoir : \u00e9lastique Taille des perles : 8mm ou\u2026","rel":"","context":"Article similaire","block_context":{"text":"Article similaire","link":""},"img":{"alt_text":"","src":"https:\/\/i0.wp.com\/ganeshadreamstore.centreganesha.com\/store\/wp-content\/uploads\/2017\/12\/bracelet-pierres-chakras.jpg?fit=1000%2C1000&ssl=1&resize=350%2C200","width":350,"height":200,"srcset":"https:\/\/i0.wp.com\/ganeshadreamstore.centreganesha.com\/store\/wp-content\/uploads\/2017\/12\/bracelet-pierres-chakras.jpg?fit=1000%2C1000&ssl=1&resize=350%2C200 1x, https:\/\/i0.wp.com\/ganeshadreamstore.centreganesha.com\/store\/wp-content\/uploads\/2017\/12\/bracelet-pierres-chakras.jpg?fit=1000%2C1000&ssl=1&resize=525%2C300 1.5x, https:\/\/i0.wp.com\/ganeshadreamstore.centreganesha.com\/store\/wp-content\/uploads\/2017\/12\/bracelet-pierres-chakras.jpg?fit=1000%2C1000&ssl=1&resize=700%2C400 2x"},"classes":[]},{"id":240,"url":"https:\/\/ganeshadreamstore.centreganesha.com\/store\/produit\/bracelet-de-guerison-des-7-chakras-en-pierre-volcanique\/","url_meta":{"origin":1067,"position":2},"title":"Bracelet de Gu\u00e9rison des 7 Chakras en pierre volcanique","author":"Centre Ganesha","date":"25 d\u00e9cembre 2017","format":false,"excerpt":"Pour r\u00e9-\u00e9quilibrer vos chakras, portez ce magnifique bracelet \u00e0 votre poignet. L'obsidienne, pierre noire volcanique restaure et r\u00e9-\u00e9quilibre vos 7 Chakras pour votre mieux-\u00eatre spirituel, \u00e9motionnel, mental et physique. Excellent cadeau pour un pratiquant de Yoga Longueur\u00a0: environ 17.78cm Type de fermoir : lacet coulissant ou \u00e9lastique Taille des perles\u2026","rel":"","context":"Article similaire","block_context":{"text":"Article similaire","link":""},"img":{"alt_text":"","src":"https:\/\/i0.wp.com\/ganeshadreamstore.centreganesha.com\/store\/wp-content\/uploads\/2017\/12\/bracelet-gu%C3%A9rison-chakras.jpg?fit=1000%2C1000&ssl=1&resize=350%2C200","width":350,"height":200,"srcset":"https:\/\/i0.wp.com\/ganeshadreamstore.centreganesha.com\/store\/wp-content\/uploads\/2017\/12\/bracelet-gu%C3%A9rison-chakras.jpg?fit=1000%2C1000&ssl=1&resize=350%2C200 1x, https:\/\/i0.wp.com\/ganeshadreamstore.centreganesha.com\/store\/wp-content\/uploads\/2017\/12\/bracelet-gu%C3%A9rison-chakras.jpg?fit=1000%2C1000&ssl=1&resize=525%2C300 1.5x, https:\/\/i0.wp.com\/ganeshadreamstore.centreganesha.com\/store\/wp-content\/uploads\/2017\/12\/bracelet-gu%C3%A9rison-chakras.jpg?fit=1000%2C1000&ssl=1&resize=700%2C400 2x"},"classes":[]},{"id":921,"url":"https:\/\/ganeshadreamstore.centreganesha.com\/store\/produit\/lunettes-stenope-a-petits-trous-pour-ameliorer-la-vision-dite-lunettes-a-grille-yoga-des-yeux\/","url_meta":{"origin":1067,"position":3},"title":"Lunettes st\u00e9nop\u00e9 \u00e0 petits trous pour am\u00e9liorer la vision dite lunettes \u00e0 grille (yoga des yeux)","author":"Centre Ganesha","date":"28 d\u00e9cembre 2019","format":false,"excerpt":"Cette lunette a \u00e9t\u00e9 invent\u00e9 en Inde par un m\u00e9decin indien pour palier aux probl\u00e8mes des indiens \u00e0 avoir acc\u00e8s \u00e0 des lunettes. Ces lunettes vous rectifient la vue\u00a0...\u00a0 SANS AUCUN VERRE CORRECTEUR\u00a0!!! Gr\u00e2ce \u00e0 l'effet appel\u00e9\u00a0\"St\u00e9nope\u00efque\" Elle fonctionne pour: L'Astigmatisme, La Myopie, La Presbytie,\u00a0 L\u2019Hyperm\u00e9tropie\u00a0 Les lunettes \u00e0 st\u00e9nop\u00e9\u2026","rel":"","context":"Article similaire","block_context":{"text":"Article similaire","link":""},"img":{"alt_text":"","src":"https:\/\/i0.wp.com\/ganeshadreamstore.centreganesha.com\/store\/wp-content\/uploads\/2019\/12\/lunettes-stenope1.jpg?fit=740%2C608&ssl=1&resize=350%2C200","width":350,"height":200,"srcset":"https:\/\/i0.wp.com\/ganeshadreamstore.centreganesha.com\/store\/wp-content\/uploads\/2019\/12\/lunettes-stenope1.jpg?fit=740%2C608&ssl=1&resize=350%2C200 1x, https:\/\/i0.wp.com\/ganeshadreamstore.centreganesha.com\/store\/wp-content\/uploads\/2019\/12\/lunettes-stenope1.jpg?fit=740%2C608&ssl=1&resize=525%2C300 1.5x, https:\/\/i0.wp.com\/ganeshadreamstore.centreganesha.com\/store\/wp-content\/uploads\/2019\/12\/lunettes-stenope1.jpg?fit=740%2C608&ssl=1&resize=700%2C400 2x"},"classes":[]},{"id":532,"url":"https:\/\/ganeshadreamstore.centreganesha.com\/store\/produit\/pendule-en-cristal-de-roche\/","url_meta":{"origin":1067,"position":4},"title":"Pendule en cristal de roche","author":"Centre Ganesha","date":"25 d\u00e9cembre 2017","format":false,"excerpt":"Pendule en cristal de roche pyramide pour pratiquer la radiesth\u00e9sie ou pour vos soins Reiki. Ce\u00a0Pendule en cristal de roche\u00a0vous permettra de d\u00e9tecter\u00a0les centres \u00e9nerg\u00e9tique de votre corps selon la\u00a0m\u00e9thode de la radiesth\u00e9sie. Il vous donnera des informations sur l'emplacement et l'\u00e9quilibre de chaque Chakra. Savoir o\u00f9 se situent vos\u2026","rel":"","context":"Article similaire","block_context":{"text":"Article similaire","link":""},"img":{"alt_text":"","src":"https:\/\/i0.wp.com\/ganeshadreamstore.centreganesha.com\/store\/wp-content\/uploads\/2017\/12\/pendule-cristal-de-roche2.jpg?fit=685%2C655&ssl=1&resize=350%2C200","width":350,"height":200,"srcset":"https:\/\/i0.wp.com\/ganeshadreamstore.centreganesha.com\/store\/wp-content\/uploads\/2017\/12\/pendule-cristal-de-roche2.jpg?fit=685%2C655&ssl=1&resize=350%2C200 1x, https:\/\/i0.wp.com\/ganeshadreamstore.centreganesha.com\/store\/wp-content\/uploads\/2017\/12\/pendule-cristal-de-roche2.jpg?fit=685%2C655&ssl=1&resize=525%2C300 1.5x"},"classes":[]},{"id":96,"url":"https:\/\/ganeshadreamstore.centreganesha.com\/store\/produit\/boite-indienne-en-papier-mache\/","url_meta":{"origin":1067,"position":5},"title":"Bo\u00eete Indienne en papier m\u00e2ch\u00e9","author":"Centre Ganesha","date":"24 d\u00e9cembre 2017","format":false,"excerpt":"Cette magnifique bo\u00eete traditionnelle indienne de fabrication artisanale en papier m\u00e2ch\u00e9 trouvera sa place pour ranger vos bijoux, vos pillules ou vos secrets... sur une commode ou un meuble...pour le plaisir des yeux avec ses jolis dessins fleuris et color\u00e9s. Chaque bo\u00eete est unique et vous avez le choix entre\u2026","rel":"","context":"Article similaire","block_context":{"text":"Article similaire","link":""},"img":{"alt_text":"","src":"https:\/\/i0.wp.com\/ganeshadreamstore.centreganesha.com\/store\/wp-content\/uploads\/2017\/12\/bo%C3%AEte-indienne-papier-m%C3%A2ch%C3%A910.jpg?fit=1000%2C1000&ssl=1&resize=350%2C200","width":350,"height":200,"srcset":"https:\/\/i0.wp.com\/ganeshadreamstore.centreganesha.com\/store\/wp-content\/uploads\/2017\/12\/bo%C3%AEte-indienne-papier-m%C3%A2ch%C3%A910.jpg?fit=1000%2C1000&ssl=1&resize=350%2C200 1x, https:\/\/i0.wp.com\/ganeshadreamstore.centreganesha.com\/store\/wp-content\/uploads\/2017\/12\/bo%C3%AEte-indienne-papier-m%C3%A2ch%C3%A910.jpg?fit=1000%2C1000&ssl=1&resize=525%2C300 1.5x, https:\/\/i0.wp.com\/ganeshadreamstore.centreganesha.com\/store\/wp-content\/uploads\/2017\/12\/bo%C3%AEte-indienne-papier-m%C3%A2ch%C3%A910.jpg?fit=1000%2C1000&ssl=1&resize=700%2C400 2x"},"classes":[]}],"_links":{"self":[{"href":"https:\/\/ganeshadreamstore.centreganesha.com\/store\/wp-json\/wp\/v2\/product\/1067","targetHints":{"allow":["GET"]}}],"collection":[{"href":"https:\/\/ganeshadreamstore.centreganesha.com\/store\/wp-json\/wp\/v2\/product"}],"about":[{"href":"https:\/\/ganeshadreamstore.centreganesha.com\/store\/wp-json\/wp\/v2\/types\/product"}],"wp:featuredmedia":[{"embeddable":true,"href":"https:\/\/ganeshadreamstore.centreganesha.com\/store\/wp-json\/wp\/v2\/media\/1081"}],"wp:attachment":[{"href":"https:\/\/ganeshadreamstore.centreganesha.com\/store\/wp-json\/wp\/v2\/media?parent=1067"}],"wp:term":[{"taxonomy":"product_brand","embeddable":true,"href":"https:\/\/ganeshadreamstore.centreganesha.com\/store\/wp-json\/wp\/v2\/product_brand?post=1067"},{"taxonomy":"product_cat","embeddable":true,"href":"https:\/\/ganeshadreamstore.centreganesha.com\/store\/wp-json\/wp\/v2\/product_cat?post=1067"},{"taxonomy":"product_tag","embeddable":true,"href":"https:\/\/ganeshadreamstore.centreganesha.com\/store\/wp-json\/wp\/v2\/product_tag?post=1067"}],"curies":[{"name":"wp","href":"https:\/\/api.w.org\/{rel}","templated":true}]}}