{"id":701,"date":"2017-12-26T16:09:22","date_gmt":"2017-12-26T15:09:22","guid":{"rendered":"http:\/\/www.ganeshadreamstore.centreganesha.com\/store\/?page_id=701"},"modified":"2026-02-05T12:00:29","modified_gmt":"2026-02-05T11:00:29","slug":"questions-reponses","status":"publish","type":"page","link":"https:\/\/ganeshadreamstore.centreganesha.com\/store\/questions-reponses\/","title":{"rendered":"Questions \/ R\u00e9ponses"},"content":{"rendered":"<div class=\"section-header\">\n<h1 class=\"section-header--title\">Des questions ?<\/h1>\n<\/div>\n<div class=\"rte\">\n<p>Vous avez des questions ? N&rsquo;h\u00e9sitez pas \u00e0 nous contacter, notre service commerciale est \u00e0 votre enti\u00e8re disposition !<\/p>\n<p>Nous vous r\u00e9pondrons dans les plus brefs d\u00e9lais (quelques heures au maximum).<\/p>\n<p><a href=\"centreganesha@orange.fr\">sav.ganeshadreamstore@centreganesha.com<\/a><\/p>\n<h2>Voici les questions que vous nous posez souvent\u00a0:<\/h2>\n<\/div>\n<p><strong>#1. Quelles sont vos conditions de vente en ligne ?<\/strong><\/p>\n<div class=\"rte\">\n<p><a href=\"http:\/\/www.ganeshadreamstore.centreganesha.com\/store\/conditions-de-vente\">\u00a0cliquez sur ce lien<\/a><\/p>\n<p><strong>#2. Quelle est votre politique de confidentialit\u00e9 ?<\/strong><\/p>\n<p><a href=\"http:\/\/www.ganeshadreamstore.centreganesha.com\/store\/politique-de-confidentialite\">cliquez sur ce lien<\/a><\/p>\n<\/div>\n<p><strong>#3. Qui sommes-nous ?<\/strong><\/p>\n<p><a href=\"http:\/\/www.ganeshadreamstore.centreganesha.com\/store\/qui-sommes-nous\/\">cliquez sur ce lien\u00a0<\/a><\/p>\n<p><strong>#4. Votre politique de livraisons ?<\/strong><\/p>\n<p><a href=\"http:\/\/www.ganeshadreamstore.centreganesha.com\/store\/livraisons\/\">cliquer sur ce lien<\/a><\/p>\n<p><strong>#5. Votre politique de retours ?<\/strong><\/p>\n<p><a href=\"http:\/\/www.ganeshadreamstore.centreganesha.com\/store\/retours\/\">cliquez sur ce lien<\/a><\/p>\n<div class=\"rte\">\n<p><em><strong>#6. Votre site est-il s\u00fbr\u00a0?\u00a0Puis-je commander en s\u00e9curit\u00e9 ?<\/strong><\/em><\/p>\n<p><strong>R\u00e9ponse :\u00a0<\/strong>Ce site est 100% s\u00e9curis\u00e9. Et \u00e0 dire vrai, on pourrait m\u00eame affirmer qu&rsquo;il l&rsquo;est \u00e0 300%. Voici pourquoi :<\/p>\n<p>Premi\u00e8rement, le site que vous visitez\u00a0est sur un serveur en HTTPS (le petit cadenas vert qui se trouve du c\u00f4t\u00e9 gauche de l&rsquo;URL de cette page est l\u00e0 pour vous le rappeler).<\/p>\n<p>La plupart des sites ne s\u00e9curisent que leur \u00ab\u00a0panier\u00a0\u00bb et tout ce qui touche au r\u00e8glement des commandes. Sur ce site, TOUTES LES PAGES sont s\u00e9curis\u00e9es et ne peuvent pas \u00eatre pirat\u00e9es ou ne peuvent pas \u00eatre la cible\u00a0de logiciels malveillants.<\/p>\n<p>Et pour finir, concernant le r\u00e8glement, nous utilisons Paypal (et Stripe) qui sont les r\u00e9f\u00e9rences en mati\u00e8re de\u00a0s\u00e9curit\u00e9 des transactions sur Internet.<\/p>\n<p>En r\u00e9sum\u00e9, se balader et commander sur\u00a0<strong>GaneshaDream<\/strong><strong>Store\u00a0<\/strong>est\u00a0100% s\u00fbr et s\u00e9curis\u00e9.<br \/>Vous pouvez donc fl\u00e2ner ici ou l\u00e0 dans cette\u00a0<strong>boutique haute en couleurs<\/strong>\u00a0en toute\u00a0<strong>tranquillit\u00e9<\/strong>\u00a0!<\/p>\n<p><em><strong>#7. Je n&rsquo;ai re\u00e7u qu&rsquo;une partie de ma commande. Comment \u00e7a se fait ?<\/strong><\/em><\/p>\n<p><strong>R\u00e9ponse :\u00a0<\/strong>C&rsquo;est normal. Vos articles viennent d&rsquo;endroits diff\u00e9rents et pour \u00e9viter que vous n&rsquo;attendiez trop, nous pr\u00e9f\u00e9rons vous livrer votre commande d\u00e8s qu&rsquo;un ou plusieurs articles sont pr\u00eats.<\/p>\n<p>Vous recevrez donc votre commande en plusieurs colis (ce qui permet de faire durer la joie de d\u00e9couvrir un nouveau paquet dans sa bo\u00eete aux lettres sur plusieurs jours)<\/p>\n<p><em><strong>#8. J&rsquo;ai command\u00e9 depuis plus de 15 jours et je n&rsquo;ai encore rien re\u00e7u.<\/strong><\/em><\/p>\n<p><strong>R\u00e9ponse<\/strong>\u00a0: Oui, c&rsquo;est normal. Le d\u00e9lai de livraison est compris entre 3 et 7 semaines.<\/p>\n<p>C&rsquo;est beaucoup plus proche de 3 que de 7 mais parfois c&rsquo;est un peu plus long.<\/p>\n<p>C&rsquo;est parce que nous travaillons directement aupr\u00e8s des producteurs, c&rsquo;est ce qui nous permet de vous proposer les meilleurs prix.<\/p>\n<p>Dans tous les cas, si vous n&rsquo;avez pas re\u00e7u votre article dans\u00a0un d\u00e9lai de 7 semaines (49 jours) vous nous pr\u00e9venez et nous recommandons l&rsquo;objet avec\u00a0un nouveau d\u00e9lai ou nous vous rembourserons..<\/p>\n<p><strong>#9. Vous avez encore des questions ?<\/strong><\/p>\n<p>N&rsquo;h\u00e9sitez pas \u00e0 nous poser toutes vos questions, notre service de support commercial se fera un plaisir d&rsquo;y r\u00e9pondre le plus rapidement possible.<\/p>\n<p>email : <a href=\"centreganesha@orange.fr\">sav.ganeshadreamstore@centreganesha.com<\/a><\/p>\n<\/div>\n\n","protected":false},"excerpt":{"rendered":"<p>Des questions ? Vous avez des questions ? N&rsquo;h\u00e9sitez pas \u00e0 nous contacter, notre service commerciale est \u00e0 votre enti\u00e8re disposition ! Nous vous r\u00e9pondrons dans les plus brefs d\u00e9lais (quelques heures au maximum). sav.ganeshadreamstore@centreganesha.com Voici les questions que vous nous posez souvent\u00a0: #1. Quelles sont vos conditions de vente en ligne ? \u00a0cliquez sur [&hellip;]<\/p>\n","protected":false},"author":1,"featured_media":0,"parent":0,"menu_order":0,"comment_status":"closed","ping_status":"closed","template":"","meta":{"jetpack_post_was_ever_published":false,"footnotes":""},"class_list":["post-701","page","type-page","status-publish","hentry"],"jetpack_sharing_enabled":true,"jetpack_shortlink":"https:\/\/wp.me\/P9vens-bj","jetpack_likes_enabled":true,"jetpack-related-posts":[{"id":687,"url":"https:\/\/ganeshadreamstore.centreganesha.com\/store\/conditions-de-vente\/","url_meta":{"origin":701,"position":0},"title":"Conditions g\u00e9n\u00e9rales de vente en ligne","author":"Centre Ganesha","date":"26 d\u00e9cembre 2017","format":false,"excerpt":"Conditions g\u00e9n\u00e9rales de vente en ligne Entreprise individuelle : Fran\u00e7oise Adjam Si\u00e8ge social ..Missery-21210 N\u00b0 de t\u00e9l\u00e9phone (0033)627 888 427 ; Adresse du courrier \u00e9lectronique centreganesha@orange.fr Siret : 490 277 944 000 16 N\u00b0 individuel d'identification fiscal : 2510736034017 Conditions g\u00e9n\u00e9rales de vente des produits vendus sur .www.ganeshadreamstore.centreganesha.com\/store Date de\u2026","rel":"","context":"Article similaire","block_context":{"text":"Article similaire","link":""},"img":{"alt_text":"","src":"","width":0,"height":0},"classes":[]},{"id":697,"url":"https:\/\/ganeshadreamstore.centreganesha.com\/store\/politique-de-confidentialite\/","url_meta":{"origin":701,"position":1},"title":"Politique de confidentialit\u00e9","author":"Centre Ganesha","date":"26 d\u00e9cembre 2017","format":false,"excerpt":"Tout comme vous, nous n'aimons pas le spam, ni les sollicitations commerciales non souhait\u00e9es. Nous vous garantissons que vos coordonn\u00e9es ne seront jamais vendues et ne seront utilis\u00e9es que dans les besoins de notre relation commerciale entre nous et vous.","rel":"","context":"Article similaire","block_context":{"text":"Article similaire","link":""},"img":{"alt_text":"","src":"","width":0,"height":0},"classes":[]},{"id":703,"url":"https:\/\/ganeshadreamstore.centreganesha.com\/store\/qui-sommes-nous\/","url_meta":{"origin":701,"position":2},"title":"Qui sommes-nous ?","author":"Centre Ganesha","date":"26 d\u00e9cembre 2017","format":false,"excerpt":"Ganesha Dream Store\u00a0 (la boutique du Centre Ganesha) vous pr\u00e9sente dans sa boutique en ligne les produits que j'ai\u00a0 choisi pour vous aider au niveau de votre sant\u00e9 \u00e0 tout niveau. Ces produits souvent li\u00e9s \u00e0 la spiritualit\u00e9, viennent des 4 coins du monde, mais aussi de notre fabrication. C'est\u2026","rel":"","context":"Article similaire","block_context":{"text":"Article similaire","link":""},"img":{"alt_text":"","src":"","width":0,"height":0},"classes":[]},{"id":695,"url":"https:\/\/ganeshadreamstore.centreganesha.com\/store\/livraisons\/","url_meta":{"origin":701,"position":3},"title":"Livraisons","author":"Centre Ganesha","date":"26 d\u00e9cembre 2017","format":false,"excerpt":"Notre site travaille directement aupr\u00e8s des\u00a0producteurs, c'est la raison pour laquelle, nous pouvons vous proposer des tarifs comp\u00e9titifs. Nos fournisseurs sont aux 4 coins du monde et les d\u00e9lais de livraison sont parfois plus longs qu'en Europe. Ce d\u00e9lai est le plus souvent d\u00fb aux douanes fran\u00e7aises qui ralentissent tous\u2026","rel":"","context":"Article similaire","block_context":{"text":"Article similaire","link":""},"img":{"alt_text":"","src":"","width":0,"height":0},"classes":[]},{"id":4,"url":"https:\/\/ganeshadreamstore.centreganesha.com\/store\/","url_meta":{"origin":701,"position":4},"title":"Les Chamaneries de Ganesha Dream Store","author":"Centre Ganesha","date":"22 d\u00e9cembre 2017","format":false,"excerpt":"Une boutique qui donne envie de prendre soin de soi. La sant\u00e9 n'est pas un march\u00e9... l'homme non plus. Cependant apporter son aide \u00e0 chacun pour comprendre et am\u00e9liorer sa sant\u00e9 est un vrai plus. L'homme moderne est d\u00e9connect\u00e9 de sa r\u00e9alit\u00e9 \u00e9nerg\u00e9tique et laisse trop de place \u00e0 des\u2026","rel":"","context":"Article similaire","block_context":{"text":"Article similaire","link":""},"img":{"alt_text":"","src":"","width":0,"height":0},"classes":[]},{"id":689,"url":"https:\/\/ganeshadreamstore.centreganesha.com\/store\/ganesh-pour-les-amoureux-de-ganesh\/","url_meta":{"origin":701,"position":5},"title":"GANESH pour les amoureux de Ganesh","author":"Centre Ganesha","date":"26 d\u00e9cembre 2017","format":false,"excerpt":"Dans l'hindouisme, Ganesh, Ganesha, ou Vinayak ou Ganapati (\"Le Seigneur des troupes de divinit\u00e9s \" ou mieux \" le Seigneur des cat\u00e9gories \"). Il est le dieu de la sagesse, de l'intelligence, de l'\u00e9ducation et de la prudence, le patron des \u00e9coles et des travailleurs du savoir. C'est le dieu\u2026","rel":"","context":"Article similaire","block_context":{"text":"Article similaire","link":""},"img":{"alt_text":"","src":"https:\/\/i0.wp.com\/cdn.shopify.com\/s\/files\/1\/1404\/6015\/files\/Le-symbolisme-des-attributs-de-Ganesh_large.jpg?resize=350%2C200&ssl=1","width":350,"height":200,"srcset":"https:\/\/i0.wp.com\/cdn.shopify.com\/s\/files\/1\/1404\/6015\/files\/Le-symbolisme-des-attributs-de-Ganesh_large.jpg?resize=350%2C200&ssl=1 1x, https:\/\/i0.wp.com\/cdn.shopify.com\/s\/files\/1\/1404\/6015\/files\/Le-symbolisme-des-attributs-de-Ganesh_large.jpg?resize=525%2C300&ssl=1 1.5x"},"classes":[]}],"_links":{"self":[{"href":"https:\/\/ganeshadreamstore.centreganesha.com\/store\/wp-json\/wp\/v2\/pages\/701","targetHints":{"allow":["GET"]}}],"collection":[{"href":"https:\/\/ganeshadreamstore.centreganesha.com\/store\/wp-json\/wp\/v2\/pages"}],"about":[{"href":"https:\/\/ganeshadreamstore.centreganesha.com\/store\/wp-json\/wp\/v2\/types\/page"}],"author":[{"embeddable":true,"href":"https:\/\/ganeshadreamstore.centreganesha.com\/store\/wp-json\/wp\/v2\/users\/1"}],"replies":[{"embeddable":true,"href":"https:\/\/ganeshadreamstore.centreganesha.com\/store\/wp-json\/wp\/v2\/comments?post=701"}],"version-history":[{"count":5,"href":"https:\/\/ganeshadreamstore.centreganesha.com\/store\/wp-json\/wp\/v2\/pages\/701\/revisions"}],"predecessor-version":[{"id":1673,"href":"https:\/\/ganeshadreamstore.centreganesha.com\/store\/wp-json\/wp\/v2\/pages\/701\/revisions\/1673"}],"wp:attachment":[{"href":"https:\/\/ganeshadreamstore.centreganesha.com\/store\/wp-json\/wp\/v2\/media?parent=701"}],"curies":[{"name":"wp","href":"https:\/\/api.w.org\/{rel}","templated":true}]}}