{"id":697,"date":"2017-12-26T16:03:45","date_gmt":"2017-12-26T15:03:45","guid":{"rendered":"http:\/\/www.ganeshadreamstore.centreganesha.com\/store\/?page_id=697"},"modified":"2017-12-26T16:03:45","modified_gmt":"2017-12-26T15:03:45","slug":"politique-de-confidentialite","status":"publish","type":"page","link":"https:\/\/ganeshadreamstore.centreganesha.com\/store\/politique-de-confidentialite\/","title":{"rendered":"Politique de confidentialit\u00e9"},"content":{"rendered":"<p>Tout comme vous, nous n&rsquo;aimons pas le spam, ni les sollicitations commerciales non souhait\u00e9es. Nous vous garantissons que vos coordonn\u00e9es ne seront jamais vendues et ne seront utilis\u00e9es que dans les besoins de notre relation commerciale entre nous et vous.<\/p>\n","protected":false},"excerpt":{"rendered":"<p>Tout comme vous, nous n&rsquo;aimons pas le spam, ni les sollicitations commerciales non souhait\u00e9es. Nous vous garantissons que vos coordonn\u00e9es ne seront jamais vendues et ne seront utilis\u00e9es que dans les besoins de notre relation commerciale entre nous et vous.<\/p>\n","protected":false},"author":1,"featured_media":0,"parent":0,"menu_order":0,"comment_status":"closed","ping_status":"closed","template":"","meta":{"jetpack_post_was_ever_published":false,"footnotes":""},"class_list":["post-697","page","type-page","status-publish","hentry"],"jetpack_sharing_enabled":true,"jetpack_shortlink":"https:\/\/wp.me\/P9vens-bf","jetpack_likes_enabled":true,"jetpack-related-posts":[{"id":701,"url":"https:\/\/ganeshadreamstore.centreganesha.com\/store\/questions-reponses\/","url_meta":{"origin":697,"position":0},"title":"Questions \/ R\u00e9ponses","author":"Centre Ganesha","date":"26 d\u00e9cembre 2017","format":false,"excerpt":"Des questions ? Vous avez des questions ? N'h\u00e9sitez pas \u00e0 nous contacter, notre service commerciale est \u00e0 votre enti\u00e8re disposition ! Nous vous r\u00e9pondrons dans les plus brefs d\u00e9lais (quelques heures au maximum). sav.ganeshadreamstore@centreganesha.com Voici les questions que vous nous posez souvent\u00a0: #1. Quelles sont vos conditions de vente\u2026","rel":"","context":"Article similaire","block_context":{"text":"Article similaire","link":""},"img":{"alt_text":"","src":"","width":0,"height":0},"classes":[]},{"id":687,"url":"https:\/\/ganeshadreamstore.centreganesha.com\/store\/conditions-de-vente\/","url_meta":{"origin":697,"position":1},"title":"Conditions g\u00e9n\u00e9rales de vente en ligne","author":"Centre Ganesha","date":"26 d\u00e9cembre 2017","format":false,"excerpt":"Conditions g\u00e9n\u00e9rales de vente en ligne Entreprise individuelle : Fran\u00e7oise Adjam Si\u00e8ge social ..Missery-21210 N\u00b0 de t\u00e9l\u00e9phone (0033)627 888 427 ; Adresse du courrier \u00e9lectronique centreganesha@orange.fr Siret : 490 277 944 000 16 N\u00b0 individuel d'identification fiscal : 2510736034017 Conditions g\u00e9n\u00e9rales de vente des produits vendus sur .www.ganeshadreamstore.centreganesha.com\/store Date de\u2026","rel":"","context":"Article similaire","block_context":{"text":"Article similaire","link":""},"img":{"alt_text":"","src":"","width":0,"height":0},"classes":[]},{"id":703,"url":"https:\/\/ganeshadreamstore.centreganesha.com\/store\/qui-sommes-nous\/","url_meta":{"origin":697,"position":2},"title":"Qui sommes-nous ?","author":"Centre Ganesha","date":"26 d\u00e9cembre 2017","format":false,"excerpt":"Ganesha Dream Store\u00a0 (la boutique du Centre Ganesha) vous pr\u00e9sente dans sa boutique en ligne les produits que j'ai\u00a0 choisi pour vous aider au niveau de votre sant\u00e9 \u00e0 tout niveau. Ces produits souvent li\u00e9s \u00e0 la spiritualit\u00e9, viennent des 4 coins du monde, mais aussi de notre fabrication. C'est\u2026","rel":"","context":"Article similaire","block_context":{"text":"Article similaire","link":""},"img":{"alt_text":"","src":"","width":0,"height":0},"classes":[]},{"id":705,"url":"https:\/\/ganeshadreamstore.centreganesha.com\/store\/retours\/","url_meta":{"origin":697,"position":3},"title":"Retours","author":"Centre Ganesha","date":"26 d\u00e9cembre 2017","format":false,"excerpt":"Vous pouvez nous retourner vos articles command\u00e9s dans un d\u00e9lai de 7 jours (apr\u00e8s le d\u00e9lai de livraison) et nous vous ferons parvenir un remboursement total. Merci de nous contacter imp\u00e9rativement avant tout retour, sinon nous serons au regret de ne pas vous rembourser. email :\u00a0sav.ganeshadreamstore@centreganesha.com","rel":"","context":"Article similaire","block_context":{"text":"Article similaire","link":""},"img":{"alt_text":"","src":"","width":0,"height":0},"classes":[]},{"id":4,"url":"https:\/\/ganeshadreamstore.centreganesha.com\/store\/","url_meta":{"origin":697,"position":4},"title":"Les Chamaneries de Ganesha Dream Store","author":"Centre Ganesha","date":"22 d\u00e9cembre 2017","format":false,"excerpt":"Une boutique qui donne envie de prendre soin de soi. La sant\u00e9 n'est pas un march\u00e9... l'homme non plus. Cependant apporter son aide \u00e0 chacun pour comprendre et am\u00e9liorer sa sant\u00e9 est un vrai plus. L'homme moderne est d\u00e9connect\u00e9 de sa r\u00e9alit\u00e9 \u00e9nerg\u00e9tique et laisse trop de place \u00e0 des\u2026","rel":"","context":"Article similaire","block_context":{"text":"Article similaire","link":""},"img":{"alt_text":"","src":"","width":0,"height":0},"classes":[]},{"id":695,"url":"https:\/\/ganeshadreamstore.centreganesha.com\/store\/livraisons\/","url_meta":{"origin":697,"position":5},"title":"Livraisons","author":"Centre Ganesha","date":"26 d\u00e9cembre 2017","format":false,"excerpt":"Notre site travaille directement aupr\u00e8s des\u00a0producteurs, c'est la raison pour laquelle, nous pouvons vous proposer des tarifs comp\u00e9titifs. Nos fournisseurs sont aux 4 coins du monde et les d\u00e9lais de livraison sont parfois plus longs qu'en Europe. Ce d\u00e9lai est le plus souvent d\u00fb aux douanes fran\u00e7aises qui ralentissent tous\u2026","rel":"","context":"Article similaire","block_context":{"text":"Article similaire","link":""},"img":{"alt_text":"","src":"","width":0,"height":0},"classes":[]}],"_links":{"self":[{"href":"https:\/\/ganeshadreamstore.centreganesha.com\/store\/wp-json\/wp\/v2\/pages\/697","targetHints":{"allow":["GET"]}}],"collection":[{"href":"https:\/\/ganeshadreamstore.centreganesha.com\/store\/wp-json\/wp\/v2\/pages"}],"about":[{"href":"https:\/\/ganeshadreamstore.centreganesha.com\/store\/wp-json\/wp\/v2\/types\/page"}],"author":[{"embeddable":true,"href":"https:\/\/ganeshadreamstore.centreganesha.com\/store\/wp-json\/wp\/v2\/users\/1"}],"replies":[{"embeddable":true,"href":"https:\/\/ganeshadreamstore.centreganesha.com\/store\/wp-json\/wp\/v2\/comments?post=697"}],"version-history":[{"count":1,"href":"https:\/\/ganeshadreamstore.centreganesha.com\/store\/wp-json\/wp\/v2\/pages\/697\/revisions"}],"predecessor-version":[{"id":698,"href":"https:\/\/ganeshadreamstore.centreganesha.com\/store\/wp-json\/wp\/v2\/pages\/697\/revisions\/698"}],"wp:attachment":[{"href":"https:\/\/ganeshadreamstore.centreganesha.com\/store\/wp-json\/wp\/v2\/media?parent=697"}],"curies":[{"name":"wp","href":"https:\/\/api.w.org\/{rel}","templated":true}]}}