{"id":695,"date":"2017-12-26T16:02:49","date_gmt":"2017-12-26T15:02:49","guid":{"rendered":"http:\/\/www.ganeshadreamstore.centreganesha.com\/store\/?page_id=695"},"modified":"2017-12-26T16:02:49","modified_gmt":"2017-12-26T15:02:49","slug":"livraisons","status":"publish","type":"page","link":"https:\/\/ganeshadreamstore.centreganesha.com\/store\/livraisons\/","title":{"rendered":"Livraisons"},"content":{"rendered":"<p>Notre site travaille directement aupr\u00e8s des\u00a0producteurs, c&rsquo;est la raison pour laquelle, nous pouvons vous proposer des tarifs comp\u00e9titifs. Nos fournisseurs sont aux 4 coins du monde et les d\u00e9lais de livraison sont parfois plus longs qu&rsquo;en Europe. Ce d\u00e9lai est le plus souvent d\u00fb aux douanes fran\u00e7aises qui ralentissent tous les produits ext\u00e9rieurs.<\/p>\n<p>D\u00e9lais moyens :<\/p>\n<ul>\n<li>USA : 1 \u00e0 3 semaines.<\/li>\n<li>Reste du monde : 2 \u00e0 7 semaines.<\/li>\n<\/ul>\n","protected":false},"excerpt":{"rendered":"<p>Notre site travaille directement aupr\u00e8s des\u00a0producteurs, c&rsquo;est la raison pour laquelle, nous pouvons vous proposer des tarifs comp\u00e9titifs. Nos fournisseurs sont aux 4 coins du monde et les d\u00e9lais de livraison sont parfois plus longs qu&rsquo;en Europe. Ce d\u00e9lai est le plus souvent d\u00fb aux douanes fran\u00e7aises qui ralentissent tous les produits ext\u00e9rieurs. D\u00e9lais moyens [&hellip;]<\/p>\n","protected":false},"author":1,"featured_media":0,"parent":0,"menu_order":0,"comment_status":"closed","ping_status":"closed","template":"","meta":{"jetpack_post_was_ever_published":false,"footnotes":""},"class_list":["post-695","page","type-page","status-publish","hentry"],"jetpack_sharing_enabled":true,"jetpack_shortlink":"https:\/\/wp.me\/P9vens-bd","jetpack_likes_enabled":true,"jetpack-related-posts":[{"id":701,"url":"https:\/\/ganeshadreamstore.centreganesha.com\/store\/questions-reponses\/","url_meta":{"origin":695,"position":0},"title":"Questions \/ R\u00e9ponses","author":"Centre Ganesha","date":"26 d\u00e9cembre 2017","format":false,"excerpt":"Des questions ? Vous avez des questions ? N'h\u00e9sitez pas \u00e0 nous contacter, notre service commerciale est \u00e0 votre enti\u00e8re disposition ! Nous vous r\u00e9pondrons dans les plus brefs d\u00e9lais (quelques heures au maximum). sav.ganeshadreamstore@centreganesha.com Voici les questions que vous nous posez souvent\u00a0: #1. Quelles sont vos conditions de vente\u2026","rel":"","context":"Article similaire","block_context":{"text":"Article similaire","link":""},"img":{"alt_text":"","src":"","width":0,"height":0},"classes":[]},{"id":689,"url":"https:\/\/ganeshadreamstore.centreganesha.com\/store\/ganesh-pour-les-amoureux-de-ganesh\/","url_meta":{"origin":695,"position":1},"title":"GANESH pour les amoureux de Ganesh","author":"Centre Ganesha","date":"26 d\u00e9cembre 2017","format":false,"excerpt":"Dans l'hindouisme, Ganesh, Ganesha, ou Vinayak ou Ganapati (\"Le Seigneur des troupes de divinit\u00e9s \" ou mieux \" le Seigneur des cat\u00e9gories \"). Il est le dieu de la sagesse, de l'intelligence, de l'\u00e9ducation et de la prudence, le patron des \u00e9coles et des travailleurs du savoir. C'est le dieu\u2026","rel":"","context":"Article similaire","block_context":{"text":"Article similaire","link":""},"img":{"alt_text":"","src":"https:\/\/i0.wp.com\/cdn.shopify.com\/s\/files\/1\/1404\/6015\/files\/Le-symbolisme-des-attributs-de-Ganesh_large.jpg?resize=350%2C200&ssl=1","width":350,"height":200,"srcset":"https:\/\/i0.wp.com\/cdn.shopify.com\/s\/files\/1\/1404\/6015\/files\/Le-symbolisme-des-attributs-de-Ganesh_large.jpg?resize=350%2C200&ssl=1 1x, https:\/\/i0.wp.com\/cdn.shopify.com\/s\/files\/1\/1404\/6015\/files\/Le-symbolisme-des-attributs-de-Ganesh_large.jpg?resize=525%2C300&ssl=1 1.5x"},"classes":[]},{"id":687,"url":"https:\/\/ganeshadreamstore.centreganesha.com\/store\/conditions-de-vente\/","url_meta":{"origin":695,"position":2},"title":"Conditions g\u00e9n\u00e9rales de vente en ligne","author":"Centre Ganesha","date":"26 d\u00e9cembre 2017","format":false,"excerpt":"Conditions g\u00e9n\u00e9rales de vente en ligne Entreprise individuelle : Fran\u00e7oise Adjam Si\u00e8ge social ..Missery-21210 N\u00b0 de t\u00e9l\u00e9phone (0033)627 888 427 ; Adresse du courrier \u00e9lectronique centreganesha@orange.fr Siret : 490 277 944 000 16 N\u00b0 individuel d'identification fiscal : 2510736034017 Conditions g\u00e9n\u00e9rales de vente des produits vendus sur .www.ganeshadreamstore.centreganesha.com\/store Date de\u2026","rel":"","context":"Article similaire","block_context":{"text":"Article similaire","link":""},"img":{"alt_text":"","src":"","width":0,"height":0},"classes":[]},{"id":4,"url":"https:\/\/ganeshadreamstore.centreganesha.com\/store\/","url_meta":{"origin":695,"position":3},"title":"Les Chamaneries de Ganesha Dream Store","author":"Centre Ganesha","date":"22 d\u00e9cembre 2017","format":false,"excerpt":"Une boutique qui donne envie de prendre soin de soi. La sant\u00e9 n'est pas un march\u00e9... l'homme non plus. Cependant apporter son aide \u00e0 chacun pour comprendre et am\u00e9liorer sa sant\u00e9 est un vrai plus. L'homme moderne est d\u00e9connect\u00e9 de sa r\u00e9alit\u00e9 \u00e9nerg\u00e9tique et laisse trop de place \u00e0 des\u2026","rel":"","context":"Article similaire","block_context":{"text":"Article similaire","link":""},"img":{"alt_text":"","src":"","width":0,"height":0},"classes":[]},{"id":703,"url":"https:\/\/ganeshadreamstore.centreganesha.com\/store\/qui-sommes-nous\/","url_meta":{"origin":695,"position":4},"title":"Qui sommes-nous ?","author":"Centre Ganesha","date":"26 d\u00e9cembre 2017","format":false,"excerpt":"Ganesha Dream Store\u00a0 (la boutique du Centre Ganesha) vous pr\u00e9sente dans sa boutique en ligne les produits que j'ai\u00a0 choisi pour vous aider au niveau de votre sant\u00e9 \u00e0 tout niveau. Ces produits souvent li\u00e9s \u00e0 la spiritualit\u00e9, viennent des 4 coins du monde, mais aussi de notre fabrication. C'est\u2026","rel":"","context":"Article similaire","block_context":{"text":"Article similaire","link":""},"img":{"alt_text":"","src":"","width":0,"height":0},"classes":[]},{"id":697,"url":"https:\/\/ganeshadreamstore.centreganesha.com\/store\/politique-de-confidentialite\/","url_meta":{"origin":695,"position":5},"title":"Politique de confidentialit\u00e9","author":"Centre Ganesha","date":"26 d\u00e9cembre 2017","format":false,"excerpt":"Tout comme vous, nous n'aimons pas le spam, ni les sollicitations commerciales non souhait\u00e9es. Nous vous garantissons que vos coordonn\u00e9es ne seront jamais vendues et ne seront utilis\u00e9es que dans les besoins de notre relation commerciale entre nous et vous.","rel":"","context":"Article similaire","block_context":{"text":"Article similaire","link":""},"img":{"alt_text":"","src":"","width":0,"height":0},"classes":[]}],"_links":{"self":[{"href":"https:\/\/ganeshadreamstore.centreganesha.com\/store\/wp-json\/wp\/v2\/pages\/695","targetHints":{"allow":["GET"]}}],"collection":[{"href":"https:\/\/ganeshadreamstore.centreganesha.com\/store\/wp-json\/wp\/v2\/pages"}],"about":[{"href":"https:\/\/ganeshadreamstore.centreganesha.com\/store\/wp-json\/wp\/v2\/types\/page"}],"author":[{"embeddable":true,"href":"https:\/\/ganeshadreamstore.centreganesha.com\/store\/wp-json\/wp\/v2\/users\/1"}],"replies":[{"embeddable":true,"href":"https:\/\/ganeshadreamstore.centreganesha.com\/store\/wp-json\/wp\/v2\/comments?post=695"}],"version-history":[{"count":1,"href":"https:\/\/ganeshadreamstore.centreganesha.com\/store\/wp-json\/wp\/v2\/pages\/695\/revisions"}],"predecessor-version":[{"id":696,"href":"https:\/\/ganeshadreamstore.centreganesha.com\/store\/wp-json\/wp\/v2\/pages\/695\/revisions\/696"}],"wp:attachment":[{"href":"https:\/\/ganeshadreamstore.centreganesha.com\/store\/wp-json\/wp\/v2\/media?parent=695"}],"curies":[{"name":"wp","href":"https:\/\/api.w.org\/{rel}","templated":true}]}}