{"id":687,"date":"2017-12-26T13:40:39","date_gmt":"2017-12-26T12:40:39","guid":{"rendered":"http:\/\/www.ganeshadreamstore.centreganesha.com\/store\/?page_id=687"},"modified":"2026-02-05T11:56:15","modified_gmt":"2026-02-05T10:56:15","slug":"conditions-de-vente","status":"publish","type":"page","link":"https:\/\/ganeshadreamstore.centreganesha.com\/store\/conditions-de-vente\/","title":{"rendered":"Conditions g\u00e9n\u00e9rales de vente en ligne"},"content":{"rendered":"<h1>Conditions g\u00e9n\u00e9rales de vente en ligne<\/h1>\n<p>Entreprise individuelle : Fran\u00e7oise Adjam<\/p>\n<p>Si\u00e8ge social ..Missery-21210<\/p>\n<p>N\u00b0 de t\u00e9l\u00e9phone (0033)627 888 427 ; Adresse du courrier \u00e9lectronique centreganesha@orange.fr<br \/>\nSiret : 490 277 944 000 16<\/p>\n<p>N\u00b0 individuel d&rsquo;identification fiscal : 2510736034017<\/p>\n<p>Conditions g\u00e9n\u00e9rales de vente des produits vendus sur .www.ganeshadreamstore.centreganesha.com\/store<\/p>\n<p>Date de derni\u00e8re mise \u00e0 jour : 30\/04\/2021<\/p>\n<p>Article 1 &#8211; Objet<\/p>\n<p>Les pr\u00e9sentes conditions r\u00e9gissent les ventes par l&rsquo;entreprise de Fran\u00e7oise Adjam &#8211; Missery -21210 de produits commercialisables en droshipping (bijoux, objets usuels, v\u00eatements, mat\u00e9riel de sport etc&#8230;)<\/p>\n<p>Article 2 &#8211; Prix<\/p>\n<p>Les prix de nos produits sont indiqu\u00e9s en euros toutes taxes comprises (TVA et autres taxes applicables au jour de la commande), sauf indication contraire et hors frais de traitement et d&rsquo;exp\u00e9dition.<\/p>\n<p>En cas de commande vers un pays autre que la France m\u00e9tropolitaine vous \u00eates l&rsquo;importateur du ou des produits concern\u00e9s. Des droits de douane ou autres taxes locales ou droits d&rsquo;importation ou taxes d&rsquo;\u00e9tat sont susceptibles d&rsquo;\u00eatre exigibles. Ces droits et sommes ne rel\u00e8vent pas du ressort de l&rsquo;entreprise individuelle Fran\u00e7oise Adjam. Ils seront \u00e0 votre charge et rel\u00e8vent de votre enti\u00e8re responsabilit\u00e9, tant en termes de d\u00e9clarations que de paiements aux autorit\u00e9s et organismes comp\u00e9tents de votre pays. Nous vous conseillons de vous renseigner sur ces aspects aupr\u00e8s de vos autorit\u00e9s locales.<\/p>\n<p>Toutes les commandes quelle que soit leur origine sont payables en euros.<\/p>\n<p>L&rsquo;entreprise individuelle Fran\u00e7oise Adjam se r\u00e9serve le droit de modifier ses prix \u00e0 tout moment, mais le produit sera factur\u00e9 sur la base du tarif en vigueur au moment de la validation de la commande et sous r\u00e9serve de disponibilit\u00e9.<\/p>\n<p>Les produits demeurent la propri\u00e9t\u00e9 de l&rsquo;entreprise individuelle Fran\u00e7oise Adjam jusqu&rsquo;au paiement complet du prix.<\/p>\n<p>Attention : d\u00e8s que vous prenez possession physiquement des produits command\u00e9s, les risques de perte ou d&rsquo;endommagement des produits vous sont transf\u00e9r\u00e9s.<\/p>\n<p>Article 3 &#8211; Commandes<\/p>\n<p>Vous pouvez passer commande :<\/p>\n<ul>\n<li>Sur Internet : ..http:\/\/www.ganeshadreamstore.centreganesha.com\/store<\/li>\n<\/ul>\n<p>Les informations contractuelles sont pr\u00e9sent\u00e9es en langue fran\u00e7aise et feront l&rsquo;objet d&rsquo;une confirmation au plus tard au moment de la validation de votre commande.<\/p>\n<p>L&rsquo;entreprise individuelle Fran\u00e7oise Adjam se r\u00e9serve le droit de ne pas enregistrer un paiement, et de ne pas confirmer une commande pour quelque raison que ce soit, et plus particuli\u00e8rement en cas de probl\u00e8me d&rsquo;approvisionnement, ou en cas de difficult\u00e9 concernant la commande re\u00e7ue.<\/p>\n<p>Article 4 &#8211; Validation de votre commande<\/p>\n<p>Toute commande figurant sur le site Internet http:\/\/www.ganeshadreamstore.centreganesha.com\/store suppose l&rsquo;adh\u00e9sion aux pr\u00e9sentes Conditions G\u00e9n\u00e9rales. Toute confirmation de commande entra\u00eene votre adh\u00e9sion pleine et enti\u00e8re aux pr\u00e9sentes conditions g\u00e9n\u00e9rales de vente, sans exception ni r\u00e9serve.<\/p>\n<p>L&rsquo;ensemble des donn\u00e9es fournies et la confirmation enregistr\u00e9e vaudront preuve de la transaction.<\/p>\n<p>Vous d\u00e9clarez en avoir parfaite connaissance.<\/p>\n<p>La confirmation de commande vaudra signature et acceptation des op\u00e9rations effectu\u00e9es.<\/p>\n<p>Un r\u00e9capitulatif des informations de votre commande et des pr\u00e9sentes Conditions G\u00e9n\u00e9rales, vous sera communiqu\u00e9 en format PDF\u00a0<em>via<\/em><em>\u00a0<\/em>l&rsquo;adresse e-mail de confirmation de votre commande.<\/p>\n<p>Article 5 &#8211; Paiement<\/p>\n<p>Le fait de valider votre commande implique pour vous l&rsquo;obligation de payer le prix indiqu\u00e9.<\/p>\n<p>Le r\u00e8glement de vos achats s&rsquo;effectue par carte bancaire gr\u00e2ce au syst\u00e8me s\u00e9curis\u00e9 install\u00e9 sur le site internet <a href=\"http:\/\/www.ganeshadreamstore.centreganesha.com\/store\">http:\/\/www.ganeshadreamstore.com<\/a><\/p>\n<p>Le d\u00e9bit de la carte s&rsquo;effectue au moment de la commande dans la mesure ou la commande est accept\u00e9e, m\u00eame en cas de livraisons fractionn\u00e9es..<\/p>\n<p>Article 6 &#8211; R\u00e9tractation<\/p>\n<p>Conform\u00e9ment aux dispositions de l&rsquo;article L.121-21 du Code de la Consommation, vous disposez d&rsquo;un d\u00e9lai de r\u00e9tractation de 14 jours \u00e0 compter de la r\u00e9ception de vos produits pour exercer votre droit de r\u00e9traction sans avoir \u00e0 justifier de motifs ni \u00e0 payer de p\u00e9nalit\u00e9.<\/p>\n<p>Les retours, apr\u00e8s accord de l&rsquo;entreprise Fran\u00e7oise Adjam, sont \u00e0 effectuer dans leur \u00e9tat d&rsquo;origine et complets (emballage, accessoires, notice). Dans ce cadre, votre responsabilit\u00e9 est engag\u00e9e. Tout dommage subi par le produit \u00e0 cette occasion peut \u00eatre de nature \u00e0 faire \u00e9chec au droit de r\u00e9tractation.<\/p>\n<p>Les frais de retour sont \u00e0 votre charge.<\/p>\n<p>En cas d&rsquo;exercice du droit de r\u00e9tractation, l&rsquo;entreprise individuelle Fran\u00e7oise Adjam proc\u00e9dera au remboursement des sommes vers\u00e9es, dans un d\u00e9lai de 14 jours suivant la r\u00e9ception de vos produits apr\u00e8s notification de votre demande et\u00a0<em>via<\/em>\u00a0le m\u00eame moyen de paiement que celui utilis\u00e9 lors de la commande.<\/p>\n<p>EXCEPTIONS AU DROIT DE RETRACTATION<\/p>\n<p>Conform\u00e9ment aux dispositions de l&rsquo;article L.121-21-8 du Code de la Consommation, le droit de r\u00e9tractation ne s&rsquo;applique pas \u00e0 :<\/p>\n<ul>\n<li>La fourniture de services pleinement ex\u00e9cut\u00e9s avant la fin du d\u00e9lai de r\u00e9tractation et dont l&rsquo;ex\u00e9cution a commenc\u00e9 apr\u00e8s accord pr\u00e9alable expr\u00e8s du consommateur et renoncement expr\u00e8s \u00e0 son droit de r\u00e9tractation.<\/li>\n<li>La fourniture de biens ou de services dont le prix d\u00e9pend de fluctuations sur le march\u00e9 financier \u00e9chappant au contr\u00f4le du professionnel et susceptibles de se produire pendant le d\u00e9lai de r\u00e9tractation.<\/li>\n<li>La fourniture de biens confectionn\u00e9s selon les sp\u00e9cifications du consommateur ou nettement personnalis\u00e9s.<\/li>\n<li>La fourniture de biens susceptibles de se d\u00e9t\u00e9riorer ou de se p\u00e9rimer rapidement.<\/li>\n<li>La fourniture de biens qui ont \u00e9t\u00e9 descell\u00e9s par le consommateur apr\u00e8s la livraison et qui ne peuvent \u00eatre renvoy\u00e9s pour des raisons d&rsquo;hygi\u00e8ne ou de protection de la sant\u00e9.<\/li>\n<li>La fourniture de biens qui, apr\u00e8s avoir \u00e9t\u00e9 livr\u00e9s et de par leur nature, sont m\u00e9lang\u00e9s de mani\u00e8re indissociable avec d&rsquo;autres articles ;<\/li>\n<li>La fourniture de boissons alcoolis\u00e9es dont la livraison est diff\u00e9r\u00e9e au-del\u00e0 de trente jours et dont la valeur convenue \u00e0 la conclusion du contrat d\u00e9pend de fluctuations sur le march\u00e9 \u00e9chappant au contr\u00f4le du professionnel.<\/li>\n<li>La fourniture d&rsquo;enregistrements audio ou vid\u00e9o ou de logiciels informatiques lorsqu&rsquo;ils ont \u00e9t\u00e9 descell\u00e9s par le consommateur apr\u00e8s la livraison.<\/li>\n<li>La fourniture d&rsquo;un journal, d&rsquo;un p\u00e9riodique ou d&rsquo;un magazine, sauf pour les contrats d&rsquo;abonnement \u00e0 ces publications.<\/li>\n<li>Les transactions conclues lors d&rsquo;une ench\u00e8re publique.<\/li>\n<li>La fourniture d&rsquo;un contenu num\u00e9rique non fourni sur un support mat\u00e9riel dont l&rsquo;ex\u00e9cution a commenc\u00e9 apr\u00e8s accord pr\u00e9alable expr\u00e8s du consommateur et renoncement expr\u00e8s \u00e0 son droit de r\u00e9tractation.<\/li>\n<\/ul>\n<p>Article 7- Disponibilit\u00e9<\/p>\n<p>Nos produits sont propos\u00e9s tant qu&rsquo;ils sont visibles sur le site http:\/\/www.ganeshadreamstore.centreganesha.com\/store et dans la limite des stocks disponibles. Pour les produits non stock\u00e9s, nos offres sont valables sous r\u00e9serve de disponibilit\u00e9 chez nos fournisseurs.<br \/>\nEn cas d&rsquo;indisponibilit\u00e9 de produit apr\u00e8s passation de votre commande, nous vous en informerons par mail. Votre commande sera automatiquement annul\u00e9e et aucun d\u00e9bit bancaire ne sera effectu\u00e9.<\/p>\n<p>En outre, le site Internet .http:\/\/www.ganeshadreamstore.centreganesha.com\/store n&rsquo;a pas vocation \u00e0 vendre ses produits en quantit\u00e9s importantes. Par cons\u00e9quent l&rsquo;entreprise individuelle Fran\u00e7oise Adjam se r\u00e9serve le droit de refuser les commandes de .10 articles identiques.<\/p>\n<p>Article 8 &#8211; Livraison<\/p>\n<p>Les produits sont livr\u00e9s \u00e0 l&rsquo;adresse de livraison indiqu\u00e9e au cours du processus de commande, dans le d\u00e9lai indiqu\u00e9 sur la page de validation de la commande.<\/p>\n<p>En cas de retard d&rsquo;exp\u00e9dition, un mail vous sera adress\u00e9 pour vous informer d&rsquo;une \u00e9ventuelle cons\u00e9quence sur le d\u00e9lai de livraison qui vous a \u00e9t\u00e9 indiqu\u00e9.<\/p>\n<p>Conform\u00e9ment aux dispositions l\u00e9gales, en cas de retard de livraison, vous b\u00e9n\u00e9ficiez de la possibilit\u00e9 d&rsquo;annuler la commande dans les conditions et modalit\u00e9s d\u00e9finies \u00e0 l&rsquo;article L 138-2 du Code de la Consommation. Si entre temps vous recevez le produit nous proc\u00e9derons \u00e0 son remboursement et aux frais d&rsquo;acheminement dans les conditions de l&rsquo;article L 138-3 du Code de la Consommation.<\/p>\n<p>En cas de livraisons par un transporteur, l&rsquo;entreprise individuelle Fran\u00e7oise Adjam ne peut \u00eatre tenue pour responsable de retard de livraison d\u00fb exclusivement \u00e0 une indisponibilit\u00e9 du client apr\u00e8s plusieurs propositions de rendez-vous.<\/p>\n<p>Article 9 &#8211; Garantie<\/p>\n<p>Tous nos produits b\u00e9n\u00e9ficient de la garantie l\u00e9gale de conformit\u00e9 et de la garantie des vices cach\u00e9s, pr\u00e9vues par les articles 1641 et suivants du Code civil. En cas de non-conformit\u00e9 d&rsquo;un produit vendu, il pourra \u00eatre retourn\u00e9, \u00e9chang\u00e9 ou rembours\u00e9.<\/p>\n<p>Toutes les r\u00e9clamations, demandes d&rsquo;\u00e9change ou de remboursement doivent s&rsquo;effectuer par .mail (centreganesha@orange.fr) dans le d\u00e9lai de 30 jours de la livraison.<\/p>\n<p>Les produits doivent nous \u00eatre retourn\u00e9s dans l&rsquo;\u00e9tat dans lequel vous les avez re\u00e7us avec l&rsquo;ensemble des \u00e9l\u00e9ments (accessoires, emballage, notice&#8230;). Les frais d&rsquo;envoi vous seront rembours\u00e9s sur la base du tarif factur\u00e9 et les frais de retour vous seront rembours\u00e9s sur pr\u00e9sentation des justificatifs.<\/p>\n<p>Les dispositions de cet Article ne vous emp\u00eachent pas de b\u00e9n\u00e9ficier du droit de r\u00e9tractation pr\u00e9vu \u00e0 l&rsquo;article 6.<\/p>\n<p>Article 10 &#8211; Responsabilit\u00e9<\/p>\n<p>Les produits propos\u00e9s sont conformes \u00e0 la l\u00e9gislation fran\u00e7aise en vigueur. La responsabilit\u00e9 de l&rsquo;entreprise individuelle Fran\u00e7oise Adjam ne saurait \u00eatre engag\u00e9e en cas de non-respect de la l\u00e9gislation du pays o\u00f9 le produit est livr\u00e9. Il vous appartient de v\u00e9rifier aupr\u00e8s des autorit\u00e9s locales les possibilit\u00e9s d&rsquo;importation ou d&rsquo;utilisation des produits ou services que vous envisagez de commander.<\/p>\n<p>Par ailleurs, l&rsquo;entreprise individuelle Fran\u00e7oise Adjam ne saurait \u00eatre tenue pour responsable des dommages r\u00e9sultant d&rsquo;une mauvaise utilisation du produit achet\u00e9.<\/p>\n<p>Enfin la responsabilit\u00e9 de l&rsquo;entreprise individuelle Fran\u00e7oise Adjam ne saurait \u00eatre engag\u00e9e pour tous les inconv\u00e9nients ou dommages inh\u00e9rents \u00e0 l&rsquo;utilisation du r\u00e9seau Internet, notamment une rupture de service, une intrusion ext\u00e9rieure ou la pr\u00e9sence de virus informatiques.<\/p>\n<p>Article 11 &#8211; Droit applicable en cas de litiges<\/p>\n<p>La langue du pr\u00e9sent contrat est la langue fran\u00e7aise. Les pr\u00e9sentes conditions de vente sont soumises \u00e0 la loi fran\u00e7aise. En cas de litige, les tribunaux fran\u00e7ais seront les seuls comp\u00e9tents.<\/p>\n<p>Article 12 &#8211; Propri\u00e9t\u00e9 intellectuelle<\/p>\n<p>Tous les \u00e9l\u00e9ments du site .http:\/\/www.ganeshadreamstore.centreganesha.com\/store sont et restent la propri\u00e9t\u00e9 intellectuelle et exclusive de l&rsquo;entreprise individuelle Fran\u00e7oise Adjam. Nul n&rsquo;est autoris\u00e9 \u00e0 reproduire, exploiter, rediffuser, ou utiliser \u00e0 quelque titre que ce soit, m\u00eame partiellement, des \u00e9l\u00e9ments du site qu&rsquo;ils soient logiciels, visuels ou sonores. Tout lien simple ou par hypertexte est strictement interdit sans un accord \u00e9crit expr\u00e8s de l&rsquo;entreprise individuelle Fran\u00e7oise Adjam.<\/p>\n<p>Article 13 &#8211; Donn\u00e9es personnelles<\/p>\n<p>L&rsquo;entreprise individuelle Fran\u00e7oise Adjam\u00a0se r\u00e9serve le droit de collecter les informations nominatives et les donn\u00e9es personnelles vous concernant. Elles sont n\u00e9cessaires \u00e0 la gestion de votre commande, ainsi qu&rsquo;\u00e0 l&rsquo;am\u00e9lioration des services et des informations que nous vous adressons.<\/p>\n<p>Elles peuvent aussi \u00eatre transmises aux soci\u00e9t\u00e9s qui contribuent \u00e0 ces relations, telles que celles charg\u00e9es de l&rsquo;ex\u00e9cution des services et commandes pour leur gestion, ex\u00e9cution, traitement et paiement.<\/p>\n<p>Ces informations et donn\u00e9es sont \u00e9galement conserv\u00e9es \u00e0 des fins de s\u00e9curit\u00e9, afin de respecter les obligations l\u00e9gales et r\u00e9glementaires.<\/p>\n<p>Conform\u00e9ment \u00e0 la loi du 6 janvier 1978, vous disposez d&rsquo;un droit d&rsquo;acc\u00e8s, de rectification et d&rsquo;opposition aux informations nominatives et aux donn\u00e9es personnelles vous concernant, directement sur le site Internet.<\/p>\n<p>Les diff\u00e9rents fichiers sont d\u00e9clar\u00e9s \u00e0 la CNIL: d\u00e9claration n\u00b0\u00a01722803 v 0.<\/p>\n<p>Article 14 &#8211; Archivage Preuve<\/p>\n<p>L&rsquo;entreprise individuelle Fran\u00e7oise Adjam\u00a0\u00a0archivera les bons de commandes et les factures sur un support fiable et durable constituant une copie fid\u00e8le conform\u00e9ment aux dispositions de l&rsquo;article 1348 du Code civil.<\/p>\n<p>Les registres informatis\u00e9s de\u00a0l&rsquo;entreprise individuelle Fran\u00e7oise Adjam\u00a0seront consid\u00e9r\u00e9s par toutes les parties concern\u00e9es comme preuve des communications, commandes, paiements et transactions intervenus entre les parties.<\/p>\n","protected":false},"excerpt":{"rendered":"<p>Conditions g\u00e9n\u00e9rales de vente en ligne Entreprise individuelle : Fran\u00e7oise Adjam Si\u00e8ge social ..Missery-21210 N\u00b0 de t\u00e9l\u00e9phone (0033)627 888 427 ; Adresse du courrier \u00e9lectronique centreganesha@orange.fr Siret : 490 277 944 000 16 N\u00b0 individuel d&rsquo;identification fiscal : 2510736034017 Conditions g\u00e9n\u00e9rales de vente des produits vendus sur .www.ganeshadreamstore.centreganesha.com\/store Date de derni\u00e8re mise \u00e0 jour : [&hellip;]<\/p>\n","protected":false},"author":1,"featured_media":0,"parent":0,"menu_order":0,"comment_status":"closed","ping_status":"closed","template":"","meta":{"jetpack_post_was_ever_published":false,"footnotes":""},"class_list":["post-687","page","type-page","status-publish","hentry"],"jetpack_sharing_enabled":true,"jetpack_shortlink":"https:\/\/wp.me\/P9vens-b5","jetpack_likes_enabled":true,"jetpack-related-posts":[{"id":4,"url":"https:\/\/ganeshadreamstore.centreganesha.com\/store\/","url_meta":{"origin":687,"position":0},"title":"Les Chamaneries de Ganesha Dream Store","author":"Centre Ganesha","date":"22 d\u00e9cembre 2017","format":false,"excerpt":"Une boutique qui donne envie de prendre soin de soi. La sant\u00e9 n'est pas un march\u00e9... l'homme non plus. Cependant apporter son aide \u00e0 chacun pour comprendre et am\u00e9liorer sa sant\u00e9 est un vrai plus. L'homme moderne est d\u00e9connect\u00e9 de sa r\u00e9alit\u00e9 \u00e9nerg\u00e9tique et laisse trop de place \u00e0 des\u2026","rel":"","context":"Article similaire","block_context":{"text":"Article similaire","link":""},"img":{"alt_text":"","src":"","width":0,"height":0},"classes":[]},{"id":701,"url":"https:\/\/ganeshadreamstore.centreganesha.com\/store\/questions-reponses\/","url_meta":{"origin":687,"position":1},"title":"Questions \/ R\u00e9ponses","author":"Centre Ganesha","date":"26 d\u00e9cembre 2017","format":false,"excerpt":"Des questions ? Vous avez des questions ? N'h\u00e9sitez pas \u00e0 nous contacter, notre service commerciale est \u00e0 votre enti\u00e8re disposition ! Nous vous r\u00e9pondrons dans les plus brefs d\u00e9lais (quelques heures au maximum). sav.ganeshadreamstore@centreganesha.com Voici les questions que vous nous posez souvent\u00a0: #1. Quelles sont vos conditions de vente\u2026","rel":"","context":"Article similaire","block_context":{"text":"Article similaire","link":""},"img":{"alt_text":"","src":"","width":0,"height":0},"classes":[]},{"id":703,"url":"https:\/\/ganeshadreamstore.centreganesha.com\/store\/qui-sommes-nous\/","url_meta":{"origin":687,"position":2},"title":"Qui sommes-nous ?","author":"Centre Ganesha","date":"26 d\u00e9cembre 2017","format":false,"excerpt":"Ganesha Dream Store\u00a0 (la boutique du Centre Ganesha) vous pr\u00e9sente dans sa boutique en ligne les produits que j'ai\u00a0 choisi pour vous aider au niveau de votre sant\u00e9 \u00e0 tout niveau. Ces produits souvent li\u00e9s \u00e0 la spiritualit\u00e9, viennent des 4 coins du monde, mais aussi de notre fabrication. C'est\u2026","rel":"","context":"Article similaire","block_context":{"text":"Article similaire","link":""},"img":{"alt_text":"","src":"","width":0,"height":0},"classes":[]},{"id":695,"url":"https:\/\/ganeshadreamstore.centreganesha.com\/store\/livraisons\/","url_meta":{"origin":687,"position":3},"title":"Livraisons","author":"Centre Ganesha","date":"26 d\u00e9cembre 2017","format":false,"excerpt":"Notre site travaille directement aupr\u00e8s des\u00a0producteurs, c'est la raison pour laquelle, nous pouvons vous proposer des tarifs comp\u00e9titifs. Nos fournisseurs sont aux 4 coins du monde et les d\u00e9lais de livraison sont parfois plus longs qu'en Europe. Ce d\u00e9lai est le plus souvent d\u00fb aux douanes fran\u00e7aises qui ralentissent tous\u2026","rel":"","context":"Article similaire","block_context":{"text":"Article similaire","link":""},"img":{"alt_text":"","src":"","width":0,"height":0},"classes":[]},{"id":689,"url":"https:\/\/ganeshadreamstore.centreganesha.com\/store\/ganesh-pour-les-amoureux-de-ganesh\/","url_meta":{"origin":687,"position":4},"title":"GANESH pour les amoureux de Ganesh","author":"Centre Ganesha","date":"26 d\u00e9cembre 2017","format":false,"excerpt":"Dans l'hindouisme, Ganesh, Ganesha, ou Vinayak ou Ganapati (\"Le Seigneur des troupes de divinit\u00e9s \" ou mieux \" le Seigneur des cat\u00e9gories \"). Il est le dieu de la sagesse, de l'intelligence, de l'\u00e9ducation et de la prudence, le patron des \u00e9coles et des travailleurs du savoir. C'est le dieu\u2026","rel":"","context":"Article similaire","block_context":{"text":"Article similaire","link":""},"img":{"alt_text":"","src":"https:\/\/i0.wp.com\/cdn.shopify.com\/s\/files\/1\/1404\/6015\/files\/Le-symbolisme-des-attributs-de-Ganesh_large.jpg?resize=350%2C200&ssl=1","width":350,"height":200,"srcset":"https:\/\/i0.wp.com\/cdn.shopify.com\/s\/files\/1\/1404\/6015\/files\/Le-symbolisme-des-attributs-de-Ganesh_large.jpg?resize=350%2C200&ssl=1 1x, https:\/\/i0.wp.com\/cdn.shopify.com\/s\/files\/1\/1404\/6015\/files\/Le-symbolisme-des-attributs-de-Ganesh_large.jpg?resize=525%2C300&ssl=1 1.5x"},"classes":[]},{"id":697,"url":"https:\/\/ganeshadreamstore.centreganesha.com\/store\/politique-de-confidentialite\/","url_meta":{"origin":687,"position":5},"title":"Politique de confidentialit\u00e9","author":"Centre Ganesha","date":"26 d\u00e9cembre 2017","format":false,"excerpt":"Tout comme vous, nous n'aimons pas le spam, ni les sollicitations commerciales non souhait\u00e9es. Nous vous garantissons que vos coordonn\u00e9es ne seront jamais vendues et ne seront utilis\u00e9es que dans les besoins de notre relation commerciale entre nous et vous.","rel":"","context":"Article similaire","block_context":{"text":"Article similaire","link":""},"img":{"alt_text":"","src":"","width":0,"height":0},"classes":[]}],"_links":{"self":[{"href":"https:\/\/ganeshadreamstore.centreganesha.com\/store\/wp-json\/wp\/v2\/pages\/687","targetHints":{"allow":["GET"]}}],"collection":[{"href":"https:\/\/ganeshadreamstore.centreganesha.com\/store\/wp-json\/wp\/v2\/pages"}],"about":[{"href":"https:\/\/ganeshadreamstore.centreganesha.com\/store\/wp-json\/wp\/v2\/types\/page"}],"author":[{"embeddable":true,"href":"https:\/\/ganeshadreamstore.centreganesha.com\/store\/wp-json\/wp\/v2\/users\/1"}],"replies":[{"embeddable":true,"href":"https:\/\/ganeshadreamstore.centreganesha.com\/store\/wp-json\/wp\/v2\/comments?post=687"}],"version-history":[{"count":3,"href":"https:\/\/ganeshadreamstore.centreganesha.com\/store\/wp-json\/wp\/v2\/pages\/687\/revisions"}],"predecessor-version":[{"id":1671,"href":"https:\/\/ganeshadreamstore.centreganesha.com\/store\/wp-json\/wp\/v2\/pages\/687\/revisions\/1671"}],"wp:attachment":[{"href":"https:\/\/ganeshadreamstore.centreganesha.com\/store\/wp-json\/wp\/v2\/media?parent=687"}],"curies":[{"name":"wp","href":"https:\/\/api.w.org\/{rel}","templated":true}]}}