{"id":5,"date":"2017-12-22T18:17:14","date_gmt":"2017-12-22T17:17:14","guid":{"rendered":"http:\/\/www.ganeshadreamstore.centreganesha.com\/store\/panier\/"},"modified":"2017-12-22T18:17:14","modified_gmt":"2017-12-22T17:17:14","slug":"panier","status":"publish","type":"page","link":"https:\/\/ganeshadreamstore.centreganesha.com\/store\/panier\/","title":{"rendered":"Panier"},"content":{"rendered":"\n","protected":false},"excerpt":{"rendered":"","protected":false},"author":1,"featured_media":0,"parent":0,"menu_order":0,"comment_status":"closed","ping_status":"closed","template":"","meta":{"jetpack_post_was_ever_published":false,"footnotes":""},"class_list":["post-5","page","type-page","status-publish","hentry"],"jetpack_sharing_enabled":true,"jetpack_shortlink":"https:\/\/wp.me\/P9vens-5","jetpack_likes_enabled":true,"jetpack-related-posts":[{"id":701,"url":"https:\/\/ganeshadreamstore.centreganesha.com\/store\/questions-reponses\/","url_meta":{"origin":5,"position":0},"title":"Questions \/ R\u00e9ponses","author":"Centre Ganesha","date":"26 d\u00e9cembre 2017","format":false,"excerpt":"Des questions ? Vous avez des questions ? N'h\u00e9sitez pas \u00e0 nous contacter, notre service commerciale est \u00e0 votre enti\u00e8re disposition ! Nous vous r\u00e9pondrons dans les plus brefs d\u00e9lais (quelques heures au maximum). sav.ganeshadreamstore@centreganesha.com Voici les questions que vous nous posez souvent\u00a0: #1. Quelles sont vos conditions de vente\u2026","rel":"","context":"Article similaire","block_context":{"text":"Article similaire","link":""},"img":{"alt_text":"","src":"","width":0,"height":0},"classes":[]}],"_links":{"self":[{"href":"https:\/\/ganeshadreamstore.centreganesha.com\/store\/wp-json\/wp\/v2\/pages\/5","targetHints":{"allow":["GET"]}}],"collection":[{"href":"https:\/\/ganeshadreamstore.centreganesha.com\/store\/wp-json\/wp\/v2\/pages"}],"about":[{"href":"https:\/\/ganeshadreamstore.centreganesha.com\/store\/wp-json\/wp\/v2\/types\/page"}],"author":[{"embeddable":true,"href":"https:\/\/ganeshadreamstore.centreganesha.com\/store\/wp-json\/wp\/v2\/users\/1"}],"replies":[{"embeddable":true,"href":"https:\/\/ganeshadreamstore.centreganesha.com\/store\/wp-json\/wp\/v2\/comments?post=5"}],"version-history":[{"count":0,"href":"https:\/\/ganeshadreamstore.centreganesha.com\/store\/wp-json\/wp\/v2\/pages\/5\/revisions"}],"wp:attachment":[{"href":"https:\/\/ganeshadreamstore.centreganesha.com\/store\/wp-json\/wp\/v2\/media?parent=5"}],"curies":[{"name":"wp","href":"https:\/\/api.w.org\/{rel}","templated":true}]}}